{"id":254601,"date":"2026-05-12T15:59:53","date_gmt":"2026-05-12T14:59:53","guid":{"rendered":"https:\/\/www.delicias-uk.com\/?post_type=product&#038;p=254601"},"modified":"2026-05-12T16:05:00","modified_gmt":"2026-05-12T15:05:00","slug":"maquina-de-cafe-delta-q-iconiq-preta","status":"publish","type":"product","link":"https:\/\/www.delicias-uk.com\/pt-pt\/produto\/maquina-de-cafe-delta-q-iconiq-preta\/","title":{"rendered":"Maquina de Caf\u00e9 Delta Q Iconiq Preta"},"content":{"rendered":"<p data-start=\"1484\" data-end=\"1796\">Descubra o universo moderno e sofisticado da Delta Q Iconiq Black UK \u2014 uma m\u00e1quina de c\u00e1psulas que alia design elegante a uma experi\u00eancia de caf\u00e9 premium. Com o seu acabamento preto sofisticado e linhas minimalistas, a Iconiq acrescenta um toque contempor\u00e2neo e distinto a qualquer cozinha ou espa\u00e7o de trabalho.<\/p>\n<p data-start=\"1798\" data-end=\"2066\">Por tr\u00e1s do seu design compacto encontra-se uma tecnologia potente. Com uma press\u00e3o de 19 bares, a Iconiq extrai toda a riqueza arom\u00e1tica das c\u00e1psulas Delta Q, proporcionando um espresso intenso, equilibrado e com uma crema dourada perfeita \u2014 como num caf\u00e9 de barista.<\/p>\n<p data-start=\"2068\" data-end=\"2256\">Gra\u00e7as aos seus 1.200 W de pot\u00eancia e ao sistema de aquecimento ultrarr\u00e1pido, o caf\u00e9 fica pronto em apenas alguns segundos, ideal para rotinas aceleradas ou pausas r\u00e1pidas ao longo do dia.<\/p>\n<p data-start=\"2258\" data-end=\"2303\">Pensada para o conforto do dia a dia, inclui:<\/p>\n<ul data-start=\"2304\" data-end=\"2411\">\n<li data-section-id=\"ttaaxd\" data-start=\"2304\" data-end=\"2331\">Dep\u00f3sito de \u00e1gua de 0,8 L<\/li>\n<li data-section-id=\"z8ovvr\" data-start=\"2332\" data-end=\"2370\">Reservat\u00f3rio para 10 c\u00e1psulas usadas<\/li>\n<li data-section-id=\"u40pq8\" data-start=\"2371\" data-end=\"2411\">Design compacto e leve (apenas 3,7 kg)<\/li>\n<\/ul>\n<p data-start=\"2413\" data-end=\"2486\">O ecr\u00e3 t\u00e1til intuitivo torna a utiliza\u00e7\u00e3o ainda mais simples, permitindo:<\/p>\n<ul data-start=\"2487\" data-end=\"2594\">\n<li data-section-id=\"zj5nan\" data-start=\"2487\" data-end=\"2514\">ajustar o volume do caf\u00e9,<\/li>\n<li data-section-id=\"1ltv4qj\" data-start=\"2515\" data-end=\"2544\">personalizar a intensidade,<\/li>\n<li data-section-id=\"k330fa\" data-start=\"2545\" data-end=\"2594\">e selecionar diferentes bebidas com facilidade.<\/li>\n<\/ul>\n<p data-start=\"2596\" data-end=\"2706\" data-is-last-node=\"\" data-is-only-node=\"\">Elegante, pr\u00e1tica e moderna, a Delta Q Iconiq Black UK transforma cada momento de caf\u00e9 numa experi\u00eancia \u00fanica.<\/p>\n","protected":false},"excerpt":{"rendered":"<ul data-start=\"2304\" data-end=\"2411\">\n<li data-section-id=\"ttaaxd\" data-start=\"2304\" data-end=\"2331\">Dep\u00f3sito de \u00e1gua de 0,8 L<\/li>\n<li data-section-id=\"z8ovvr\" data-start=\"2332\" data-end=\"2370\">Reservat\u00f3rio para 10 c\u00e1psulas usadas<\/li>\n<li data-section-id=\"u40pq8\" data-start=\"2371\" data-end=\"2411\">Design compacto e leve (apenas 3,7 kg)<\/li>\n<li data-section-id=\"zj5nan\" data-start=\"2487\" data-end=\"2514\">ajustar o volume do caf\u00e9<\/li>\n<li data-section-id=\"1ltv4qj\" data-start=\"2515\" data-end=\"2544\">personalizar a intensidade<\/li>\n<li data-section-id=\"k330fa\" data-start=\"2545\" data-end=\"2594\">e selecionar diferentes bebidas com facilidade<\/li>\n<\/ul>\n","protected":false},"author":43538,"featured_media":254604,"comment_status":"open","ping_status":"closed","template":"","meta":[],"pwb-brand":[],"product_brand":[],"product_cat":[8289,8291,8351,9465,8441],"product_tag":[],"class_list":{"0":"post-254601","1":"product","2":"type-product","3":"status-publish","4":"has-post-thumbnail","6":"product_cat-inicio","7":"product_cat-produtos-portugueses","8":"product_cat-cafe-cha-acucar","9":"product_cat-maquina-de-cafe","10":"product_cat-utensilios-de-cozinha-pt-pt","12":"first","13":"instock","14":"taxable","15":"shipping-taxable","16":"purchasable","17":"product-type-simple"},"aioseo_notices":[],"brands":[],"_links":{"self":[{"href":"https:\/\/www.delicias-uk.com\/pt-pt\/wp-json\/wp\/v2\/product\/254601","targetHints":{"allow":["GET"]}}],"collection":[{"href":"https:\/\/www.delicias-uk.com\/pt-pt\/wp-json\/wp\/v2\/product"}],"about":[{"href":"https:\/\/www.delicias-uk.com\/pt-pt\/wp-json\/wp\/v2\/types\/product"}],"author":[{"embeddable":true,"href":"https:\/\/www.delicias-uk.com\/pt-pt\/wp-json\/wp\/v2\/users\/43538"}],"replies":[{"embeddable":true,"href":"https:\/\/www.delicias-uk.com\/pt-pt\/wp-json\/wp\/v2\/comments?post=254601"}],"wp:featuredmedia":[{"embeddable":true,"href":"https:\/\/www.delicias-uk.com\/pt-pt\/wp-json\/wp\/v2\/media\/254604"}],"wp:attachment":[{"href":"https:\/\/www.delicias-uk.com\/pt-pt\/wp-json\/wp\/v2\/media?parent=254601"}],"wp:term":[{"taxonomy":"pwb-brand","embeddable":true,"href":"https:\/\/www.delicias-uk.com\/pt-pt\/wp-json\/wp\/v2\/pwb-brand?post=254601"},{"taxonomy":"product_brand","embeddable":true,"href":"https:\/\/www.delicias-uk.com\/pt-pt\/wp-json\/wp\/v2\/product_brand?post=254601"},{"taxonomy":"product_cat","embeddable":true,"href":"https:\/\/www.delicias-uk.com\/pt-pt\/wp-json\/wp\/v2\/product_cat?post=254601"},{"taxonomy":"product_tag","embeddable":true,"href":"https:\/\/www.delicias-uk.com\/pt-pt\/wp-json\/wp\/v2\/product_tag?post=254601"}],"curies":[{"name":"wp","href":"https:\/\/api.w.org\/{rel}","templated":true}]}}