{"id":254572,"date":"2026-05-12T12:19:10","date_gmt":"2026-05-12T11:19:10","guid":{"rendered":"https:\/\/www.delicias-uk.com\/?post_type=product&#038;p=254572"},"modified":"2026-05-12T12:25:23","modified_gmt":"2026-05-12T11:25:23","slug":"maquina-de-cafe-delta-q-miniqool-coffee-machine-cinza","status":"publish","type":"product","link":"https:\/\/www.delicias-uk.com\/pt-pt\/produto\/maquina-de-cafe-delta-q-miniqool-coffee-machine-cinza\/","title":{"rendered":"Maquina de Caf\u00e9 Delta Q miniQool Coffee Machine Cinza"},"content":{"rendered":"<p data-start=\"88\" data-end=\"388\">Descubra a nova\u00a0<strong data-start=\"104\" data-end=\"124\">Delta Q miniQool<\/strong>, a m\u00e1quina de caf\u00e9 expresso que combina design compacto, praticidade e performance excecional para o dia a dia. Pequena no tamanho, mas grande nas funcionalidades, \u00e9 a escolha ideal para quem procura rapidez, simplicidade e caf\u00e9 sempre fresco em qualquer momento.<\/p>\n<p data-start=\"390\" data-end=\"640\">Com um design moderno e intuitivo, a miniQool adapta-se facilmente a diferentes espa\u00e7os, desde cozinhas e escrit\u00f3rios at\u00e9 \u00e1reas de conv\u00edvio. Dispon\u00edvel em tr\u00eas cores vibrantes \u2014 amarelo, vermelho e cinzento \u2014 traz personalidade e estilo \u00e0 sua rotina.<\/p>\n<p data-start=\"642\" data-end=\"900\">Os bot\u00f5es program\u00e1veis permitem personalizar facilmente o volume do seu expresso, ch\u00e1 ou infus\u00e3o, garantindo uma experi\u00eancia ajustada ao seu gosto. A bandeja ajust\u00e1vel possibilita preparar desde o expresso perfeito at\u00e9 bebidas mais longas com total conforto.<\/p>\n<p data-start=\"902\" data-end=\"1029\">Compat\u00edvel com c\u00e1psulas Delta Q, esta m\u00e1quina oferece elevada press\u00e3o de 19 Bar para uma extra\u00e7\u00e3o intensa, cremosa e arom\u00e1tica.<\/p>\n<h3 data-section-id=\"4wudpb\" data-start=\"1031\" data-end=\"1055\">Destaques do Produto<\/h3>\n<ul data-start=\"1056\" data-end=\"1394\">\n<li data-section-id=\"ngtosn\" data-start=\"1056\" data-end=\"1085\">Design compacto e moderno<\/li>\n<li data-section-id=\"81a12d\" data-start=\"1086\" data-end=\"1121\">Ideal para caf\u00e9, ch\u00e1 e infus\u00f5es<\/li>\n<li data-section-id=\"w68uld\" data-start=\"1122\" data-end=\"1175\">Bot\u00f5es program\u00e1veis para personaliza\u00e7\u00e3o da bebida<\/li>\n<li data-section-id=\"c63o73\" data-start=\"1176\" data-end=\"1232\">Bandeja ajust\u00e1vel para caf\u00e9s curtos e bebidas longas<\/li>\n<li data-section-id=\"1gh04f0\" data-start=\"1233\" data-end=\"1268\">Compat\u00edvel com c\u00e1psulas Delta Q<\/li>\n<li data-section-id=\"awwouj\" data-start=\"1269\" data-end=\"1303\">Extra\u00e7\u00e3o com press\u00e3o de 19 Bar<\/li>\n<li data-section-id=\"1ojzae9\" data-start=\"1304\" data-end=\"1350\">Dispon\u00edvel em amarelo, vermelho e cinzento<\/li>\n<li data-section-id=\"10m2kgj\" data-start=\"1351\" data-end=\"1394\">Sistema simples e intuitivo de utiliza\u00e7\u00e3o<\/li>\n<\/ul>\n<h3 data-section-id=\"nc7p7y\" data-start=\"1396\" data-end=\"1423\">Especifica\u00e7\u00f5es T\u00e9cnicas<\/h3>\n<ul data-start=\"1424\" data-end=\"1697\">\n<li data-section-id=\"1hw32ly\" data-start=\"1424\" data-end=\"1461\">Compatibilidade: C\u00e1psulas Delta Q<\/li>\n<li data-section-id=\"1g8abi8\" data-start=\"1462\" data-end=\"1481\">Press\u00e3o: 19 Bar<\/li>\n<li data-section-id=\"twxciq\" data-start=\"1482\" data-end=\"1502\">Pot\u00eancia: 1200 W<\/li>\n<li data-section-id=\"4u0qmy\" data-start=\"1503\" data-end=\"1522\">Voltagem: 230 V<\/li>\n<li data-section-id=\"1chkibj\" data-start=\"1523\" data-end=\"1544\">Frequ\u00eancia: 50 Hz<\/li>\n<li data-section-id=\"179k94k\" data-start=\"1545\" data-end=\"1606\">Capacidade do reservat\u00f3rio de c\u00e1psulas usadas: 7 c\u00e1psulas<\/li>\n<li data-section-id=\"18j4mno\" data-start=\"1607\" data-end=\"1647\">Sistema de eje\u00e7\u00e3o: Manual (man\u00edpulo)<\/li>\n<li data-section-id=\"1ihdwbz\" data-start=\"1648\" data-end=\"1684\">Dimens\u00f5es: 358,5 x 95 x 260,5 mm<\/li>\n<li data-section-id=\"10aqa8y\" data-start=\"1685\" data-end=\"1697\">Peso: 5 kg<\/li>\n<\/ul>\n","protected":false},"excerpt":{"rendered":"<ul data-start=\"1056\" data-end=\"1394\">\n<li data-section-id=\"ngtosn\" data-start=\"1056\" data-end=\"1085\">Design compacto e moderno<\/li>\n<li data-section-id=\"81a12d\" data-start=\"1086\" data-end=\"1121\">Ideal para caf\u00e9, ch\u00e1 e infus\u00f5es<\/li>\n<li data-section-id=\"w68uld\" data-start=\"1122\" data-end=\"1175\">Bot\u00f5es program\u00e1veis para personaliza\u00e7\u00e3o da bebida<\/li>\n<li data-section-id=\"c63o73\" data-start=\"1176\" data-end=\"1232\">Bandeja ajust\u00e1vel para caf\u00e9s curtos e bebidas longas<\/li>\n<li data-section-id=\"1gh04f0\" data-start=\"1233\" data-end=\"1268\">Compat\u00edvel com c\u00e1psulas Delta Q<\/li>\n<li data-section-id=\"awwouj\" data-start=\"1269\" data-end=\"1303\">Extra\u00e7\u00e3o com press\u00e3o de 19 Bar<\/li>\n<li data-section-id=\"1ojzae9\" data-start=\"1304\" data-end=\"1350\">Dispon\u00edvel em amarelo, vermelho e cinzento<\/li>\n<li data-section-id=\"10m2kgj\" data-start=\"1351\" data-end=\"1394\">Sistema simples e intuitivo de utiliza\u00e7\u00e3o<\/li>\n<\/ul>\n","protected":false},"author":43538,"featured_media":254576,"comment_status":"open","ping_status":"closed","template":"","meta":[],"pwb-brand":[],"product_brand":[],"product_cat":[8289,8291,8441],"product_tag":[],"class_list":{"0":"post-254572","1":"product","2":"type-product","3":"status-publish","4":"has-post-thumbnail","6":"product_cat-inicio","7":"product_cat-produtos-portugueses","8":"product_cat-utensilios-de-cozinha-pt-pt","10":"first","11":"instock","12":"taxable","13":"shipping-taxable","14":"purchasable","15":"product-type-simple"},"aioseo_notices":[],"brands":[],"_links":{"self":[{"href":"https:\/\/www.delicias-uk.com\/pt-pt\/wp-json\/wp\/v2\/product\/254572","targetHints":{"allow":["GET"]}}],"collection":[{"href":"https:\/\/www.delicias-uk.com\/pt-pt\/wp-json\/wp\/v2\/product"}],"about":[{"href":"https:\/\/www.delicias-uk.com\/pt-pt\/wp-json\/wp\/v2\/types\/product"}],"author":[{"embeddable":true,"href":"https:\/\/www.delicias-uk.com\/pt-pt\/wp-json\/wp\/v2\/users\/43538"}],"replies":[{"embeddable":true,"href":"https:\/\/www.delicias-uk.com\/pt-pt\/wp-json\/wp\/v2\/comments?post=254572"}],"wp:featuredmedia":[{"embeddable":true,"href":"https:\/\/www.delicias-uk.com\/pt-pt\/wp-json\/wp\/v2\/media\/254576"}],"wp:attachment":[{"href":"https:\/\/www.delicias-uk.com\/pt-pt\/wp-json\/wp\/v2\/media?parent=254572"}],"wp:term":[{"taxonomy":"pwb-brand","embeddable":true,"href":"https:\/\/www.delicias-uk.com\/pt-pt\/wp-json\/wp\/v2\/pwb-brand?post=254572"},{"taxonomy":"product_brand","embeddable":true,"href":"https:\/\/www.delicias-uk.com\/pt-pt\/wp-json\/wp\/v2\/product_brand?post=254572"},{"taxonomy":"product_cat","embeddable":true,"href":"https:\/\/www.delicias-uk.com\/pt-pt\/wp-json\/wp\/v2\/product_cat?post=254572"},{"taxonomy":"product_tag","embeddable":true,"href":"https:\/\/www.delicias-uk.com\/pt-pt\/wp-json\/wp\/v2\/product_tag?post=254572"}],"curies":[{"name":"wp","href":"https:\/\/api.w.org\/{rel}","templated":true}]}}