{"id":254563,"date":"2026-05-12T11:22:49","date_gmt":"2026-05-12T10:22:49","guid":{"rendered":"https:\/\/www.delicias-uk.com\/?post_type=product&#038;p=254563"},"modified":"2026-05-12T11:37:55","modified_gmt":"2026-05-12T10:37:55","slug":"moscatel-do-douro-adega-de-favaios-10-anos-com-caixa-individual-75cl","status":"publish","type":"product","link":"https:\/\/www.delicias-uk.com\/pt-pt\/produto\/moscatel-do-douro-adega-de-favaios-10-anos-com-caixa-individual-75cl\/","title":{"rendered":"Moscatel do Douro Adega de Favaios 10 Anos com Caixa Individual 75cl"},"content":{"rendered":"<p data-start=\"107\" data-end=\"404\">Elegante, intenso e sofisticado, o Moscatel do Douro Adega de Favaios 10 Anos resulta de um cuidadoso envelhecimento em madeira, revelando toda a riqueza e tradi\u00e7\u00e3o dos grandes moscat\u00e9is portugueses. Apresentado em caixa individual premium, \u00e9 uma excelente op\u00e7\u00e3o para oferta ou momentos especiais.<\/p>\n<p data-start=\"406\" data-end=\"625\">Com uma cor \u00e2mbar profunda e aromas complexos de frutos secos, mel, casca de laranja cristalizada, figos e especiarias suaves, este moscatel destaca-se pela harmonia entre do\u00e7ura, frescura e um final longo e envolvente.<\/p>\n<p data-start=\"627\" data-end=\"833\">Na boca apresenta textura aveludada e um perfil arom\u00e1tico intenso, ideal para acompanhar sobremesas, chocolates, frutos secos, queijos intensos ou simplesmente para degustar sozinho como vinho de medita\u00e7\u00e3o.<\/p>\n<p data-start=\"835\" data-end=\"983\">Produzido na regi\u00e3o do Douro pela hist\u00f3rica Adega de Favaios, este Moscatel 10 Anos expressa autenticidade, tradi\u00e7\u00e3o e excel\u00eancia v\u00ednica portuguesa.<\/p>\n<p data-start=\"985\" data-end=\"1007\"><strong data-start=\"985\" data-end=\"1005\">Caracter\u00edsticas:<\/strong><\/p>\n<ul data-start=\"1008\" data-end=\"1268\">\n<li data-section-id=\"1b3sys\" data-start=\"1008\" data-end=\"1049\">Moscatel do Douro envelhecido 10 anos<\/li>\n<li data-section-id=\"54wx3\" data-start=\"1050\" data-end=\"1079\">Aroma complexo e elegante<\/li>\n<li data-section-id=\"9f8w9e\" data-start=\"1080\" data-end=\"1131\">Notas de mel, frutos secos e fruta cristalizada<\/li>\n<li data-section-id=\"1llgfv4\" data-start=\"1132\" data-end=\"1161\">Final longo e sofisticado<\/li>\n<li data-section-id=\"1a0lkh2\" data-start=\"1162\" data-end=\"1217\">Ideal para sobremesas, queijos e momentos especiais<\/li>\n<li data-section-id=\"1ruuvcs\" data-start=\"1218\" data-end=\"1253\">Inclui caixa individual premium<\/li>\n<li data-section-id=\"44sj8l\" data-start=\"1254\" data-end=\"1268\">Garrafa 75cl<\/li>\n<\/ul>\n","protected":false},"excerpt":{"rendered":"<ul data-start=\"1008\" data-end=\"1268\">\n<li data-section-id=\"1b3sys\" data-start=\"1008\" data-end=\"1049\">Moscatel do Douro envelhecido 10 anos<\/li>\n<li data-section-id=\"54wx3\" data-start=\"1050\" data-end=\"1079\">Aroma complexo e elegante<\/li>\n<li data-section-id=\"9f8w9e\" data-start=\"1080\" data-end=\"1131\">Notas de mel, frutos secos e fruta cristalizada<\/li>\n<li data-section-id=\"1llgfv4\" data-start=\"1132\" data-end=\"1161\">Final longo e sofisticado<\/li>\n<li data-section-id=\"1a0lkh2\" data-start=\"1162\" data-end=\"1217\">Ideal para sobremesas, queijos e momentos especiais<\/li>\n<li data-section-id=\"1ruuvcs\" data-start=\"1218\" data-end=\"1253\">Inclui caixa individual premium<\/li>\n<li data-section-id=\"44sj8l\" data-start=\"1254\" data-end=\"1268\">Garrafa 75cl<\/li>\n<\/ul>\n","protected":false},"author":43538,"featured_media":254562,"comment_status":"closed","ping_status":"closed","template":"","meta":[],"pwb-brand":[],"product_brand":[],"product_cat":[8291,8431,8627],"product_tag":[],"class_list":{"0":"post-254563","1":"product","2":"type-product","3":"status-publish","4":"has-post-thumbnail","6":"product_cat-produtos-portugueses","7":"product_cat-vinhos-pt-pt","8":"product_cat-moscatel","10":"first","11":"instock","12":"taxable","13":"shipping-taxable","14":"purchasable","15":"product-type-simple"},"aioseo_notices":[],"brands":[],"_links":{"self":[{"href":"https:\/\/www.delicias-uk.com\/pt-pt\/wp-json\/wp\/v2\/product\/254563","targetHints":{"allow":["GET"]}}],"collection":[{"href":"https:\/\/www.delicias-uk.com\/pt-pt\/wp-json\/wp\/v2\/product"}],"about":[{"href":"https:\/\/www.delicias-uk.com\/pt-pt\/wp-json\/wp\/v2\/types\/product"}],"author":[{"embeddable":true,"href":"https:\/\/www.delicias-uk.com\/pt-pt\/wp-json\/wp\/v2\/users\/43538"}],"replies":[{"embeddable":true,"href":"https:\/\/www.delicias-uk.com\/pt-pt\/wp-json\/wp\/v2\/comments?post=254563"}],"wp:featuredmedia":[{"embeddable":true,"href":"https:\/\/www.delicias-uk.com\/pt-pt\/wp-json\/wp\/v2\/media\/254562"}],"wp:attachment":[{"href":"https:\/\/www.delicias-uk.com\/pt-pt\/wp-json\/wp\/v2\/media?parent=254563"}],"wp:term":[{"taxonomy":"pwb-brand","embeddable":true,"href":"https:\/\/www.delicias-uk.com\/pt-pt\/wp-json\/wp\/v2\/pwb-brand?post=254563"},{"taxonomy":"product_brand","embeddable":true,"href":"https:\/\/www.delicias-uk.com\/pt-pt\/wp-json\/wp\/v2\/product_brand?post=254563"},{"taxonomy":"product_cat","embeddable":true,"href":"https:\/\/www.delicias-uk.com\/pt-pt\/wp-json\/wp\/v2\/product_cat?post=254563"},{"taxonomy":"product_tag","embeddable":true,"href":"https:\/\/www.delicias-uk.com\/pt-pt\/wp-json\/wp\/v2\/product_tag?post=254563"}],"curies":[{"name":"wp","href":"https:\/\/api.w.org\/{rel}","templated":true}]}}