{"id":254549,"date":"2026-05-12T10:45:25","date_gmt":"2026-05-12T09:45:25","guid":{"rendered":"https:\/\/www.delicias-uk.com\/?post_type=product&#038;p=254549"},"modified":"2026-05-12T10:59:34","modified_gmt":"2026-05-12T09:59:34","slug":"tremocos-macarico-com-piri-piri-240g","status":"publish","type":"product","link":"https:\/\/www.delicias-uk.com\/pt-pt\/produto\/tremocos-macarico-com-piri-piri-240g\/","title":{"rendered":"Tremo\u00e7os Ma\u00e7arico com Piri-Piri 240g"},"content":{"rendered":"<p data-start=\"69\" data-end=\"360\">Para quem aprecia sabores intensos e um toque picante, os Tremo\u00e7os Ma\u00e7arico com Piri-Piri s\u00e3o a escolha perfeita. Produzidos com tremo\u00e7os selecionados de elevada qualidade e envolvidos em azeite arom\u00e1tico com piri-piri, oferecem uma combina\u00e7\u00e3o equilibrada entre sabor, textura e intensidade.<\/p>\n<p data-start=\"362\" data-end=\"598\">Prontos a consumir, s\u00e3o ideais para servir como aperitivo, petisco ou acompanhamento em momentos de conv\u00edvio. O toque picante do piri-piri real\u00e7a o sabor tradicional dos tremo\u00e7os, proporcionando uma experi\u00eancia aut\u00eantica e irresist\u00edvel.<\/p>\n<p data-start=\"600\" data-end=\"690\">Perfeitos para acompanhar bebidas, t\u00e1buas de aperitivos, saladas ou snacks mediterr\u00e2nicos.<\/p>\n<p data-start=\"692\" data-end=\"719\"><strong data-start=\"692\" data-end=\"717\">Destaques do Produto:<\/strong><\/p>\n<ul data-start=\"720\" data-end=\"937\">\n<li data-section-id=\"1d6ti2q\" data-start=\"720\" data-end=\"763\">Tremo\u00e7os selecionados de alta qualidade<\/li>\n<li data-section-id=\"ajjpph\" data-start=\"764\" data-end=\"801\">Temperados com piri-piri e azeite<\/li>\n<li data-section-id=\"9cpvwq\" data-start=\"802\" data-end=\"842\">Sabor intenso e ligeiramente picante<\/li>\n<li data-section-id=\"1r7ggls\" data-start=\"843\" data-end=\"865\">Prontos a consumir<\/li>\n<li data-section-id=\"uka42o\" data-start=\"866\" data-end=\"903\">Ideais para aperitivos e petiscos<\/li>\n<li data-section-id=\"dt0cjv\" data-start=\"904\" data-end=\"937\">Embalagem pr\u00e1tica de vidro 240g<\/li>\n<\/ul>\n","protected":false},"excerpt":{"rendered":"<ul data-start=\"827\" data-end=\"1055\">\n<li data-section-id=\"1d6ti2q\" data-start=\"720\" data-end=\"763\">Tremo\u00e7os selecionados de alta qualidade<\/li>\n<li data-section-id=\"ajjpph\" data-start=\"764\" data-end=\"801\">Temperados com piri-piri e azeite<\/li>\n<li data-section-id=\"9cpvwq\" data-start=\"802\" data-end=\"842\">Sabor intenso e ligeiramente picante<\/li>\n<li data-section-id=\"1r7ggls\" data-start=\"843\" data-end=\"865\">Prontos a consumir<\/li>\n<li data-section-id=\"uka42o\" data-start=\"866\" data-end=\"903\">Ideais para aperitivos e petiscos<\/li>\n<li data-section-id=\"dt0cjv\" data-start=\"904\" data-end=\"937\">Embalagem pr\u00e1tica de vidro 240g<\/li>\n<li data-section-id=\"1d6ti2q\" data-start=\"827\" data-end=\"870\"><\/li>\n<\/ul>\n","protected":false},"author":43538,"featured_media":254551,"comment_status":"closed","ping_status":"closed","template":"","meta":[],"pwb-brand":[],"product_brand":[],"product_cat":[8291,8395,8481,8785],"product_tag":[],"class_list":{"0":"post-254549","1":"product","2":"type-product","3":"status-publish","4":"has-post-thumbnail","6":"product_cat-produtos-portugueses","7":"product_cat-mercearia","8":"product_cat-feijao","9":"product_cat-tremocos-pt-pt","11":"first","12":"instock","13":"taxable","14":"shipping-taxable","15":"purchasable","16":"product-type-simple"},"aioseo_notices":[],"brands":[],"_links":{"self":[{"href":"https:\/\/www.delicias-uk.com\/pt-pt\/wp-json\/wp\/v2\/product\/254549","targetHints":{"allow":["GET"]}}],"collection":[{"href":"https:\/\/www.delicias-uk.com\/pt-pt\/wp-json\/wp\/v2\/product"}],"about":[{"href":"https:\/\/www.delicias-uk.com\/pt-pt\/wp-json\/wp\/v2\/types\/product"}],"author":[{"embeddable":true,"href":"https:\/\/www.delicias-uk.com\/pt-pt\/wp-json\/wp\/v2\/users\/43538"}],"replies":[{"embeddable":true,"href":"https:\/\/www.delicias-uk.com\/pt-pt\/wp-json\/wp\/v2\/comments?post=254549"}],"wp:featuredmedia":[{"embeddable":true,"href":"https:\/\/www.delicias-uk.com\/pt-pt\/wp-json\/wp\/v2\/media\/254551"}],"wp:attachment":[{"href":"https:\/\/www.delicias-uk.com\/pt-pt\/wp-json\/wp\/v2\/media?parent=254549"}],"wp:term":[{"taxonomy":"pwb-brand","embeddable":true,"href":"https:\/\/www.delicias-uk.com\/pt-pt\/wp-json\/wp\/v2\/pwb-brand?post=254549"},{"taxonomy":"product_brand","embeddable":true,"href":"https:\/\/www.delicias-uk.com\/pt-pt\/wp-json\/wp\/v2\/product_brand?post=254549"},{"taxonomy":"product_cat","embeddable":true,"href":"https:\/\/www.delicias-uk.com\/pt-pt\/wp-json\/wp\/v2\/product_cat?post=254549"},{"taxonomy":"product_tag","embeddable":true,"href":"https:\/\/www.delicias-uk.com\/pt-pt\/wp-json\/wp\/v2\/product_tag?post=254549"}],"curies":[{"name":"wp","href":"https:\/\/api.w.org\/{rel}","templated":true}]}}