{"id":254545,"date":"2026-05-12T10:31:55","date_gmt":"2026-05-12T09:31:55","guid":{"rendered":"https:\/\/www.delicias-uk.com\/?post_type=product&#038;p=254545"},"modified":"2026-05-12T10:40:00","modified_gmt":"2026-05-12T09:40:00","slug":"tremocos-macarico-com-alho-e-manjericao-em-azeite-240g","status":"publish","type":"product","link":"https:\/\/www.delicias-uk.com\/pt-pt\/produto\/tremocos-macarico-com-alho-e-manjericao-em-azeite-240g\/","title":{"rendered":"Tremo\u00e7os Ma\u00e7arico com Alho e Manjeric\u00e3o em Azeite 240g"},"content":{"rendered":"<p data-start=\"77\" data-end=\"389\">Descubra o sabor aut\u00eantico da tradi\u00e7\u00e3o mediterr\u00e2nica com os Tremo\u00e7os Ma\u00e7arico com Alho e Manjeric\u00e3o. Selecionados cuidadosamente pela sua qualidade e textura firme, estes tremo\u00e7os s\u00e3o envolvidos numa combina\u00e7\u00e3o arom\u00e1tica de alho, manjeric\u00e3o e azeite, criando um aperitivo saboroso, leve e cheio de personalidade.<\/p>\n<p data-start=\"391\" data-end=\"656\">Prontos a consumir, s\u00e3o ideais para servir como petisco, entrada ou acompanhamento em momentos de conv\u00edvio. O equil\u00edbrio entre o sabor suave do tremo\u00e7o, as notas frescas do manjeric\u00e3o e o toque intenso do alho proporciona uma experi\u00eancia deliciosa e diferenciadora.<\/p>\n<p data-start=\"658\" data-end=\"797\">Vers\u00e1teis e pr\u00e1ticos, podem ser apreciados sozinhos ou adicionados a saladas, t\u00e1buas de aperitivos, pratos mediterr\u00e2nicos e snacks gourmet.<\/p>\n<p data-start=\"799\" data-end=\"826\"><strong data-start=\"799\" data-end=\"824\">Destaques do Produto:<\/strong><\/p>\n<ul data-start=\"827\" data-end=\"1055\">\n<li data-section-id=\"1d6ti2q\" data-start=\"827\" data-end=\"870\">Tremo\u00e7os selecionados de alta qualidade<\/li>\n<li data-section-id=\"lszpx9\" data-start=\"871\" data-end=\"907\">Temperados com alho e manjeric\u00e3o<\/li>\n<li data-section-id=\"19w8iub\" data-start=\"908\" data-end=\"957\">Conservados em azeite para mais sabor e aroma<\/li>\n<li data-section-id=\"1r7ggls\" data-start=\"958\" data-end=\"980\">Prontos a consumir<\/li>\n<li data-section-id=\"1p8qvvp\" data-start=\"981\" data-end=\"1027\">Ideais para aperitivos, petiscos e saladas<\/li>\n<li data-section-id=\"1r0xgz1\" data-start=\"1028\" data-end=\"1055\">Embalagem pr\u00e1tica de 240g<\/li>\n<\/ul>\n","protected":false},"excerpt":{"rendered":"<ul data-start=\"827\" data-end=\"1055\">\n<li data-section-id=\"1d6ti2q\" data-start=\"827\" data-end=\"870\">Tremo\u00e7os selecionados de alta qualidade<\/li>\n<li data-section-id=\"lszpx9\" data-start=\"871\" data-end=\"907\">Temperados com alho e manjeric\u00e3o<\/li>\n<li data-section-id=\"19w8iub\" data-start=\"908\" data-end=\"957\">Conservados em azeite para mais sabor e aroma<\/li>\n<li data-section-id=\"1r7ggls\" data-start=\"958\" data-end=\"980\">Prontos a consumir<\/li>\n<li data-section-id=\"1p8qvvp\" data-start=\"981\" data-end=\"1027\">Ideais para aperitivos, petiscos e saladas<\/li>\n<li data-section-id=\"1r0xgz1\" data-start=\"1028\" data-end=\"1055\">Embalagem pr\u00e1tica de 240g<\/li>\n<\/ul>\n","protected":false},"author":43538,"featured_media":254542,"comment_status":"closed","ping_status":"closed","template":"","meta":[],"pwb-brand":[],"product_brand":[],"product_cat":[8291,8395,8481,8785],"product_tag":[],"class_list":{"0":"post-254545","1":"product","2":"type-product","3":"status-publish","4":"has-post-thumbnail","6":"product_cat-produtos-portugueses","7":"product_cat-mercearia","8":"product_cat-feijao","9":"product_cat-tremocos-pt-pt","11":"first","12":"instock","13":"taxable","14":"shipping-taxable","15":"purchasable","16":"product-type-simple"},"aioseo_notices":[],"brands":[],"_links":{"self":[{"href":"https:\/\/www.delicias-uk.com\/pt-pt\/wp-json\/wp\/v2\/product\/254545","targetHints":{"allow":["GET"]}}],"collection":[{"href":"https:\/\/www.delicias-uk.com\/pt-pt\/wp-json\/wp\/v2\/product"}],"about":[{"href":"https:\/\/www.delicias-uk.com\/pt-pt\/wp-json\/wp\/v2\/types\/product"}],"author":[{"embeddable":true,"href":"https:\/\/www.delicias-uk.com\/pt-pt\/wp-json\/wp\/v2\/users\/43538"}],"replies":[{"embeddable":true,"href":"https:\/\/www.delicias-uk.com\/pt-pt\/wp-json\/wp\/v2\/comments?post=254545"}],"wp:featuredmedia":[{"embeddable":true,"href":"https:\/\/www.delicias-uk.com\/pt-pt\/wp-json\/wp\/v2\/media\/254542"}],"wp:attachment":[{"href":"https:\/\/www.delicias-uk.com\/pt-pt\/wp-json\/wp\/v2\/media?parent=254545"}],"wp:term":[{"taxonomy":"pwb-brand","embeddable":true,"href":"https:\/\/www.delicias-uk.com\/pt-pt\/wp-json\/wp\/v2\/pwb-brand?post=254545"},{"taxonomy":"product_brand","embeddable":true,"href":"https:\/\/www.delicias-uk.com\/pt-pt\/wp-json\/wp\/v2\/product_brand?post=254545"},{"taxonomy":"product_cat","embeddable":true,"href":"https:\/\/www.delicias-uk.com\/pt-pt\/wp-json\/wp\/v2\/product_cat?post=254545"},{"taxonomy":"product_tag","embeddable":true,"href":"https:\/\/www.delicias-uk.com\/pt-pt\/wp-json\/wp\/v2\/product_tag?post=254545"}],"curies":[{"name":"wp","href":"https:\/\/api.w.org\/{rel}","templated":true}]}}