{"id":254508,"date":"2026-05-11T17:18:48","date_gmt":"2026-05-11T16:18:48","guid":{"rendered":"https:\/\/www.delicias-uk.com\/?post_type=product&#038;p=254508"},"modified":"2026-05-11T17:23:29","modified_gmt":"2026-05-11T16:23:29","slug":"mundial-cerveja-super-bock-original-four-pack-330ml-x-4-x-2-ganhe-gratis-1-chapeu-caneca","status":"publish","type":"product","link":"https:\/\/www.delicias-uk.com\/pt-pt\/produto\/mundial-cerveja-super-bock-original-four-pack-330ml-x-4-x-2-ganhe-gratis-1-chapeu-caneca\/","title":{"rendered":"Mundial &#8211; Cerveja Super Bock Original Four-Pack (330ml x 4) x 2 Ganhe Gr\u00e1tis 1 Chap\u00e9u Caneca"},"content":{"rendered":"<p data-start=\"39\" data-end=\"85\">Entre no esp\u00edrito do Mundial com Super Bock!<\/p>\n<p data-start=\"87\" data-end=\"276\">Na compra de <strong data-start=\"100\" data-end=\"153\">2 packs Super Bock Original Four-Pack (330ml x 4)<\/strong>, receba <strong data-start=\"162\" data-end=\"182\">1 Chap\u00e9u Caneca GR\u00c1TIS<\/strong> \u2014 o acess\u00f3rio perfeito para aproveitar cada jogo no verdadeiro estilo futebol\u00edstico. <\/p>\n<p data-start=\"278\" data-end=\"428\">Desfrute da cerveja favorita dos portugueses enquanto apoia a sua equipa com amigos e fam\u00edlia. Ideal para noites de jogos, churrascos e celebra\u00e7\u00f5es!<\/p>\n<ul>\n<li data-start=\"430\" data-end=\"541\">Compre 2 Super Bock Original Four-Pack<\/li>\n<li data-start=\"430\" data-end=\"541\">Receba 1 Chap\u00e9u Caneca GR\u00c1TIS<\/li>\n<li data-start=\"430\" data-end=\"541\">Promo\u00e7\u00e3o limitada ao stock existente<\/li>\n<\/ul>\n<p data-start=\"543\" data-end=\"605\" data-is-last-node=\"\" data-is-only-node=\"\">N\u00e3o perca esta oportunidade \u2014 viva o Mundial \u00e0 portuguesa!<\/p>\n","protected":false},"excerpt":{"rendered":"<ul>\n<li data-start=\"430\" data-end=\"541\">Compre 2 Super Bock Original Four-Pack<\/li>\n<li data-start=\"430\" data-end=\"541\">Receba 1 Chap\u00e9u Caneca GR\u00c1TIS<\/li>\n<li data-start=\"430\" data-end=\"541\">Promo\u00e7\u00e3o limitada ao stock existente<\/li>\n<\/ul>\n","protected":false},"author":43538,"featured_media":254510,"comment_status":"open","ping_status":"closed","template":"","meta":[],"pwb-brand":[],"product_brand":[],"product_cat":[8289,8333],"product_tag":[],"class_list":{"0":"post-254508","1":"product","2":"type-product","3":"status-publish","4":"has-post-thumbnail","6":"product_cat-inicio","7":"product_cat-cerveja","9":"first","10":"instock","11":"taxable","12":"shipping-taxable","13":"purchasable","14":"product-type-simple"},"aioseo_notices":[],"brands":[],"_links":{"self":[{"href":"https:\/\/www.delicias-uk.com\/pt-pt\/wp-json\/wp\/v2\/product\/254508","targetHints":{"allow":["GET"]}}],"collection":[{"href":"https:\/\/www.delicias-uk.com\/pt-pt\/wp-json\/wp\/v2\/product"}],"about":[{"href":"https:\/\/www.delicias-uk.com\/pt-pt\/wp-json\/wp\/v2\/types\/product"}],"author":[{"embeddable":true,"href":"https:\/\/www.delicias-uk.com\/pt-pt\/wp-json\/wp\/v2\/users\/43538"}],"replies":[{"embeddable":true,"href":"https:\/\/www.delicias-uk.com\/pt-pt\/wp-json\/wp\/v2\/comments?post=254508"}],"wp:featuredmedia":[{"embeddable":true,"href":"https:\/\/www.delicias-uk.com\/pt-pt\/wp-json\/wp\/v2\/media\/254510"}],"wp:attachment":[{"href":"https:\/\/www.delicias-uk.com\/pt-pt\/wp-json\/wp\/v2\/media?parent=254508"}],"wp:term":[{"taxonomy":"pwb-brand","embeddable":true,"href":"https:\/\/www.delicias-uk.com\/pt-pt\/wp-json\/wp\/v2\/pwb-brand?post=254508"},{"taxonomy":"product_brand","embeddable":true,"href":"https:\/\/www.delicias-uk.com\/pt-pt\/wp-json\/wp\/v2\/product_brand?post=254508"},{"taxonomy":"product_cat","embeddable":true,"href":"https:\/\/www.delicias-uk.com\/pt-pt\/wp-json\/wp\/v2\/product_cat?post=254508"},{"taxonomy":"product_tag","embeddable":true,"href":"https:\/\/www.delicias-uk.com\/pt-pt\/wp-json\/wp\/v2\/product_tag?post=254508"}],"curies":[{"name":"wp","href":"https:\/\/api.w.org\/{rel}","templated":true}]}}