{"id":254324,"date":"2026-05-08T12:06:19","date_gmt":"2026-05-08T11:06:19","guid":{"rendered":"https:\/\/www.delicias-uk.com\/?post_type=product&#038;p=254324"},"modified":"2026-05-08T12:06:21","modified_gmt":"2026-05-08T11:06:21","slug":"compal-goiaba-brasil-200ml","status":"publish","type":"product","link":"https:\/\/www.delicias-uk.com\/pt-pt\/produto\/compal-goiaba-brasil-200ml\/","title":{"rendered":"Compal Goiaba Brasil 200ml"},"content":{"rendered":"<p data-start=\"88\" data-end=\"316\">Desfrute do sabor ex\u00f3tico e envolvente da goiaba com o\u00a0<strong data-start=\"143\" data-end=\"167\">Compal Goiaba Brasil<\/strong>. Produzido com fruta selecionada, este n\u00e9ctar oferece uma experi\u00eancia tropical \u00fanica, combinando do\u00e7ura natural com uma textura suave e refrescante.<\/p>\n<p data-start=\"318\" data-end=\"541\">Perfeito para consumir a qualquer momento do dia, \u00e9 uma excelente op\u00e7\u00e3o para complementar refei\u00e7\u00f5es, servir em estabelecimentos de restaura\u00e7\u00e3o ou disponibilizar em hot\u00e9is e caf\u00e9s que procuram qualidade e sabor diferenciado.<\/p>\n<p data-start=\"543\" data-end=\"568\"><strong data-start=\"543\" data-end=\"568\">Destaques do produto:<\/strong><\/p>\n<ul data-start=\"569\" data-end=\"772\">\n<li data-section-id=\"1wql8sx\" data-start=\"569\" data-end=\"619\">N\u00e9ctar de goiaba com sabor intenso e aut\u00eantico<\/li>\n<li data-section-id=\"1egn156\" data-start=\"620\" data-end=\"651\">Textura suave e refrescante<\/li>\n<li data-section-id=\"d1534\" data-start=\"652\" data-end=\"700\">Ideal para consumo individual (formato 20cl)<\/li>\n<li data-section-id=\"xprxy\" data-start=\"701\" data-end=\"730\">Pr\u00e1tico e f\u00e1cil de servir<\/li>\n<li data-section-id=\"1dow2n2\" data-start=\"731\" data-end=\"772\">Qualidade reconhecida da marca Compal<\/li>\n<\/ul>\n<p data-start=\"774\" data-end=\"914\">O\u00a0<strong data-start=\"776\" data-end=\"800\">Compal Goiaba Brasil<\/strong>\u00a0\u00e9 a escolha ideal para quem procura uma bebida tropical, saborosa e conveniente, que agrada a todos os paladares.<\/p>\n","protected":false},"excerpt":{"rendered":"<ul data-start=\"569\" data-end=\"772\">\n<li data-section-id=\"1wql8sx\" data-start=\"569\" data-end=\"619\">N\u00e9ctar de goiaba com sabor intenso e aut\u00eantico<\/li>\n<li data-section-id=\"1egn156\" data-start=\"620\" data-end=\"651\">Textura suave e refrescante<\/li>\n<li data-section-id=\"d1534\" data-start=\"652\" data-end=\"700\">Ideal para consumo individual (formato 200ml)<\/li>\n<li data-section-id=\"xprxy\" data-start=\"701\" data-end=\"730\">Pr\u00e1tico e f\u00e1cil de servir<\/li>\n<li data-section-id=\"1dow2n2\" data-start=\"731\" data-end=\"772\">Qualidade reconhecida da marca Compal<\/li>\n<\/ul>\n","protected":false},"author":43538,"featured_media":254323,"comment_status":"closed","ping_status":"closed","template":"","meta":[],"pwb-brand":[],"product_brand":[],"product_cat":[8291,8423,8455],"product_tag":[],"class_list":{"0":"post-254324","1":"product","2":"type-product","3":"status-publish","4":"has-post-thumbnail","6":"product_cat-produtos-portugueses","7":"product_cat-bebidas-pt-pt","8":"product_cat-sumos","10":"first","11":"instock","12":"taxable","13":"shipping-taxable","14":"purchasable","15":"product-type-simple"},"aioseo_notices":[],"brands":[],"_links":{"self":[{"href":"https:\/\/www.delicias-uk.com\/pt-pt\/wp-json\/wp\/v2\/product\/254324","targetHints":{"allow":["GET"]}}],"collection":[{"href":"https:\/\/www.delicias-uk.com\/pt-pt\/wp-json\/wp\/v2\/product"}],"about":[{"href":"https:\/\/www.delicias-uk.com\/pt-pt\/wp-json\/wp\/v2\/types\/product"}],"author":[{"embeddable":true,"href":"https:\/\/www.delicias-uk.com\/pt-pt\/wp-json\/wp\/v2\/users\/43538"}],"replies":[{"embeddable":true,"href":"https:\/\/www.delicias-uk.com\/pt-pt\/wp-json\/wp\/v2\/comments?post=254324"}],"wp:featuredmedia":[{"embeddable":true,"href":"https:\/\/www.delicias-uk.com\/pt-pt\/wp-json\/wp\/v2\/media\/254323"}],"wp:attachment":[{"href":"https:\/\/www.delicias-uk.com\/pt-pt\/wp-json\/wp\/v2\/media?parent=254324"}],"wp:term":[{"taxonomy":"pwb-brand","embeddable":true,"href":"https:\/\/www.delicias-uk.com\/pt-pt\/wp-json\/wp\/v2\/pwb-brand?post=254324"},{"taxonomy":"product_brand","embeddable":true,"href":"https:\/\/www.delicias-uk.com\/pt-pt\/wp-json\/wp\/v2\/product_brand?post=254324"},{"taxonomy":"product_cat","embeddable":true,"href":"https:\/\/www.delicias-uk.com\/pt-pt\/wp-json\/wp\/v2\/product_cat?post=254324"},{"taxonomy":"product_tag","embeddable":true,"href":"https:\/\/www.delicias-uk.com\/pt-pt\/wp-json\/wp\/v2\/product_tag?post=254324"}],"curies":[{"name":"wp","href":"https:\/\/api.w.org\/{rel}","templated":true}]}}