{"id":254318,"date":"2026-05-08T11:45:52","date_gmt":"2026-05-08T10:45:52","guid":{"rendered":"https:\/\/www.delicias-uk.com\/?post_type=product&#038;p=254318"},"modified":"2026-05-08T11:45:54","modified_gmt":"2026-05-08T10:45:54","slug":"fumado-misto-para-feijoada-ipanema-300g","status":"publish","type":"product","link":"https:\/\/www.delicias-uk.com\/pt-pt\/produto\/fumado-misto-para-feijoada-ipanema-300g\/","title":{"rendered":"Fumado Misto para Feijoada Ipanema 300g"},"content":{"rendered":"<p data-start=\"30\" data-end=\"119\"><strong data-start=\"30\" data-end=\"119\">Porco Fumado Misto para Feijoada Ipanema 300g \u2013 Sabor aut\u00eantico e tradi\u00e7\u00e3o brasileira<\/strong><\/p>\n<p data-start=\"121\" data-end=\"389\">D\u00ea mais sabor e autenticidade \u00e0s suas receitas com o\u00a0<strong data-start=\"174\" data-end=\"218\">Porco Fumado Misto para Feijoada Ipanema<\/strong>. Selecionado cuidadosamente, este mix de carnes fumadas \u00e9 ideal para preparar uma feijoada rica, encorpada e cheia de sabor, respeitando a tradi\u00e7\u00e3o da cozinha brasileira.<\/p>\n<p data-start=\"391\" data-end=\"603\">Com cortes variados de porco e um processo de fumagem que intensifica o aroma e o paladar, este produto oferece praticidade e consist\u00eancia na prepara\u00e7\u00e3o, sendo perfeito tanto para uso profissional como dom\u00e9stico.<\/p>\n<p data-start=\"605\" data-end=\"630\"><strong data-start=\"605\" data-end=\"630\">Destaques do produto:<\/strong><\/p>\n<ul data-start=\"631\" data-end=\"841\">\n<li data-section-id=\"1y7qd98\" data-start=\"631\" data-end=\"669\">Sele\u00e7\u00e3o de carnes de porco fumadas<\/li>\n<li data-section-id=\"1e6wxw5\" data-start=\"670\" data-end=\"727\">Ideal para feijoada e pratos tradicionais brasileiros<\/li>\n<li data-section-id=\"1kmg9m9\" data-start=\"728\" data-end=\"757\">Sabor intenso e aut\u00eantico<\/li>\n<li data-section-id=\"9ch5bk\" data-start=\"758\" data-end=\"811\">Pronto a utilizar \u2013 maior conveni\u00eancia na cozinha<\/li>\n<li data-section-id=\"iqlfd4\" data-start=\"812\" data-end=\"841\">Embalagem pr\u00e1tica de 300g<\/li>\n<\/ul>\n<p data-start=\"843\" data-end=\"1008\">O\u00a0<strong data-start=\"845\" data-end=\"875\">Porco Fumado Misto Ipanema<\/strong>\u00a0\u00e9 a escolha perfeita para<\/p>\n","protected":false},"excerpt":{"rendered":"<ul data-start=\"631\" data-end=\"841\">\n<li data-section-id=\"1y7qd98\" data-start=\"631\" data-end=\"669\">Sele\u00e7\u00e3o de carnes de porco fumadas<\/li>\n<li data-section-id=\"1e6wxw5\" data-start=\"670\" data-end=\"727\">Ideal para feijoada e pratos tradicionais brasileiros<\/li>\n<li data-section-id=\"1kmg9m9\" data-start=\"728\" data-end=\"757\">Sabor intenso e aut\u00eantico<\/li>\n<li data-section-id=\"9ch5bk\" data-start=\"758\" data-end=\"811\">Pronto a utilizar \u2013 maior conveni\u00eancia na cozinha<\/li>\n<li data-section-id=\"iqlfd4\" data-start=\"812\" data-end=\"841\">Embalagem pr\u00e1tica de 300g<\/li>\n<\/ul>\n","protected":false},"author":43538,"featured_media":254311,"comment_status":"closed","ping_status":"closed","template":"","meta":[],"pwb-brand":[],"product_brand":[],"product_cat":[8291,8337,8671],"product_tag":[],"class_list":{"0":"post-254318","1":"product","2":"type-product","3":"status-publish","4":"has-post-thumbnail","6":"product_cat-produtos-portugueses","7":"product_cat-charcutaria","8":"product_cat-fumado","10":"first","11":"instock","12":"taxable","13":"shipping-taxable","14":"purchasable","15":"product-type-simple"},"aioseo_notices":[],"brands":[],"_links":{"self":[{"href":"https:\/\/www.delicias-uk.com\/pt-pt\/wp-json\/wp\/v2\/product\/254318","targetHints":{"allow":["GET"]}}],"collection":[{"href":"https:\/\/www.delicias-uk.com\/pt-pt\/wp-json\/wp\/v2\/product"}],"about":[{"href":"https:\/\/www.delicias-uk.com\/pt-pt\/wp-json\/wp\/v2\/types\/product"}],"author":[{"embeddable":true,"href":"https:\/\/www.delicias-uk.com\/pt-pt\/wp-json\/wp\/v2\/users\/43538"}],"replies":[{"embeddable":true,"href":"https:\/\/www.delicias-uk.com\/pt-pt\/wp-json\/wp\/v2\/comments?post=254318"}],"wp:featuredmedia":[{"embeddable":true,"href":"https:\/\/www.delicias-uk.com\/pt-pt\/wp-json\/wp\/v2\/media\/254311"}],"wp:attachment":[{"href":"https:\/\/www.delicias-uk.com\/pt-pt\/wp-json\/wp\/v2\/media?parent=254318"}],"wp:term":[{"taxonomy":"pwb-brand","embeddable":true,"href":"https:\/\/www.delicias-uk.com\/pt-pt\/wp-json\/wp\/v2\/pwb-brand?post=254318"},{"taxonomy":"product_brand","embeddable":true,"href":"https:\/\/www.delicias-uk.com\/pt-pt\/wp-json\/wp\/v2\/product_brand?post=254318"},{"taxonomy":"product_cat","embeddable":true,"href":"https:\/\/www.delicias-uk.com\/pt-pt\/wp-json\/wp\/v2\/product_cat?post=254318"},{"taxonomy":"product_tag","embeddable":true,"href":"https:\/\/www.delicias-uk.com\/pt-pt\/wp-json\/wp\/v2\/product_tag?post=254318"}],"curies":[{"name":"wp","href":"https:\/\/api.w.org\/{rel}","templated":true}]}}