{"id":253558,"date":"2026-04-23T16:28:08","date_gmt":"2026-04-23T15:28:08","guid":{"rendered":"https:\/\/www.delicias-uk.com\/?post_type=product&#038;p=253558"},"modified":"2026-04-23T16:28:10","modified_gmt":"2026-04-23T15:28:10","slug":"sumo-um-bongo-banana-morango-1l","status":"publish","type":"product","link":"https:\/\/www.delicias-uk.com\/pt-pt\/produto\/sumo-um-bongo-banana-morango-1l\/","title":{"rendered":"Sumo Um Bongo Banana Morango 1L\u00a0"},"content":{"rendered":"<p data-start=\"0\" data-end=\"240\">O\u00a0<strong data-start=\"46\" data-end=\"81\">Sumo Um Bongo Banana Morango 1L<\/strong>\u00a0\u00e9 uma bebida deliciosa que combina o sabor suave da banana com a frescura doce do morango, criando uma mistura equilibrada e irresist\u00edvel para toda a fam\u00edlia.<\/p>\n<p data-start=\"242\" data-end=\"475\">Com uma textura agrad\u00e1vel e sabor frutado, \u00e9 perfeito para acompanhar refei\u00e7\u00f5es, lanches ou para consumir a qualquer momento do dia. Pr\u00e1tico e pronto a beber, \u00e9 uma excelente op\u00e7\u00e3o para quem procura uma bebida saborosa e refrescante.<\/p>\n<p data-start=\"477\" data-end=\"492\"><strong data-start=\"477\" data-end=\"490\">Destaques<\/strong><\/p>\n<ul data-start=\"493\" data-end=\"698\">\n<li data-section-id=\"1uwvjvp\" data-start=\"493\" data-end=\"537\">Combina\u00e7\u00e3o deliciosa de banana e morango<\/li>\n<li data-section-id=\"6d3gle\" data-start=\"538\" data-end=\"573\">Sabor suave, doce e equilibrado<\/li>\n<li data-section-id=\"1rus1tf\" data-start=\"574\" data-end=\"603\">Ideal para toda a fam\u00edlia<\/li>\n<li data-section-id=\"qiz45a\" data-start=\"604\" data-end=\"641\">Perfeito para lanches e refei\u00e7\u00f5es<\/li>\n<li data-section-id=\"3u7g98\" data-start=\"642\" data-end=\"676\">Embalagem pr\u00e1tica Tetra Pak 1L<\/li>\n<li data-section-id=\"13822o3\" data-start=\"677\" data-end=\"698\">Pronto a consumir<\/li>\n<\/ul>\n","protected":false},"excerpt":{"rendered":"<ul data-start=\"493\" data-end=\"698\">\n<li data-section-id=\"1uwvjvp\" data-start=\"493\" data-end=\"537\">Combina\u00e7\u00e3o deliciosa de banana e morango<\/li>\n<li data-section-id=\"6d3gle\" data-start=\"538\" data-end=\"573\">Sabor suave, doce e equilibrado<\/li>\n<li data-section-id=\"1rus1tf\" data-start=\"574\" data-end=\"603\">Ideal para toda a fam\u00edlia<\/li>\n<li data-section-id=\"qiz45a\" data-start=\"604\" data-end=\"641\">Perfeito para lanches e refei\u00e7\u00f5es<\/li>\n<li data-section-id=\"3u7g98\" data-start=\"642\" data-end=\"676\">Embalagem pr\u00e1tica Tetra Pak 1L<\/li>\n<li data-section-id=\"13822o3\" data-start=\"677\" data-end=\"698\">Pronto a consumir<\/li>\n<\/ul>\n","protected":false},"author":43538,"featured_media":253557,"comment_status":"closed","ping_status":"closed","template":"","meta":[],"pwb-brand":[],"product_brand":[],"product_cat":[8291,8423,8455],"product_tag":[],"class_list":{"0":"post-253558","1":"product","2":"type-product","3":"status-publish","4":"has-post-thumbnail","6":"product_cat-produtos-portugueses","7":"product_cat-bebidas-pt-pt","8":"product_cat-sumos","10":"first","11":"instock","12":"taxable","13":"shipping-taxable","14":"purchasable","15":"product-type-simple"},"aioseo_notices":[],"brands":[],"_links":{"self":[{"href":"https:\/\/www.delicias-uk.com\/pt-pt\/wp-json\/wp\/v2\/product\/253558","targetHints":{"allow":["GET"]}}],"collection":[{"href":"https:\/\/www.delicias-uk.com\/pt-pt\/wp-json\/wp\/v2\/product"}],"about":[{"href":"https:\/\/www.delicias-uk.com\/pt-pt\/wp-json\/wp\/v2\/types\/product"}],"author":[{"embeddable":true,"href":"https:\/\/www.delicias-uk.com\/pt-pt\/wp-json\/wp\/v2\/users\/43538"}],"replies":[{"embeddable":true,"href":"https:\/\/www.delicias-uk.com\/pt-pt\/wp-json\/wp\/v2\/comments?post=253558"}],"wp:featuredmedia":[{"embeddable":true,"href":"https:\/\/www.delicias-uk.com\/pt-pt\/wp-json\/wp\/v2\/media\/253557"}],"wp:attachment":[{"href":"https:\/\/www.delicias-uk.com\/pt-pt\/wp-json\/wp\/v2\/media?parent=253558"}],"wp:term":[{"taxonomy":"pwb-brand","embeddable":true,"href":"https:\/\/www.delicias-uk.com\/pt-pt\/wp-json\/wp\/v2\/pwb-brand?post=253558"},{"taxonomy":"product_brand","embeddable":true,"href":"https:\/\/www.delicias-uk.com\/pt-pt\/wp-json\/wp\/v2\/product_brand?post=253558"},{"taxonomy":"product_cat","embeddable":true,"href":"https:\/\/www.delicias-uk.com\/pt-pt\/wp-json\/wp\/v2\/product_cat?post=253558"},{"taxonomy":"product_tag","embeddable":true,"href":"https:\/\/www.delicias-uk.com\/pt-pt\/wp-json\/wp\/v2\/product_tag?post=253558"}],"curies":[{"name":"wp","href":"https:\/\/api.w.org\/{rel}","templated":true}]}}