{"id":253553,"date":"2026-04-23T16:18:21","date_gmt":"2026-04-23T15:18:21","guid":{"rendered":"https:\/\/www.delicias-uk.com\/?post_type=product&#038;p=253553"},"modified":"2026-04-23T16:19:54","modified_gmt":"2026-04-23T15:19:54","slug":"azeitona-britada-qampo-cv-1kg","status":"publish","type":"product","link":"https:\/\/www.delicias-uk.com\/pt-pt\/produto\/azeitona-britada-qampo-cv-1kg\/","title":{"rendered":"Azeitona Britada Qampo Cv 1Kg"},"content":{"rendered":"<p class=\"MsoNormal\">Azeitona Britada: Submetidas a um processo simples de produ\u00e7\u00e3o, em que s\u00e3o pisadas e ado\u00e7adas, as azeitonas britadas Agrodelta t\u00eam um sabor suave, temperado com especiarias.<\/p>\n<p>Embalada a vacuo na loja.<\/p>\n","protected":false},"excerpt":{"rendered":"<p>Azeitona Britada: Submetidas a um processo simples de produ\u00e7\u00e3o, em que s\u00e3o pisadas e ado\u00e7adas, as azeitonas britadas Agrodelta t\u00eam um sabor suave, temperado com especiarias. Embalada a vacuo na loja.<\/p>\n","protected":false},"author":43538,"featured_media":86077,"comment_status":"open","ping_status":"closed","template":"","meta":[],"pwb-brand":[],"product_brand":[],"product_cat":[8289,8291,8403,8521],"product_tag":[],"class_list":{"0":"post-253553","1":"product","2":"type-product","3":"status-publish","4":"has-post-thumbnail","6":"product_cat-inicio","7":"product_cat-produtos-portugueses","8":"product_cat-azeitona-azeite-vinagre","9":"product_cat-azeitonas-pt-pt","11":"first","12":"instock","13":"taxable","14":"shipping-taxable","15":"purchasable","16":"product-type-simple"},"aioseo_notices":[],"brands":[],"_links":{"self":[{"href":"https:\/\/www.delicias-uk.com\/pt-pt\/wp-json\/wp\/v2\/product\/253553","targetHints":{"allow":["GET"]}}],"collection":[{"href":"https:\/\/www.delicias-uk.com\/pt-pt\/wp-json\/wp\/v2\/product"}],"about":[{"href":"https:\/\/www.delicias-uk.com\/pt-pt\/wp-json\/wp\/v2\/types\/product"}],"author":[{"embeddable":true,"href":"https:\/\/www.delicias-uk.com\/pt-pt\/wp-json\/wp\/v2\/users\/43538"}],"replies":[{"embeddable":true,"href":"https:\/\/www.delicias-uk.com\/pt-pt\/wp-json\/wp\/v2\/comments?post=253553"}],"wp:featuredmedia":[{"embeddable":true,"href":"https:\/\/www.delicias-uk.com\/pt-pt\/wp-json\/wp\/v2\/media\/86077"}],"wp:attachment":[{"href":"https:\/\/www.delicias-uk.com\/pt-pt\/wp-json\/wp\/v2\/media?parent=253553"}],"wp:term":[{"taxonomy":"pwb-brand","embeddable":true,"href":"https:\/\/www.delicias-uk.com\/pt-pt\/wp-json\/wp\/v2\/pwb-brand?post=253553"},{"taxonomy":"product_brand","embeddable":true,"href":"https:\/\/www.delicias-uk.com\/pt-pt\/wp-json\/wp\/v2\/product_brand?post=253553"},{"taxonomy":"product_cat","embeddable":true,"href":"https:\/\/www.delicias-uk.com\/pt-pt\/wp-json\/wp\/v2\/product_cat?post=253553"},{"taxonomy":"product_tag","embeddable":true,"href":"https:\/\/www.delicias-uk.com\/pt-pt\/wp-json\/wp\/v2\/product_tag?post=253553"}],"curies":[{"name":"wp","href":"https:\/\/api.w.org\/{rel}","templated":true}]}}