{"id":253551,"date":"2026-04-23T16:08:40","date_gmt":"2026-04-23T15:08:40","guid":{"rendered":"https:\/\/www.delicias-uk.com\/?post_type=product&#038;p=253551"},"modified":"2026-04-23T16:09:40","modified_gmt":"2026-04-23T15:09:40","slug":"azeite-gallo-classico-virgem-extra-lata-500ml","status":"publish","type":"product","link":"https:\/\/www.delicias-uk.com\/pt-pt\/produto\/azeite-gallo-classico-virgem-extra-lata-500ml\/","title":{"rendered":"Azeite Gallo Cl\u00e1ssico Virgem Extra Lata 500ml \u2013 Edi\u00e7\u00e3o Especial Latas de Alma Portuguesa"},"content":{"rendered":"<p data-start=\"0\" data-end=\"253\">O <strong data-start=\"46\" data-end=\"137\">Azeite Gallo Cl\u00e1ssico Virgem Extra Lata 50cl \u2013 Edi\u00e7\u00e3o Especial Latas de Alma Portuguesa<\/strong> combina a qualidade reconhecida do azeite Gallo com um design exclusivo inspirado na cultura e tradi\u00e7\u00e3o portuguesa.<\/p>\n<p data-start=\"255\" data-end=\"498\">Produzido a partir de azeitonas cuidadosamente selecionadas, este azeite virgem extra apresenta um sabor equilibrado, com notas suaves e ligeiramente frutadas, ideal para real\u00e7ar o sabor de diversos pratos, desde saladas a pratos tradicionais.<\/p>\n<p data-start=\"500\" data-end=\"736\">Esta edi\u00e7\u00e3o especial destaca-se pelas suas latas decorativas colecion\u00e1veis, que celebram a identidade portuguesa. Cada encomenda inclui uma lata enviada de forma aleat\u00f3ria, podendo variar na cor e no design, tornando cada unidade \u00fanica.<\/p>\n<p data-start=\"738\" data-end=\"753\"><strong data-start=\"738\" data-end=\"751\">Destaques<\/strong><\/p>\n<ul>\n<li>Azeite virgem extra de qualidade superior<\/li>\n<li>Sabor equilibrado e ligeiramente frutado<\/li>\n<li>Edi\u00e7\u00e3o especial \u201cLatas de Alma Portuguesa\u201d<\/li>\n<li>Design colecion\u00e1vel inspirado em Portugal<\/li>\n<li>Lata enviada de forma aleat\u00f3ria (cor e padr\u00e3o vari\u00e1veis)<\/li>\n<li>Ideal para temperar e finalizar pratos<\/li>\n<li>Embalagem pr\u00e1tica e protegida da luz (50cl)<\/li>\n<\/ul>\n","protected":false},"excerpt":{"rendered":"<ul>\n<li>Azeite virgem extra de qualidade superior<\/li>\n<li>Sabor equilibrado e ligeiramente frutado<\/li>\n<li>Edi\u00e7\u00e3o especial \u201cLatas de Alma Portuguesa\u201d<\/li>\n<li>Design colecion\u00e1vel inspirado em Portugal<\/li>\n<li>Lata enviada de forma aleat\u00f3ria (cor e padr\u00e3o vari\u00e1veis)<\/li>\n<li>Ideal para temperar e finalizar pratos<\/li>\n<li>Embalagem pr\u00e1tica e protegida da luz (50cl)<\/li>\n<\/ul>\n","protected":false},"author":43538,"featured_media":253542,"comment_status":"closed","ping_status":"closed","template":"","meta":[],"pwb-brand":[],"product_brand":[],"product_cat":[8743],"product_tag":[],"class_list":{"0":"post-253551","1":"product","2":"type-product","3":"status-publish","4":"has-post-thumbnail","6":"product_cat-mel-pt-pt","8":"first","9":"instock","10":"taxable","11":"shipping-taxable","12":"purchasable","13":"product-type-simple"},"aioseo_notices":[],"brands":[],"_links":{"self":[{"href":"https:\/\/www.delicias-uk.com\/pt-pt\/wp-json\/wp\/v2\/product\/253551","targetHints":{"allow":["GET"]}}],"collection":[{"href":"https:\/\/www.delicias-uk.com\/pt-pt\/wp-json\/wp\/v2\/product"}],"about":[{"href":"https:\/\/www.delicias-uk.com\/pt-pt\/wp-json\/wp\/v2\/types\/product"}],"author":[{"embeddable":true,"href":"https:\/\/www.delicias-uk.com\/pt-pt\/wp-json\/wp\/v2\/users\/43538"}],"replies":[{"embeddable":true,"href":"https:\/\/www.delicias-uk.com\/pt-pt\/wp-json\/wp\/v2\/comments?post=253551"}],"wp:featuredmedia":[{"embeddable":true,"href":"https:\/\/www.delicias-uk.com\/pt-pt\/wp-json\/wp\/v2\/media\/253542"}],"wp:attachment":[{"href":"https:\/\/www.delicias-uk.com\/pt-pt\/wp-json\/wp\/v2\/media?parent=253551"}],"wp:term":[{"taxonomy":"pwb-brand","embeddable":true,"href":"https:\/\/www.delicias-uk.com\/pt-pt\/wp-json\/wp\/v2\/pwb-brand?post=253551"},{"taxonomy":"product_brand","embeddable":true,"href":"https:\/\/www.delicias-uk.com\/pt-pt\/wp-json\/wp\/v2\/product_brand?post=253551"},{"taxonomy":"product_cat","embeddable":true,"href":"https:\/\/www.delicias-uk.com\/pt-pt\/wp-json\/wp\/v2\/product_cat?post=253551"},{"taxonomy":"product_tag","embeddable":true,"href":"https:\/\/www.delicias-uk.com\/pt-pt\/wp-json\/wp\/v2\/product_tag?post=253551"}],"curies":[{"name":"wp","href":"https:\/\/api.w.org\/{rel}","templated":true}]}}