{"id":253531,"date":"2026-04-23T15:11:10","date_gmt":"2026-04-23T14:11:10","guid":{"rendered":"https:\/\/www.delicias-uk.com\/?post_type=product&#038;p=253531"},"modified":"2026-04-23T15:11:12","modified_gmt":"2026-04-23T14:11:12","slug":"caramelo-penha-com-recheio-de-frutas-100g","status":"publish","type":"product","link":"https:\/\/www.delicias-uk.com\/pt-pt\/produto\/caramelo-penha-com-recheio-de-frutas-100g\/","title":{"rendered":"Caramelo Penha com Recheio de Frutas 100g"},"content":{"rendered":"<p data-start=\"145\" data-end=\"444\">O <strong data-start=\"147\" data-end=\"195\">Caramelo Penha com Recheio de Frutas SQ 100g<\/strong> \u00e9 a escolha ideal para quem aprecia doces tradicionais com um toque surpreendente. Com textura macia e sabor marcante, cada unidade combina o cl\u00e1ssico caramelo com um delicioso recheio de frutas, proporcionando uma experi\u00eancia \u00fanica a cada mordida.<\/p>\n<p data-start=\"446\" data-end=\"639\">Perfeito para compartilhar com amigos e fam\u00edlia, presentear ou simplesmente ter sempre por perto para ado\u00e7ar o dia. Sua embalagem pr\u00e1tica de 100g facilita o consumo em qualquer momento e lugar.<\/p>\n<p data-start=\"641\" data-end=\"757\">Descubra o equil\u00edbrio perfeito entre o doce do caramelo e o frescor das frutas com a qualidade reconhecida da Penha.<\/p>\n<ul>\n<li>Caramelo macio com recheio sabor frutas<\/li>\n<li>Combina\u00e7\u00e3o equilibrada entre doce e leve acidez<\/li>\n<li>Embalagem pr\u00e1tica de 100g<\/li>\n<li>Ideal para compartilhar ou presentear<\/li>\n<li>Produto de marca tradicional e confi\u00e1vel<\/li>\n<\/ul>\n","protected":false},"excerpt":{"rendered":"<ul>\n<li>Caramelo macio com recheio sabor frutas<\/li>\n<li>Combina\u00e7\u00e3o equilibrada entre doce e leve acidez<\/li>\n<li>Embalagem pr\u00e1tica de 100g<\/li>\n<li>Ideal para compartilhar ou presentear<\/li>\n<li>Produto de marca tradicional e confi\u00e1vel<\/li>\n<\/ul>\n","protected":false},"author":43538,"featured_media":253530,"comment_status":"closed","ping_status":"closed","template":"","meta":[],"pwb-brand":[],"product_brand":[],"product_cat":[8291,8365,8531],"product_tag":[],"class_list":{"0":"post-253531","1":"product","2":"type-product","3":"status-publish","4":"has-post-thumbnail","6":"product_cat-produtos-portugueses","7":"product_cat-confeitaria","8":"product_cat-chiclet-s-drops-pt-pt","10":"first","11":"instock","12":"taxable","13":"shipping-taxable","14":"purchasable","15":"product-type-simple"},"aioseo_notices":[],"brands":[],"_links":{"self":[{"href":"https:\/\/www.delicias-uk.com\/pt-pt\/wp-json\/wp\/v2\/product\/253531","targetHints":{"allow":["GET"]}}],"collection":[{"href":"https:\/\/www.delicias-uk.com\/pt-pt\/wp-json\/wp\/v2\/product"}],"about":[{"href":"https:\/\/www.delicias-uk.com\/pt-pt\/wp-json\/wp\/v2\/types\/product"}],"author":[{"embeddable":true,"href":"https:\/\/www.delicias-uk.com\/pt-pt\/wp-json\/wp\/v2\/users\/43538"}],"replies":[{"embeddable":true,"href":"https:\/\/www.delicias-uk.com\/pt-pt\/wp-json\/wp\/v2\/comments?post=253531"}],"wp:featuredmedia":[{"embeddable":true,"href":"https:\/\/www.delicias-uk.com\/pt-pt\/wp-json\/wp\/v2\/media\/253530"}],"wp:attachment":[{"href":"https:\/\/www.delicias-uk.com\/pt-pt\/wp-json\/wp\/v2\/media?parent=253531"}],"wp:term":[{"taxonomy":"pwb-brand","embeddable":true,"href":"https:\/\/www.delicias-uk.com\/pt-pt\/wp-json\/wp\/v2\/pwb-brand?post=253531"},{"taxonomy":"product_brand","embeddable":true,"href":"https:\/\/www.delicias-uk.com\/pt-pt\/wp-json\/wp\/v2\/product_brand?post=253531"},{"taxonomy":"product_cat","embeddable":true,"href":"https:\/\/www.delicias-uk.com\/pt-pt\/wp-json\/wp\/v2\/product_cat?post=253531"},{"taxonomy":"product_tag","embeddable":true,"href":"https:\/\/www.delicias-uk.com\/pt-pt\/wp-json\/wp\/v2\/product_tag?post=253531"}],"curies":[{"name":"wp","href":"https:\/\/api.w.org\/{rel}","templated":true}]}}