{"id":253399,"date":"2026-04-21T13:49:12","date_gmt":"2026-04-21T12:49:12","guid":{"rendered":"https:\/\/www.delicias-uk.com\/?post_type=product&#038;p=253399"},"modified":"2026-04-21T13:56:20","modified_gmt":"2026-04-21T12:56:20","slug":"cerveja-skol-pilsen-garrafa-600ml","status":"publish","type":"product","link":"https:\/\/www.delicias-uk.com\/pt-pt\/produto\/cerveja-skol-pilsen-garrafa-600ml\/","title":{"rendered":"Cerveja Skol Pilsen Garrafa 600ml"},"content":{"rendered":"<p data-start=\"15\" data-end=\"47\">Refrescante e leve, a Skol Pilsen \u00e9 uma das cervejas mais populares do Brasil. Com sabor suave, amargor equilibrado e alta drinkability, \u00e9 perfeita para acompanhar momentos descontra\u00eddos e encontros com amigos.<\/p>\n<p data-start=\"261\" data-end=\"341\">Ideal para ser consumida bem gelada, garantindo m\u00e1xima refresc\u00e2ncia a cada gole.<\/p>\n<p data-start=\"343\" data-end=\"368\"><strong data-start=\"343\" data-end=\"368\">Destaques do produto:<\/strong><\/p>\n<ul>\n<li>Sabor leve e refrescante<\/li>\n<li>Amargor suave e equilibrado<\/li>\n<li>Alta drinkability<\/li>\n<li>Ideal para consumo gelado<\/li>\n<li>Garrafa de vidro 600ml<\/li>\n<\/ul>\n<p data-start=\"510\" data-end=\"551\">Perfeita para compartilhar bons momentos!<\/p>\n","protected":false},"excerpt":{"rendered":"<ul>\n<li>Sabor leve e refrescante<\/li>\n<li>Amargor suave e equilibrado<\/li>\n<li>Alta drinkability<\/li>\n<li>Ideal para consumo gelado<\/li>\n<li>Garrafa de vidro 600ml<\/li>\n<\/ul>\n","protected":false},"author":43538,"featured_media":253398,"comment_status":"closed","ping_status":"closed","template":"","meta":[],"pwb-brand":[],"product_brand":[],"product_cat":[8293,8349],"product_tag":[],"class_list":{"0":"post-253399","1":"product","2":"type-product","3":"status-publish","4":"has-post-thumbnail","6":"product_cat-produtos-brasileiros","7":"product_cat-cerveja-pt-pt","9":"first","10":"instock","11":"taxable","12":"shipping-taxable","13":"purchasable","14":"product-type-simple"},"aioseo_notices":[],"brands":[],"_links":{"self":[{"href":"https:\/\/www.delicias-uk.com\/pt-pt\/wp-json\/wp\/v2\/product\/253399","targetHints":{"allow":["GET"]}}],"collection":[{"href":"https:\/\/www.delicias-uk.com\/pt-pt\/wp-json\/wp\/v2\/product"}],"about":[{"href":"https:\/\/www.delicias-uk.com\/pt-pt\/wp-json\/wp\/v2\/types\/product"}],"author":[{"embeddable":true,"href":"https:\/\/www.delicias-uk.com\/pt-pt\/wp-json\/wp\/v2\/users\/43538"}],"replies":[{"embeddable":true,"href":"https:\/\/www.delicias-uk.com\/pt-pt\/wp-json\/wp\/v2\/comments?post=253399"}],"wp:featuredmedia":[{"embeddable":true,"href":"https:\/\/www.delicias-uk.com\/pt-pt\/wp-json\/wp\/v2\/media\/253398"}],"wp:attachment":[{"href":"https:\/\/www.delicias-uk.com\/pt-pt\/wp-json\/wp\/v2\/media?parent=253399"}],"wp:term":[{"taxonomy":"pwb-brand","embeddable":true,"href":"https:\/\/www.delicias-uk.com\/pt-pt\/wp-json\/wp\/v2\/pwb-brand?post=253399"},{"taxonomy":"product_brand","embeddable":true,"href":"https:\/\/www.delicias-uk.com\/pt-pt\/wp-json\/wp\/v2\/product_brand?post=253399"},{"taxonomy":"product_cat","embeddable":true,"href":"https:\/\/www.delicias-uk.com\/pt-pt\/wp-json\/wp\/v2\/product_cat?post=253399"},{"taxonomy":"product_tag","embeddable":true,"href":"https:\/\/www.delicias-uk.com\/pt-pt\/wp-json\/wp\/v2\/product_tag?post=253399"}],"curies":[{"name":"wp","href":"https:\/\/api.w.org\/{rel}","templated":true}]}}