{"id":253389,"date":"2026-04-21T12:17:28","date_gmt":"2026-04-21T11:17:28","guid":{"rendered":"https:\/\/www.delicias-uk.com\/?post_type=product&#038;p=253389"},"modified":"2026-04-21T12:17:29","modified_gmt":"2026-04-21T11:17:29","slug":"cerveja-brahma-chopp-48-garrafa-600ml","status":"publish","type":"product","link":"https:\/\/www.delicias-uk.com\/pt-pt\/produto\/cerveja-brahma-chopp-48-garrafa-600ml\/","title":{"rendered":"Cerveja Brahma Chopp 4,8% Garrafa 600ml"},"content":{"rendered":"<p data-start=\"15\" data-end=\"53\">Tradicional, leve e extremamente refrescante! A Brahma Chopp \u00e9 uma das cervejas mais ic\u00f4nicas do Brasil, conhecida pelo seu sabor suave, equil\u00edbrio perfeito e excelente cremosidade.<\/p>\n<p data-start=\"238\" data-end=\"364\">Com amargor leve e final refrescante, \u00e9 ideal para compartilhar em momentos descontra\u00eddos, sempre melhor apreciada bem gelada.<\/p>\n<p data-start=\"366\" data-end=\"391\"><strong data-start=\"366\" data-end=\"391\">Destaques do produto:<\/strong><\/p>\n<ul>\n<li>Teor alco\u00f3lico: 4,8%<\/li>\n<li>Sabor leve e equilibrado<\/li>\n<li>Alta refresc\u00e2ncia<\/li>\n<li>Tradicional e muito apreciada<\/li>\n<li>Garrafa de vidro 600ml<\/li>\n<\/ul>\n<p data-start=\"530\" data-end=\"566\">Perfeita para dividir bons momentos!<\/p>\n","protected":false},"excerpt":{"rendered":"<ul>\n<li>Teor alco\u00f3lico: 4,8%<\/li>\n<li>Sabor leve e equilibrado<\/li>\n<li>Alta refresc\u00e2ncia<\/li>\n<li>Tradicional e muito apreciada<\/li>\n<li>Garrafa de vidro 600ml<\/li>\n<\/ul>\n","protected":false},"author":43538,"featured_media":253388,"comment_status":"closed","ping_status":"closed","template":"","meta":[],"pwb-brand":[],"product_brand":[],"product_cat":[8293,8349],"product_tag":[],"class_list":{"0":"post-253389","1":"product","2":"type-product","3":"status-publish","4":"has-post-thumbnail","6":"product_cat-produtos-brasileiros","7":"product_cat-cerveja-pt-pt","9":"first","10":"instock","11":"taxable","12":"shipping-taxable","13":"purchasable","14":"product-type-simple"},"aioseo_notices":[],"brands":[],"_links":{"self":[{"href":"https:\/\/www.delicias-uk.com\/pt-pt\/wp-json\/wp\/v2\/product\/253389","targetHints":{"allow":["GET"]}}],"collection":[{"href":"https:\/\/www.delicias-uk.com\/pt-pt\/wp-json\/wp\/v2\/product"}],"about":[{"href":"https:\/\/www.delicias-uk.com\/pt-pt\/wp-json\/wp\/v2\/types\/product"}],"author":[{"embeddable":true,"href":"https:\/\/www.delicias-uk.com\/pt-pt\/wp-json\/wp\/v2\/users\/43538"}],"replies":[{"embeddable":true,"href":"https:\/\/www.delicias-uk.com\/pt-pt\/wp-json\/wp\/v2\/comments?post=253389"}],"wp:featuredmedia":[{"embeddable":true,"href":"https:\/\/www.delicias-uk.com\/pt-pt\/wp-json\/wp\/v2\/media\/253388"}],"wp:attachment":[{"href":"https:\/\/www.delicias-uk.com\/pt-pt\/wp-json\/wp\/v2\/media?parent=253389"}],"wp:term":[{"taxonomy":"pwb-brand","embeddable":true,"href":"https:\/\/www.delicias-uk.com\/pt-pt\/wp-json\/wp\/v2\/pwb-brand?post=253389"},{"taxonomy":"product_brand","embeddable":true,"href":"https:\/\/www.delicias-uk.com\/pt-pt\/wp-json\/wp\/v2\/product_brand?post=253389"},{"taxonomy":"product_cat","embeddable":true,"href":"https:\/\/www.delicias-uk.com\/pt-pt\/wp-json\/wp\/v2\/product_cat?post=253389"},{"taxonomy":"product_tag","embeddable":true,"href":"https:\/\/www.delicias-uk.com\/pt-pt\/wp-json\/wp\/v2\/product_tag?post=253389"}],"curies":[{"name":"wp","href":"https:\/\/api.w.org\/{rel}","templated":true}]}}