{"id":253383,"date":"2026-04-21T12:10:01","date_gmt":"2026-04-21T11:10:01","guid":{"rendered":"https:\/\/www.delicias-uk.com\/?post_type=product&#038;p=253383"},"modified":"2026-04-21T12:12:41","modified_gmt":"2026-04-21T11:12:41","slug":"cerveja-brahma-duplo-malte-garrafa-300ml","status":"publish","type":"product","link":"https:\/\/www.delicias-uk.com\/pt-pt\/produto\/cerveja-brahma-duplo-malte-garrafa-300ml\/","title":{"rendered":"Cerveja Brahma Duplo Malte Garrafa 300ml"},"content":{"rendered":"<p data-start=\"15\" data-end=\"54\">Mais sabor e equil\u00edbrio em cada gole! A Brahma Duplo Malte \u00e9 produzida com dois tipos de malte, proporcionando um sabor mais encorpado, com leve dul\u00e7or e final suave, sem perder a refresc\u00e2ncia.<\/p>\n<p data-start=\"251\" data-end=\"350\">Perfeita para quem busca uma cerveja com mais personalidade, ideal para compartilhar bons momentos.<\/p>\n<p data-start=\"352\" data-end=\"377\"><strong data-start=\"352\" data-end=\"377\">Destaques do produto:<\/strong><\/p>\n<ul data-start=\"378\" data-end=\"529\">\n<li data-section-id=\"1p6qq6r\" data-start=\"378\" data-end=\"415\">Produzida com dois tipos de malte<\/li>\n<li data-section-id=\"1gem2pa\" data-start=\"416\" data-end=\"454\">Sabor mais encorpado e equilibrado<\/li>\n<li data-section-id=\"1wljs3m\" data-start=\"455\" data-end=\"478\">Levemente adocicada<\/li>\n<li data-section-id=\"1j1vbjl\" data-start=\"479\" data-end=\"502\">Refrescante e suave<\/li>\n<li data-section-id=\"cb5308\" data-start=\"503\" data-end=\"529\">Garrafa de vidro 300ml<\/li>\n<\/ul>\n<p data-start=\"531\" data-end=\"578\">Ideal para dividir e aproveitar com mais sabor!<\/p>\n","protected":false},"excerpt":{"rendered":"<ul data-start=\"378\" data-end=\"529\">\n<li data-section-id=\"1p6qq6r\" data-start=\"378\" data-end=\"415\">Produzida com dois tipos de malte<\/li>\n<li data-section-id=\"1gem2pa\" data-start=\"416\" data-end=\"454\">Sabor mais encorpado e equilibrado<\/li>\n<li data-section-id=\"1wljs3m\" data-start=\"455\" data-end=\"478\">Levemente adocicada<\/li>\n<li data-section-id=\"1j1vbjl\" data-start=\"479\" data-end=\"502\">Refrescante e suave<\/li>\n<li data-section-id=\"cb5308\" data-start=\"503\" data-end=\"529\">Garrafa de vidro 300ml<\/li>\n<\/ul>\n","protected":false},"author":43538,"featured_media":253385,"comment_status":"closed","ping_status":"closed","template":"","meta":[],"pwb-brand":[],"product_brand":[],"product_cat":[8293,8349],"product_tag":[],"class_list":{"0":"post-253383","1":"product","2":"type-product","3":"status-publish","4":"has-post-thumbnail","6":"product_cat-produtos-brasileiros","7":"product_cat-cerveja-pt-pt","9":"first","10":"instock","11":"taxable","12":"shipping-taxable","13":"purchasable","14":"product-type-simple"},"aioseo_notices":[],"brands":[],"_links":{"self":[{"href":"https:\/\/www.delicias-uk.com\/pt-pt\/wp-json\/wp\/v2\/product\/253383","targetHints":{"allow":["GET"]}}],"collection":[{"href":"https:\/\/www.delicias-uk.com\/pt-pt\/wp-json\/wp\/v2\/product"}],"about":[{"href":"https:\/\/www.delicias-uk.com\/pt-pt\/wp-json\/wp\/v2\/types\/product"}],"author":[{"embeddable":true,"href":"https:\/\/www.delicias-uk.com\/pt-pt\/wp-json\/wp\/v2\/users\/43538"}],"replies":[{"embeddable":true,"href":"https:\/\/www.delicias-uk.com\/pt-pt\/wp-json\/wp\/v2\/comments?post=253383"}],"wp:featuredmedia":[{"embeddable":true,"href":"https:\/\/www.delicias-uk.com\/pt-pt\/wp-json\/wp\/v2\/media\/253385"}],"wp:attachment":[{"href":"https:\/\/www.delicias-uk.com\/pt-pt\/wp-json\/wp\/v2\/media?parent=253383"}],"wp:term":[{"taxonomy":"pwb-brand","embeddable":true,"href":"https:\/\/www.delicias-uk.com\/pt-pt\/wp-json\/wp\/v2\/pwb-brand?post=253383"},{"taxonomy":"product_brand","embeddable":true,"href":"https:\/\/www.delicias-uk.com\/pt-pt\/wp-json\/wp\/v2\/product_brand?post=253383"},{"taxonomy":"product_cat","embeddable":true,"href":"https:\/\/www.delicias-uk.com\/pt-pt\/wp-json\/wp\/v2\/product_cat?post=253383"},{"taxonomy":"product_tag","embeddable":true,"href":"https:\/\/www.delicias-uk.com\/pt-pt\/wp-json\/wp\/v2\/product_tag?post=253383"}],"curies":[{"name":"wp","href":"https:\/\/api.w.org\/{rel}","templated":true}]}}