{"id":253376,"date":"2026-04-21T11:43:04","date_gmt":"2026-04-21T10:43:04","guid":{"rendered":"https:\/\/www.delicias-uk.com\/?post_type=product&#038;p=253376"},"modified":"2026-04-21T11:45:29","modified_gmt":"2026-04-21T10:45:29","slug":"goma-dori-jubes-snack-fruta-tropical-tubo-48g","status":"publish","type":"product","link":"https:\/\/www.delicias-uk.com\/pt-pt\/produto\/goma-dori-jubes-snack-fruta-tropical-tubo-48g\/","title":{"rendered":"Goma Dori Jubes Snack Fruta Tropical Tubo 48g"},"content":{"rendered":"<p data-start=\"107\" data-end=\"376\">A <strong data-start=\"109\" data-end=\"158\">Goma Dori Jubes Snack Fruta Tropical Tubo 48g<\/strong>\u00a0\u00e9 perfeita para quem busca um doce pr\u00e1tico, saboroso e cheio de divers\u00e3o. Com sabores tropicais irresist\u00edveis, essas gomas possuem textura macia e formato divertido, ideais para um snack r\u00e1pido a qualquer hora do dia.<\/p>\n<p data-start=\"378\" data-end=\"491\">A embalagem em tubo de 48g \u00e9 compacta e f\u00e1cil de transportar, perfeita para levar na bolsa, mochila ou lancheira.<\/p>\n<p data-start=\"493\" data-end=\"507\"><strong data-start=\"493\" data-end=\"507\">Destaques:<\/strong><\/p>\n<ul data-start=\"508\" data-end=\"699\">\n<li data-section-id=\"1rxnn5f\" data-start=\"508\" data-end=\"550\">Deliciosos sabores de frutas tropicais<\/li>\n<li data-section-id=\"9fu9cu\" data-start=\"551\" data-end=\"580\">Textura macia e agrad\u00e1vel<\/li>\n<li data-section-id=\"1xs0kcp\" data-start=\"581\" data-end=\"612\">Formato divertido e pr\u00e1tico<\/li>\n<li data-section-id=\"1m0zh9l\" data-start=\"613\" data-end=\"649\">Embalagem em tubo f\u00e1cil de levar<\/li>\n<li data-section-id=\"pf6ah1\" data-start=\"650\" data-end=\"699\">Ideal para lanches e momentos de descontra\u00e7\u00e3o<\/li>\n<\/ul>\n<p data-start=\"701\" data-end=\"753\">Uma op\u00e7\u00e3o doce e refrescante para alegrar o seu dia!<\/p>\n","protected":false},"excerpt":{"rendered":"<ul>\n<li>Deliciosos sabores de frutas tropicais<\/li>\n<li>Textura macia e agrad\u00e1vel<\/li>\n<li>Formato divertido e pr\u00e1tico<\/li>\n<li>Embalagem em tubo f\u00e1cil de levar<\/li>\n<li>Ideal para lanches e momentos de descontra\u00e7\u00e3o<\/li>\n<\/ul>\n","protected":false},"author":43538,"featured_media":253373,"comment_status":"closed","ping_status":"closed","template":"","meta":[],"pwb-brand":[],"product_brand":[],"product_cat":[8293,8385,8503],"product_tag":[],"class_list":{"0":"post-253376","1":"product","2":"type-product","3":"status-publish","4":"has-post-thumbnail","6":"product_cat-produtos-brasileiros","7":"product_cat-confeitaria-pt-pt","8":"product_cat-doces","10":"first","11":"instock","12":"taxable","13":"shipping-taxable","14":"purchasable","15":"product-type-simple"},"aioseo_notices":[],"brands":[],"_links":{"self":[{"href":"https:\/\/www.delicias-uk.com\/pt-pt\/wp-json\/wp\/v2\/product\/253376","targetHints":{"allow":["GET"]}}],"collection":[{"href":"https:\/\/www.delicias-uk.com\/pt-pt\/wp-json\/wp\/v2\/product"}],"about":[{"href":"https:\/\/www.delicias-uk.com\/pt-pt\/wp-json\/wp\/v2\/types\/product"}],"author":[{"embeddable":true,"href":"https:\/\/www.delicias-uk.com\/pt-pt\/wp-json\/wp\/v2\/users\/43538"}],"replies":[{"embeddable":true,"href":"https:\/\/www.delicias-uk.com\/pt-pt\/wp-json\/wp\/v2\/comments?post=253376"}],"wp:featuredmedia":[{"embeddable":true,"href":"https:\/\/www.delicias-uk.com\/pt-pt\/wp-json\/wp\/v2\/media\/253373"}],"wp:attachment":[{"href":"https:\/\/www.delicias-uk.com\/pt-pt\/wp-json\/wp\/v2\/media?parent=253376"}],"wp:term":[{"taxonomy":"pwb-brand","embeddable":true,"href":"https:\/\/www.delicias-uk.com\/pt-pt\/wp-json\/wp\/v2\/pwb-brand?post=253376"},{"taxonomy":"product_brand","embeddable":true,"href":"https:\/\/www.delicias-uk.com\/pt-pt\/wp-json\/wp\/v2\/product_brand?post=253376"},{"taxonomy":"product_cat","embeddable":true,"href":"https:\/\/www.delicias-uk.com\/pt-pt\/wp-json\/wp\/v2\/product_cat?post=253376"},{"taxonomy":"product_tag","embeddable":true,"href":"https:\/\/www.delicias-uk.com\/pt-pt\/wp-json\/wp\/v2\/product_tag?post=253376"}],"curies":[{"name":"wp","href":"https:\/\/api.w.org\/{rel}","templated":true}]}}