{"id":252554,"date":"2026-04-13T15:43:32","date_gmt":"2026-04-13T14:43:32","guid":{"rendered":"https:\/\/www.delicias-uk.com\/?post_type=product&#038;p=252554"},"modified":"2026-04-13T15:46:26","modified_gmt":"2026-04-13T14:46:26","slug":"mandioca-em-pedacos-congelada-granum-de-1kg-2","status":"publish","type":"product","link":"https:\/\/www.delicias-uk.com\/pt-pt\/produto\/mandioca-em-pedacos-congelada-granum-de-1kg-2\/","title":{"rendered":"Mandioca em Peda\u00e7os Congelada Granum de 1kg"},"content":{"rendered":"<p data-start=\"61\" data-end=\"257\">Mais praticidade para o seu dia a dia! A mandioca em peda\u00e7os Granum \u00e9 cuidadosamente selecionada, j\u00e1 descascada e cortada em cubos, sendo congelada para preservar seu frescor, textura e qualidade.<\/p>\n<p data-start=\"259\" data-end=\"389\">Ideal para preparar cozidos, sopas, pur\u00eas e acompanhamentos, trazendo o sabor tradicional da mandioca com muito mais conveni\u00eancia.<\/p>\n<p data-start=\"391\" data-end=\"416\"><strong data-start=\"391\" data-end=\"416\">Destaques do produto:<\/strong><\/p>\n<ul>\n<li>Mandioca selecionada em peda\u00e7os<\/li>\n<li>J\u00e1 descascada e pronta para preparo<\/li>\n<li>Congelada para manter frescor e qualidade<\/li>\n<li>Ideal para diversas receitas<\/li>\n<li>Embalagem de 1kg<\/li>\n<\/ul>\n<p data-start=\"594\" data-end=\"638\">Perfeita para receitas pr\u00e1ticas e saborosas!<\/p>\n","protected":false},"excerpt":{"rendered":"<ul>\n<li>Mandioca selecionada em peda\u00e7os<\/li>\n<li>J\u00e1 descascada e pronta para preparo<\/li>\n<li>Congelada para manter frescor e qualidade<\/li>\n<li>Ideal para diversas receitas<\/li>\n<li>Embalagem de 1kg<\/li>\n<\/ul>\n","protected":false},"author":43538,"featured_media":252556,"comment_status":"open","ping_status":"closed","template":"","meta":[],"pwb-brand":[],"product_brand":[],"product_cat":[8289,8305,8427],"product_tag":[],"class_list":{"0":"post-252554","1":"product","2":"type-product","3":"status-publish","4":"has-post-thumbnail","6":"product_cat-inicio","7":"product_cat-produtos-congelados","8":"product_cat-legume-e-vegetal-congelado","10":"first","11":"outofstock","12":"taxable","13":"shipping-taxable","14":"purchasable","15":"product-type-simple"},"aioseo_notices":[],"brands":[],"_links":{"self":[{"href":"https:\/\/www.delicias-uk.com\/pt-pt\/wp-json\/wp\/v2\/product\/252554","targetHints":{"allow":["GET"]}}],"collection":[{"href":"https:\/\/www.delicias-uk.com\/pt-pt\/wp-json\/wp\/v2\/product"}],"about":[{"href":"https:\/\/www.delicias-uk.com\/pt-pt\/wp-json\/wp\/v2\/types\/product"}],"author":[{"embeddable":true,"href":"https:\/\/www.delicias-uk.com\/pt-pt\/wp-json\/wp\/v2\/users\/43538"}],"replies":[{"embeddable":true,"href":"https:\/\/www.delicias-uk.com\/pt-pt\/wp-json\/wp\/v2\/comments?post=252554"}],"wp:featuredmedia":[{"embeddable":true,"href":"https:\/\/www.delicias-uk.com\/pt-pt\/wp-json\/wp\/v2\/media\/252556"}],"wp:attachment":[{"href":"https:\/\/www.delicias-uk.com\/pt-pt\/wp-json\/wp\/v2\/media?parent=252554"}],"wp:term":[{"taxonomy":"pwb-brand","embeddable":true,"href":"https:\/\/www.delicias-uk.com\/pt-pt\/wp-json\/wp\/v2\/pwb-brand?post=252554"},{"taxonomy":"product_brand","embeddable":true,"href":"https:\/\/www.delicias-uk.com\/pt-pt\/wp-json\/wp\/v2\/product_brand?post=252554"},{"taxonomy":"product_cat","embeddable":true,"href":"https:\/\/www.delicias-uk.com\/pt-pt\/wp-json\/wp\/v2\/product_cat?post=252554"},{"taxonomy":"product_tag","embeddable":true,"href":"https:\/\/www.delicias-uk.com\/pt-pt\/wp-json\/wp\/v2\/product_tag?post=252554"}],"curies":[{"name":"wp","href":"https:\/\/api.w.org\/{rel}","templated":true}]}}