{"id":252550,"date":"2026-04-13T15:36:02","date_gmt":"2026-04-13T14:36:02","guid":{"rendered":"https:\/\/www.delicias-uk.com\/?post_type=product&#038;p=252550"},"modified":"2026-04-13T15:42:04","modified_gmt":"2026-04-13T14:42:04","slug":"mandioca-fatiada-congelada-granum-1kg-2","status":"publish","type":"product","link":"https:\/\/www.delicias-uk.com\/pt-pt\/produto\/mandioca-fatiada-congelada-granum-1kg-2\/","title":{"rendered":"Mandioca Fatiada Congelada Granum 1kg"},"content":{"rendered":"<p data-start=\"58\" data-end=\"239\">Praticidade e sabor na sua cozinha! A mandioca fatiada Granum \u00e9 cuidadosamente selecionada, j\u00e1 descascada e cortada, sendo congelada para preservar seu frescor, textura e qualidade.<\/p>\n<p data-start=\"241\" data-end=\"395\">Ideal para diversas receitas como frituras, cozidos, acompanhamentos e pratos t\u00edpicos brasileiros, oferecendo conveni\u00eancia sem abrir m\u00e3o do sabor caseiro.<\/p>\n<p data-start=\"397\" data-end=\"422\"><strong data-start=\"397\" data-end=\"422\">Destaques do produto:<\/strong><\/p>\n<ul>\n<li>Mandioca selecionada e fatiada<\/li>\n<li>J\u00e1 descascada e pronta para preparo<\/li>\n<li>Congelada para manter frescor e qualidade<\/li>\n<li>Ideal para diversas receitas<\/li>\n<li>Embalagem de 1kg<\/li>\n<\/ul>\n<p data-start=\"599\" data-end=\"655\">Perfeita para facilitar o seu dia a dia com muito sabor!<\/p>\n","protected":false},"excerpt":{"rendered":"<ul>\n<li>Mandioca selecionada e fatiada<\/li>\n<li>J\u00e1 descascada e pronta para preparo<\/li>\n<li>Congelada para manter frescor e qualidade<\/li>\n<li>Ideal para diversas receitas<\/li>\n<li>Embalagem de 1kg<\/li>\n<\/ul>\n","protected":false},"author":43538,"featured_media":252552,"comment_status":"open","ping_status":"closed","template":"","meta":[],"pwb-brand":[],"product_brand":[],"product_cat":[8289,8305,8427],"product_tag":[],"class_list":{"0":"post-252550","1":"product","2":"type-product","3":"status-publish","4":"has-post-thumbnail","6":"product_cat-inicio","7":"product_cat-produtos-congelados","8":"product_cat-legume-e-vegetal-congelado","10":"first","11":"outofstock","12":"taxable","13":"shipping-taxable","14":"purchasable","15":"product-type-simple"},"aioseo_notices":[],"brands":[],"_links":{"self":[{"href":"https:\/\/www.delicias-uk.com\/pt-pt\/wp-json\/wp\/v2\/product\/252550","targetHints":{"allow":["GET"]}}],"collection":[{"href":"https:\/\/www.delicias-uk.com\/pt-pt\/wp-json\/wp\/v2\/product"}],"about":[{"href":"https:\/\/www.delicias-uk.com\/pt-pt\/wp-json\/wp\/v2\/types\/product"}],"author":[{"embeddable":true,"href":"https:\/\/www.delicias-uk.com\/pt-pt\/wp-json\/wp\/v2\/users\/43538"}],"replies":[{"embeddable":true,"href":"https:\/\/www.delicias-uk.com\/pt-pt\/wp-json\/wp\/v2\/comments?post=252550"}],"wp:featuredmedia":[{"embeddable":true,"href":"https:\/\/www.delicias-uk.com\/pt-pt\/wp-json\/wp\/v2\/media\/252552"}],"wp:attachment":[{"href":"https:\/\/www.delicias-uk.com\/pt-pt\/wp-json\/wp\/v2\/media?parent=252550"}],"wp:term":[{"taxonomy":"pwb-brand","embeddable":true,"href":"https:\/\/www.delicias-uk.com\/pt-pt\/wp-json\/wp\/v2\/pwb-brand?post=252550"},{"taxonomy":"product_brand","embeddable":true,"href":"https:\/\/www.delicias-uk.com\/pt-pt\/wp-json\/wp\/v2\/product_brand?post=252550"},{"taxonomy":"product_cat","embeddable":true,"href":"https:\/\/www.delicias-uk.com\/pt-pt\/wp-json\/wp\/v2\/product_cat?post=252550"},{"taxonomy":"product_tag","embeddable":true,"href":"https:\/\/www.delicias-uk.com\/pt-pt\/wp-json\/wp\/v2\/product_tag?post=252550"}],"curies":[{"name":"wp","href":"https:\/\/api.w.org\/{rel}","templated":true}]}}