{"id":252519,"date":"2026-04-13T09:48:18","date_gmt":"2026-04-13T08:48:18","guid":{"rendered":"https:\/\/www.delicias-uk.com\/?post_type=product&#038;p=252519"},"modified":"2026-04-13T09:51:24","modified_gmt":"2026-04-13T08:51:24","slug":"pera-manca-2023-75cl","status":"publish","type":"product","link":"https:\/\/www.delicias-uk.com\/pt-pt\/produto\/pera-manca-2023-75cl\/","title":{"rendered":"Pera Manca 2023 75cl"},"content":{"rendered":"<p style=\"margin-top: 0pt; margin-bottom: 0pt; margin-left: 0in; text-align: left;\">P\u00eara-Manca \u00e9 a marca que a Funda\u00e7\u00e3o Eug\u00e9nio de Almeida destina aos seus vinhos de excep\u00e7\u00e3o.<\/p>\n<p style=\"margin-top: 0pt; margin-bottom: 0pt; margin-left: 0in; text-align: left;\">Os vinhos brancos t\u00eam por base as castas Ant\u00e3o Vaz e Arinto, apresentando uma cor citrina, um aroma frutado persistente, fino e complexo. Na boca, s\u00e3o macios, secos, complexos e equilibrados.<\/p>\n<ul>\n<li><strong>Produtor:<\/strong>\u00a0Fundacao Eugenio de Almeida<\/li>\n<li><strong>Regi\u00e3o:<\/strong>\u00a0Alentejo<\/li>\n<li><strong>Pa\u00eds:<\/strong>\u00a0Portugal<\/li>\n<li><strong>Estilo de Vinho:<\/strong>\u00a0Vinho Branco<\/li>\n<li><strong>Uva:<\/strong>\u00a0Ant\u00e3o Vaz e Arinto<\/li>\n<li><strong>Garrafa:<\/strong>\u00a0750ml<\/li>\n<li><strong>Teor de \u00e1lcool:<\/strong>\u00a013%<\/li>\n<\/ul>\n<p style=\"margin-top: 0pt; margin-bottom: 0pt; margin-left: 0in; text-align: left;\">\n","protected":false},"excerpt":{"rendered":"<ul style=\"list-style-type: disc;\">\n<li><strong>Produtor:<\/strong> Fundacao Eugenio de Almeida<\/li>\n<li><strong>Regi\u00e3o:<\/strong> Alentejo<\/li>\n<li><strong>Pa\u00eds:<\/strong> Portugal<\/li>\n<li><strong>Estilo de Vinho:<\/strong> Vinho Branco<\/li>\n<li><strong>Uva:<\/strong> Ant\u00e3o Vaz e Arinto<\/li>\n<li><strong>Garrafa:<\/strong> 750ml<\/li>\n<li><strong>Teor de \u00e1lcool:<\/strong> 13%<\/li>\n<\/ul>\n","protected":false},"author":43538,"featured_media":194460,"comment_status":"open","ping_status":"closed","template":"","meta":[],"pwb-brand":[],"product_brand":[],"product_cat":[8289,8291,8431,8489,8687],"product_tag":[],"class_list":{"0":"post-252519","1":"product","2":"type-product","3":"status-publish","4":"has-post-thumbnail","6":"product_cat-inicio","7":"product_cat-produtos-portugueses","8":"product_cat-vinhos-pt-pt","9":"product_cat-vinho-branco","10":"product_cat-alentejo-pt-pt-vinho-branco","12":"first","13":"instock","14":"featured","15":"taxable","16":"shipping-taxable","17":"purchasable","18":"product-type-simple"},"aioseo_notices":[],"brands":[],"_links":{"self":[{"href":"https:\/\/www.delicias-uk.com\/pt-pt\/wp-json\/wp\/v2\/product\/252519","targetHints":{"allow":["GET"]}}],"collection":[{"href":"https:\/\/www.delicias-uk.com\/pt-pt\/wp-json\/wp\/v2\/product"}],"about":[{"href":"https:\/\/www.delicias-uk.com\/pt-pt\/wp-json\/wp\/v2\/types\/product"}],"author":[{"embeddable":true,"href":"https:\/\/www.delicias-uk.com\/pt-pt\/wp-json\/wp\/v2\/users\/43538"}],"replies":[{"embeddable":true,"href":"https:\/\/www.delicias-uk.com\/pt-pt\/wp-json\/wp\/v2\/comments?post=252519"}],"wp:featuredmedia":[{"embeddable":true,"href":"https:\/\/www.delicias-uk.com\/pt-pt\/wp-json\/wp\/v2\/media\/194460"}],"wp:attachment":[{"href":"https:\/\/www.delicias-uk.com\/pt-pt\/wp-json\/wp\/v2\/media?parent=252519"}],"wp:term":[{"taxonomy":"pwb-brand","embeddable":true,"href":"https:\/\/www.delicias-uk.com\/pt-pt\/wp-json\/wp\/v2\/pwb-brand?post=252519"},{"taxonomy":"product_brand","embeddable":true,"href":"https:\/\/www.delicias-uk.com\/pt-pt\/wp-json\/wp\/v2\/product_brand?post=252519"},{"taxonomy":"product_cat","embeddable":true,"href":"https:\/\/www.delicias-uk.com\/pt-pt\/wp-json\/wp\/v2\/product_cat?post=252519"},{"taxonomy":"product_tag","embeddable":true,"href":"https:\/\/www.delicias-uk.com\/pt-pt\/wp-json\/wp\/v2\/product_tag?post=252519"}],"curies":[{"name":"wp","href":"https:\/\/api.w.org\/{rel}","templated":true}]}}