{"id":252513,"date":"2026-04-13T09:40:54","date_gmt":"2026-04-13T08:40:54","guid":{"rendered":"https:\/\/www.delicias-uk.com\/?post_type=product&#038;p=252513"},"modified":"2026-04-13T09:40:55","modified_gmt":"2026-04-13T08:40:55","slug":"pamonha-pura-doce-congelada-sachet-180g","status":"publish","type":"product","link":"https:\/\/www.delicias-uk.com\/pt-pt\/produto\/pamonha-pura-doce-congelada-sachet-180g\/","title":{"rendered":"Pamonha Pura Doce Congelada Sachet 180g"},"content":{"rendered":"<p data-start=\"106\" data-end=\"370\">A tradicional pamonha doce que traz o sabor aut\u00eantico do milho verde em uma vers\u00e3o pr\u00e1tica e congelada. Produzida com ingredientes selecionados, essa pamonha pura oferece textura macia, leve do\u00e7ura natural e aquele gostinho caseiro t\u00edpico das receitas brasileiras.<\/p>\n<p data-start=\"372\" data-end=\"505\">Perfeita para sobremesas ou um lanche especial, basta aquecer para aproveitar toda a qualidade e frescor preservados no congelamento.<\/p>\n<p data-start=\"507\" data-end=\"532\"><strong data-start=\"507\" data-end=\"532\">Destaques do produto:<\/strong><\/p>\n<ul>\n<li>Sabor doce e natural de milho verde<\/li>\n<li>Textura macia e cremosa<\/li>\n<li>Pronta para aquecer<\/li>\n<li>Praticidade no preparo<\/li>\n<li>Por\u00e7\u00e3o individual de 180g<\/li>\n<\/ul>\n<p data-start=\"683\" data-end=\"742\">Ideal para quem busca um doce tradicional com conveni\u00eancia!<\/p>\n","protected":false},"excerpt":{"rendered":"<ul>\n<li>Sabor doce e natural de milho verde<\/li>\n<li>Textura macia e cremosa<\/li>\n<li>Pronta para aquecer<\/li>\n<li>Praticidade no preparo<\/li>\n<li>Por\u00e7\u00e3o individual de 180g<\/li>\n<\/ul>\n","protected":false},"author":43538,"featured_media":252512,"comment_status":"closed","ping_status":"closed","template":"","meta":[],"pwb-brand":[],"product_brand":[],"product_cat":[8305,8329,8407],"product_tag":[],"class_list":{"0":"post-252513","1":"product","2":"type-product","3":"status-publish","4":"has-post-thumbnail","6":"product_cat-produtos-congelados","7":"product_cat-sobremesa-congelada","8":"product_cat-refeicao-pronta-congelada","10":"first","11":"outofstock","12":"taxable","13":"shipping-taxable","14":"purchasable","15":"product-type-simple"},"aioseo_notices":[],"brands":[],"_links":{"self":[{"href":"https:\/\/www.delicias-uk.com\/pt-pt\/wp-json\/wp\/v2\/product\/252513","targetHints":{"allow":["GET"]}}],"collection":[{"href":"https:\/\/www.delicias-uk.com\/pt-pt\/wp-json\/wp\/v2\/product"}],"about":[{"href":"https:\/\/www.delicias-uk.com\/pt-pt\/wp-json\/wp\/v2\/types\/product"}],"author":[{"embeddable":true,"href":"https:\/\/www.delicias-uk.com\/pt-pt\/wp-json\/wp\/v2\/users\/43538"}],"replies":[{"embeddable":true,"href":"https:\/\/www.delicias-uk.com\/pt-pt\/wp-json\/wp\/v2\/comments?post=252513"}],"wp:featuredmedia":[{"embeddable":true,"href":"https:\/\/www.delicias-uk.com\/pt-pt\/wp-json\/wp\/v2\/media\/252512"}],"wp:attachment":[{"href":"https:\/\/www.delicias-uk.com\/pt-pt\/wp-json\/wp\/v2\/media?parent=252513"}],"wp:term":[{"taxonomy":"pwb-brand","embeddable":true,"href":"https:\/\/www.delicias-uk.com\/pt-pt\/wp-json\/wp\/v2\/pwb-brand?post=252513"},{"taxonomy":"product_brand","embeddable":true,"href":"https:\/\/www.delicias-uk.com\/pt-pt\/wp-json\/wp\/v2\/product_brand?post=252513"},{"taxonomy":"product_cat","embeddable":true,"href":"https:\/\/www.delicias-uk.com\/pt-pt\/wp-json\/wp\/v2\/product_cat?post=252513"},{"taxonomy":"product_tag","embeddable":true,"href":"https:\/\/www.delicias-uk.com\/pt-pt\/wp-json\/wp\/v2\/product_tag?post=252513"}],"curies":[{"name":"wp","href":"https:\/\/api.w.org\/{rel}","templated":true}]}}