{"id":251591,"date":"2026-03-27T09:16:51","date_gmt":"2026-03-27T09:16:51","guid":{"rendered":"https:\/\/www.delicias-uk.com\/?post_type=product&#038;p=251591"},"modified":"2026-03-31T14:41:55","modified_gmt":"2026-03-31T13:41:55","slug":"rissois-de-leitao-delidu-100g-x-4-unidades","status":"publish","type":"product","link":"https:\/\/www.delicias-uk.com\/pt-pt\/produto\/rissois-de-leitao-delidu-100g-x-4-unidades\/","title":{"rendered":"Riss\u00f3is de Leit\u00e3o Delidu 100g x 4 unidades"},"content":{"rendered":"<p data-start=\"76\" data-end=\"182\">Um cl\u00e1ssico portugu\u00eas com sabor irresist\u00edvel.<\/p>\n<p data-start=\"184\" data-end=\"409\">Descubra o aut\u00eantico sabor dos riss\u00f3is de leit\u00e3o Delidu, preparados com um recheio suculento e bem temperado, envolvido numa massa fina e crocante. Uma combina\u00e7\u00e3o perfeita de tradi\u00e7\u00e3o e qualidade, ideal para qualquer ocasi\u00e3o.<\/p>\n<ul>\n<li data-start=\"411\" data-end=\"522\">Recheio rico e saboroso de leit\u00e3o<\/li>\n<li data-start=\"411\" data-end=\"522\">Massa leve e crocante<\/li>\n<li data-start=\"411\" data-end=\"522\">Pronto a preparar de forma r\u00e1pida e pr\u00e1tica<\/li>\n<\/ul>\n<p data-start=\"524\" data-end=\"584\">Peso: 100g (4 unidades) \u2013 ideal para partilhar ou petiscar<\/p>\n<p data-start=\"586\" data-end=\"627\">Delidu: tradi\u00e7\u00e3o e sabor em cada mordida!<\/p>\n","protected":false},"excerpt":{"rendered":"<ul>\n<li data-start=\"411\" data-end=\"522\">Recheio rico e saboroso de leit\u00e3o<\/li>\n<li data-start=\"411\" data-end=\"522\">Massa leve e crocante<\/li>\n<li data-start=\"411\" data-end=\"522\">Pronto a preparar de forma r\u00e1pida e pr\u00e1tica<\/li>\n<\/ul>\n","protected":false},"author":43538,"featured_media":251588,"comment_status":"closed","ping_status":"closed","template":"","meta":[],"pwb-brand":[],"product_brand":[],"product_cat":[8305,8413],"product_tag":[],"class_list":{"0":"post-251591","1":"product","2":"type-product","3":"status-publish","4":"has-post-thumbnail","6":"product_cat-produtos-congelados","7":"product_cat-salgado-congelado","9":"first","10":"outofstock","11":"taxable","12":"shipping-taxable","13":"purchasable","14":"product-type-simple"},"aioseo_notices":[],"brands":[],"_links":{"self":[{"href":"https:\/\/www.delicias-uk.com\/pt-pt\/wp-json\/wp\/v2\/product\/251591","targetHints":{"allow":["GET"]}}],"collection":[{"href":"https:\/\/www.delicias-uk.com\/pt-pt\/wp-json\/wp\/v2\/product"}],"about":[{"href":"https:\/\/www.delicias-uk.com\/pt-pt\/wp-json\/wp\/v2\/types\/product"}],"author":[{"embeddable":true,"href":"https:\/\/www.delicias-uk.com\/pt-pt\/wp-json\/wp\/v2\/users\/43538"}],"replies":[{"embeddable":true,"href":"https:\/\/www.delicias-uk.com\/pt-pt\/wp-json\/wp\/v2\/comments?post=251591"}],"wp:featuredmedia":[{"embeddable":true,"href":"https:\/\/www.delicias-uk.com\/pt-pt\/wp-json\/wp\/v2\/media\/251588"}],"wp:attachment":[{"href":"https:\/\/www.delicias-uk.com\/pt-pt\/wp-json\/wp\/v2\/media?parent=251591"}],"wp:term":[{"taxonomy":"pwb-brand","embeddable":true,"href":"https:\/\/www.delicias-uk.com\/pt-pt\/wp-json\/wp\/v2\/pwb-brand?post=251591"},{"taxonomy":"product_brand","embeddable":true,"href":"https:\/\/www.delicias-uk.com\/pt-pt\/wp-json\/wp\/v2\/product_brand?post=251591"},{"taxonomy":"product_cat","embeddable":true,"href":"https:\/\/www.delicias-uk.com\/pt-pt\/wp-json\/wp\/v2\/product_cat?post=251591"},{"taxonomy":"product_tag","embeddable":true,"href":"https:\/\/www.delicias-uk.com\/pt-pt\/wp-json\/wp\/v2\/product_tag?post=251591"}],"curies":[{"name":"wp","href":"https:\/\/api.w.org\/{rel}","templated":true}]}}