{"id":251558,"date":"2026-03-26T17:36:59","date_gmt":"2026-03-26T17:36:59","guid":{"rendered":"https:\/\/www.delicias-uk.com\/?post_type=product&#038;p=251558"},"modified":"2026-03-26T17:38:41","modified_gmt":"2026-03-26T17:38:41","slug":"gelado-de-banana-da-madeira-com-bolacha-negra-fabridoce-5l","status":"publish","type":"product","link":"https:\/\/www.delicias-uk.com\/pt-pt\/produto\/gelado-de-banana-da-madeira-com-bolacha-negra-fabridoce-5l\/","title":{"rendered":"Gelado de Banana da Madeira com Bolacha Negra Fabridoce 5L"},"content":{"rendered":"<p data-start=\"4147\" data-end=\"4265\"><strong data-start=\"4157\" data-end=\"4218\">Fabridoce Gelado de Banana da Madeira com Bolacha Negr \u2013 5L<\/strong><br data-start=\"4218\" data-end=\"4221\" \/>Uma combina\u00e7\u00e3o rica com inspira\u00e7\u00e3o regional.<\/p>\n<p data-start=\"4267\" data-end=\"4410\">Saboreie a do\u00e7ura natural da banana da Madeira combinada com peda\u00e7os de bolo negro, criando uma sobremesa cremosa, intensa e cheia de tradi\u00e7\u00e3o.<\/p>\n<ul>\n<li data-start=\"4412\" data-end=\"4514\">Sabor aut\u00eantico e reconfortante<\/li>\n<li data-start=\"4412\" data-end=\"4514\">Com peda\u00e7os de bolacha negra<\/li>\n<li data-start=\"4412\" data-end=\"4514\">Combina\u00e7\u00e3o rica e diferenciadora<\/li>\n<\/ul>\n<p data-start=\"4516\" data-end=\"4560\">Volume: 5 Litros \u2013 ideal para alta procura<\/p>\n<p data-start=\"4562\" data-end=\"4599\">Fabridoce: qualidade que se saboreia!<\/p>\n","protected":false},"excerpt":{"rendered":"<ul>\n<li data-start=\"4412\" data-end=\"4514\">Sabor aut\u00eantico e reconfortante<\/li>\n<li data-start=\"4412\" data-end=\"4514\">Com peda\u00e7os de bolacha negra<\/li>\n<li data-start=\"4412\" data-end=\"4514\">Combina\u00e7\u00e3o rica e diferenciadora<\/li>\n<\/ul>\n","protected":false},"author":43538,"featured_media":251557,"comment_status":"closed","ping_status":"closed","template":"","meta":[],"pwb-brand":[],"product_brand":[],"product_cat":[8305,8383],"product_tag":[],"class_list":{"0":"post-251558","1":"product","2":"type-product","3":"status-publish","4":"has-post-thumbnail","6":"product_cat-produtos-congelados","7":"product_cat-sorvete-e-sorbet-congelado","9":"first","10":"instock","11":"taxable","12":"shipping-taxable","13":"purchasable","14":"product-type-simple"},"aioseo_notices":[],"brands":[],"_links":{"self":[{"href":"https:\/\/www.delicias-uk.com\/pt-pt\/wp-json\/wp\/v2\/product\/251558","targetHints":{"allow":["GET"]}}],"collection":[{"href":"https:\/\/www.delicias-uk.com\/pt-pt\/wp-json\/wp\/v2\/product"}],"about":[{"href":"https:\/\/www.delicias-uk.com\/pt-pt\/wp-json\/wp\/v2\/types\/product"}],"author":[{"embeddable":true,"href":"https:\/\/www.delicias-uk.com\/pt-pt\/wp-json\/wp\/v2\/users\/43538"}],"replies":[{"embeddable":true,"href":"https:\/\/www.delicias-uk.com\/pt-pt\/wp-json\/wp\/v2\/comments?post=251558"}],"wp:featuredmedia":[{"embeddable":true,"href":"https:\/\/www.delicias-uk.com\/pt-pt\/wp-json\/wp\/v2\/media\/251557"}],"wp:attachment":[{"href":"https:\/\/www.delicias-uk.com\/pt-pt\/wp-json\/wp\/v2\/media?parent=251558"}],"wp:term":[{"taxonomy":"pwb-brand","embeddable":true,"href":"https:\/\/www.delicias-uk.com\/pt-pt\/wp-json\/wp\/v2\/pwb-brand?post=251558"},{"taxonomy":"product_brand","embeddable":true,"href":"https:\/\/www.delicias-uk.com\/pt-pt\/wp-json\/wp\/v2\/product_brand?post=251558"},{"taxonomy":"product_cat","embeddable":true,"href":"https:\/\/www.delicias-uk.com\/pt-pt\/wp-json\/wp\/v2\/product_cat?post=251558"},{"taxonomy":"product_tag","embeddable":true,"href":"https:\/\/www.delicias-uk.com\/pt-pt\/wp-json\/wp\/v2\/product_tag?post=251558"}],"curies":[{"name":"wp","href":"https:\/\/api.w.org\/{rel}","templated":true}]}}