{"id":251553,"date":"2026-03-26T17:24:50","date_gmt":"2026-03-26T17:24:50","guid":{"rendered":"https:\/\/www.delicias-uk.com\/?post_type=product&#038;p=251553"},"modified":"2026-03-26T17:45:16","modified_gmt":"2026-03-26T17:45:16","slug":"gelado-de-framboesa-fabridoce-5l","status":"publish","type":"product","link":"https:\/\/www.delicias-uk.com\/pt-pt\/produto\/gelado-de-framboesa-fabridoce-5l\/","title":{"rendered":"Gelado de Framboesa Fabridoce 5L"},"content":{"rendered":"<p data-start=\"3274\" data-end=\"3361\"><strong data-start=\"3284\" data-end=\"3323\">Fabridoce Gelado de Framboesa \u2013 5L<\/strong><br data-start=\"3323\" data-end=\"3326\" \/>Intensidade frutada em cada colher.<\/p>\n<p data-start=\"3363\" data-end=\"3504\">Desfrute do sabor aut\u00eantico da framboesa, com um equil\u00edbrio perfeito entre do\u00e7ura e acidez. Um sorvete leve, refrescante e cheio de car\u00e1cter.<\/p>\n<ul>\n<li data-start=\"3506\" data-end=\"3597\">\u00a0Sabor intenso de fruta<\/li>\n<li data-start=\"3506\" data-end=\"3597\">Equil\u00edbrio entre doce e \u00e1cido<\/li>\n<li data-start=\"3506\" data-end=\"3597\">Textura leve e refrescante<\/li>\n<\/ul>\n<p data-start=\"3599\" data-end=\"3643\">Volume: 5 Litros \u2013 ideal para alta procura<\/p>\n<p data-start=\"3645\" data-end=\"3682\">Fabridoce: qualidade que se saboreia!<\/p>\n","protected":false},"excerpt":{"rendered":"<ul>\n<li data-start=\"3506\" data-end=\"3597\">\u00a0Sabor intenso de fruta<\/li>\n<li data-start=\"3506\" data-end=\"3597\">Equil\u00edbrio entre doce e \u00e1cido<\/li>\n<li data-start=\"3506\" data-end=\"3597\">Textura leve e refrescante<\/li>\n<\/ul>\n","protected":false},"author":43538,"featured_media":251550,"comment_status":"closed","ping_status":"closed","template":"","meta":[],"pwb-brand":[],"product_brand":[],"product_cat":[8305,8383],"product_tag":[],"class_list":{"0":"post-251553","1":"product","2":"type-product","3":"status-publish","4":"has-post-thumbnail","6":"product_cat-produtos-congelados","7":"product_cat-sorvete-e-sorbet-congelado","9":"first","10":"outofstock","11":"taxable","12":"shipping-taxable","13":"purchasable","14":"product-type-simple"},"aioseo_notices":[],"brands":[],"_links":{"self":[{"href":"https:\/\/www.delicias-uk.com\/pt-pt\/wp-json\/wp\/v2\/product\/251553","targetHints":{"allow":["GET"]}}],"collection":[{"href":"https:\/\/www.delicias-uk.com\/pt-pt\/wp-json\/wp\/v2\/product"}],"about":[{"href":"https:\/\/www.delicias-uk.com\/pt-pt\/wp-json\/wp\/v2\/types\/product"}],"author":[{"embeddable":true,"href":"https:\/\/www.delicias-uk.com\/pt-pt\/wp-json\/wp\/v2\/users\/43538"}],"replies":[{"embeddable":true,"href":"https:\/\/www.delicias-uk.com\/pt-pt\/wp-json\/wp\/v2\/comments?post=251553"}],"wp:featuredmedia":[{"embeddable":true,"href":"https:\/\/www.delicias-uk.com\/pt-pt\/wp-json\/wp\/v2\/media\/251550"}],"wp:attachment":[{"href":"https:\/\/www.delicias-uk.com\/pt-pt\/wp-json\/wp\/v2\/media?parent=251553"}],"wp:term":[{"taxonomy":"pwb-brand","embeddable":true,"href":"https:\/\/www.delicias-uk.com\/pt-pt\/wp-json\/wp\/v2\/pwb-brand?post=251553"},{"taxonomy":"product_brand","embeddable":true,"href":"https:\/\/www.delicias-uk.com\/pt-pt\/wp-json\/wp\/v2\/product_brand?post=251553"},{"taxonomy":"product_cat","embeddable":true,"href":"https:\/\/www.delicias-uk.com\/pt-pt\/wp-json\/wp\/v2\/product_cat?post=251553"},{"taxonomy":"product_tag","embeddable":true,"href":"https:\/\/www.delicias-uk.com\/pt-pt\/wp-json\/wp\/v2\/product_tag?post=251553"}],"curies":[{"name":"wp","href":"https:\/\/api.w.org\/{rel}","templated":true}]}}