{"id":251125,"date":"2026-03-20T09:47:50","date_gmt":"2026-03-20T09:47:50","guid":{"rendered":"https:\/\/www.delicias-uk.com\/?post_type=product&#038;p=251125"},"modified":"2026-04-01T11:16:09","modified_gmt":"2026-04-01T10:16:09","slug":"salsicha-calabresa-prisca-200g","status":"publish","type":"product","link":"https:\/\/www.delicias-uk.com\/pt-pt\/produto\/salsicha-calabresa-prisca-200g\/","title":{"rendered":"Salsicha Calabresa Prisca 200g"},"content":{"rendered":"<p data-start=\"97\" data-end=\"361\">A <strong data-start=\"99\" data-end=\"128\">Salsicha Calabresa Prisca<\/strong> \u00e9 um enchido de sabor intenso e levemente picante, inspirado na tradi\u00e7\u00e3o dos enchidos calabreses. Produzida com carnes selecionadas e uma combina\u00e7\u00e3o equilibrada de especiarias, destaca-se pelo seu aroma marcante e textura suculenta.<\/p>\n<p data-start=\"363\" data-end=\"480\">Com <strong data-start=\"367\" data-end=\"375\">200g<\/strong>, \u00e9 uma op\u00e7\u00e3o pr\u00e1tica e vers\u00e1til, ideal para grelhar, saltear ou dar um toque especial a diversos pratos.<\/p>\n<p data-start=\"482\" data-end=\"496\"><strong data-start=\"482\" data-end=\"496\">Destaques:<\/strong><\/p>\n<ul>\n<li data-start=\"499\" data-end=\"537\">Sabor intenso e ligeiramente picante<\/li>\n<li data-start=\"540\" data-end=\"575\">Elaborada com carnes selecionadas<\/li>\n<li data-start=\"578\" data-end=\"610\">Aroma rico e textura suculenta<\/li>\n<li data-start=\"613\" data-end=\"655\">Ideal para grelhar, cozinhar ou petiscar<\/li>\n<\/ul>\n<p data-start=\"657\" data-end=\"781\">Perfeita para quem aprecia sabores mais marcantes, a <strong data-start=\"710\" data-end=\"739\">Salsicha Calabresa Prisca<\/strong> traz personalidade e tradi\u00e7\u00e3o \u00e0 sua mesa.<\/p>\n","protected":false},"excerpt":{"rendered":"<ul>\n<li data-start=\"499\" data-end=\"537\">Sabor intenso e ligeiramente picante<\/li>\n<li data-start=\"540\" data-end=\"575\">Elaborada com carnes selecionadas<\/li>\n<li data-start=\"578\" data-end=\"610\">Aroma rico e textura suculenta<\/li>\n<li data-start=\"613\" data-end=\"655\">Ideal para grelhar, cozinhar ou petiscar<\/li>\n<\/ul>\n","protected":false},"author":43538,"featured_media":251129,"comment_status":"closed","ping_status":"closed","template":"","meta":[],"pwb-brand":[],"product_brand":[],"product_cat":[8289,8291,8337,8663],"product_tag":[],"class_list":{"0":"post-251125","1":"product","2":"type-product","3":"status-publish","4":"has-post-thumbnail","6":"product_cat-inicio","7":"product_cat-produtos-portugueses","8":"product_cat-charcutaria","9":"product_cat-chourico-e-salsicha","11":"first","12":"instock","13":"taxable","14":"shipping-taxable","15":"purchasable","16":"product-type-simple"},"aioseo_notices":[],"brands":[],"_links":{"self":[{"href":"https:\/\/www.delicias-uk.com\/pt-pt\/wp-json\/wp\/v2\/product\/251125","targetHints":{"allow":["GET"]}}],"collection":[{"href":"https:\/\/www.delicias-uk.com\/pt-pt\/wp-json\/wp\/v2\/product"}],"about":[{"href":"https:\/\/www.delicias-uk.com\/pt-pt\/wp-json\/wp\/v2\/types\/product"}],"author":[{"embeddable":true,"href":"https:\/\/www.delicias-uk.com\/pt-pt\/wp-json\/wp\/v2\/users\/43538"}],"replies":[{"embeddable":true,"href":"https:\/\/www.delicias-uk.com\/pt-pt\/wp-json\/wp\/v2\/comments?post=251125"}],"wp:featuredmedia":[{"embeddable":true,"href":"https:\/\/www.delicias-uk.com\/pt-pt\/wp-json\/wp\/v2\/media\/251129"}],"wp:attachment":[{"href":"https:\/\/www.delicias-uk.com\/pt-pt\/wp-json\/wp\/v2\/media?parent=251125"}],"wp:term":[{"taxonomy":"pwb-brand","embeddable":true,"href":"https:\/\/www.delicias-uk.com\/pt-pt\/wp-json\/wp\/v2\/pwb-brand?post=251125"},{"taxonomy":"product_brand","embeddable":true,"href":"https:\/\/www.delicias-uk.com\/pt-pt\/wp-json\/wp\/v2\/product_brand?post=251125"},{"taxonomy":"product_cat","embeddable":true,"href":"https:\/\/www.delicias-uk.com\/pt-pt\/wp-json\/wp\/v2\/product_cat?post=251125"},{"taxonomy":"product_tag","embeddable":true,"href":"https:\/\/www.delicias-uk.com\/pt-pt\/wp-json\/wp\/v2\/product_tag?post=251125"}],"curies":[{"name":"wp","href":"https:\/\/api.w.org\/{rel}","templated":true}]}}