{"id":251061,"date":"2026-03-19T12:29:27","date_gmt":"2026-03-19T12:29:27","guid":{"rendered":"https:\/\/www.delicias-uk.com\/?post_type=product&#038;p=251061"},"modified":"2026-03-19T12:31:26","modified_gmt":"2026-03-19T12:31:26","slug":"sobremesa-doce-do-antonio-sabor-caramelo-e-amendoim-150ml-x-8","status":"publish","type":"product","link":"https:\/\/www.delicias-uk.com\/pt-pt\/produto\/sobremesa-doce-do-antonio-sabor-caramelo-e-amendoim-150ml-x-8\/","title":{"rendered":"Sobremesa Doce do Antonio Sabor Caramelo e Amendoim 150ml x 8"},"content":{"rendered":"<p><strong>Doce do Antonio Sabor Caramelo e Amendoim 150ml<\/strong><br \/>\nUma sobremesa deliciosamente cremosa, com peda\u00e7os crocantes de caramelo dourado e amendoim torrado. Cada colherada oferece uma harmonia perfeita de suavidade e croc\u00e2ncia irresist\u00edvel \u2014 um verdadeiro deleite para os amantes de caramelo e nozes.<\/p>\n<p><strong>Sobremesas artesanais portuguesas \u2014 sem aditivos, apenas saborosas.<\/strong><\/p>\n<p>O DOCE DO ANT\u00d3NIO \u00e9 servido gelado e conservado em frio negativo (-18\u00ba), n\u00e3o gerando qualquer desperd\u00edcio.<\/p>\n<p>Produ\u00e7\u00e3o \u00e9 artesanal, \u201csem aditivos\u201d, com receita exclusiva e fabrico pr\u00f3prio<\/p>\n<p>A DOCE DO ANT\u00d3NIO criou sobremesas artesanais geladas e produzimos totalmente por m\u00e9todo artesanal com ingredientes de elevada qualidade e sem aditivos qu\u00edmicos artificiais; com texturas muito cremosas e com sabores \u00fanicos, aliamos tradi\u00e7\u00e3o e autenticidade que remete \u00e0s receitas tradicionais com um toque de sofistica\u00e7\u00e3o.<\/p>\n","protected":false},"excerpt":{"rendered":"<ul>\n<li>Sabor Caramelo e Amendoim<\/li>\n<li>Um sabor \u00fanico da heran\u00e7a portuguesa em cada colherada<\/li>\n<li>Peso L\u00edquido: 150ml<\/li>\n<li>8 unidades<\/li>\n<\/ul>\n","protected":false},"author":43538,"featured_media":229717,"comment_status":"closed","ping_status":"closed","template":"","meta":[],"pwb-brand":[],"product_brand":[],"product_cat":[8305,8329],"product_tag":[],"class_list":{"0":"post-251061","1":"product","2":"type-product","3":"status-publish","4":"has-post-thumbnail","6":"product_cat-produtos-congelados","7":"product_cat-sobremesa-congelada","9":"first","10":"instock","11":"taxable","12":"shipping-taxable","13":"purchasable","14":"product-type-simple"},"aioseo_notices":[],"brands":[],"_links":{"self":[{"href":"https:\/\/www.delicias-uk.com\/pt-pt\/wp-json\/wp\/v2\/product\/251061","targetHints":{"allow":["GET"]}}],"collection":[{"href":"https:\/\/www.delicias-uk.com\/pt-pt\/wp-json\/wp\/v2\/product"}],"about":[{"href":"https:\/\/www.delicias-uk.com\/pt-pt\/wp-json\/wp\/v2\/types\/product"}],"author":[{"embeddable":true,"href":"https:\/\/www.delicias-uk.com\/pt-pt\/wp-json\/wp\/v2\/users\/43538"}],"replies":[{"embeddable":true,"href":"https:\/\/www.delicias-uk.com\/pt-pt\/wp-json\/wp\/v2\/comments?post=251061"}],"wp:featuredmedia":[{"embeddable":true,"href":"https:\/\/www.delicias-uk.com\/pt-pt\/wp-json\/wp\/v2\/media\/229717"}],"wp:attachment":[{"href":"https:\/\/www.delicias-uk.com\/pt-pt\/wp-json\/wp\/v2\/media?parent=251061"}],"wp:term":[{"taxonomy":"pwb-brand","embeddable":true,"href":"https:\/\/www.delicias-uk.com\/pt-pt\/wp-json\/wp\/v2\/pwb-brand?post=251061"},{"taxonomy":"product_brand","embeddable":true,"href":"https:\/\/www.delicias-uk.com\/pt-pt\/wp-json\/wp\/v2\/product_brand?post=251061"},{"taxonomy":"product_cat","embeddable":true,"href":"https:\/\/www.delicias-uk.com\/pt-pt\/wp-json\/wp\/v2\/product_cat?post=251061"},{"taxonomy":"product_tag","embeddable":true,"href":"https:\/\/www.delicias-uk.com\/pt-pt\/wp-json\/wp\/v2\/product_tag?post=251061"}],"curies":[{"name":"wp","href":"https:\/\/api.w.org\/{rel}","templated":true}]}}