{"id":250320,"date":"2026-03-05T15:00:30","date_gmt":"2026-03-05T15:00:30","guid":{"rendered":"https:\/\/www.delicias-uk.com\/?post_type=product&#038;p=250320"},"modified":"2026-03-05T15:04:50","modified_gmt":"2026-03-05T15:04:50","slug":"coxinhas-de-galinha-golden-bites-100g-x-10-airfryer-1kg","status":"publish","type":"product","link":"https:\/\/www.delicias-uk.com\/pt-pt\/produto\/coxinhas-de-galinha-golden-bites-100g-x-10-airfryer-1kg\/","title":{"rendered":"Coxinhas de Galinha Golden Bites (100g x 10) Airfryer 1Kg"},"content":{"rendered":"<p data-start=\"139\" data-end=\"382\">Saboreie a croc\u00e2ncia e o recheio suculento das <strong data-start=\"186\" data-end=\"222\">Coxinhas de Galinha Golden Bites<\/strong>, perfeitas para preparar na airfryer. Cada unidade de 25g combina uma massa dourada e crocante com um recheio macio e temperado de frango, pronto em minutos.<\/p>\n<p data-start=\"384\" data-end=\"404\"><strong data-start=\"384\" data-end=\"404\">Caracter\u00edsticas:<\/strong><\/p>\n<ul>\n<li data-start=\"407\" data-end=\"446\">Caixa com <strong data-start=\"417\" data-end=\"444\">10 unidades de 100g cada<\/strong><\/li>\n<li data-start=\"449\" data-end=\"485\">Prepara\u00e7\u00e3o pr\u00e1tica na <strong data-start=\"471\" data-end=\"483\">airfryer<\/strong><\/li>\n<li data-start=\"488\" data-end=\"536\">Crocante por fora, frango suculento por dentro<\/li>\n<li data-start=\"539\" data-end=\"597\">Ideal para <strong data-start=\"550\" data-end=\"595\">snacks, entradas, festas e para partilhar<\/strong><\/li>\n<\/ul>\n<p data-start=\"599\" data-end=\"729\"><strong data-start=\"599\" data-end=\"623\">Sugest\u00e3o de Preparo:<\/strong><br data-start=\"623\" data-end=\"626\" \/>Pr\u00e9-aque\u00e7a a airfryer a 180\u00b0C e aque\u00e7a as coxinhas por 6\u20138 minutos, at\u00e9 ficarem douradas e crocantes.<\/p>\n","protected":false},"excerpt":{"rendered":"<ul>\n<li data-start=\"407\" data-end=\"446\">Caixa com <strong data-start=\"417\" data-end=\"444\">10 unidades de 100g cada<\/strong><\/li>\n<li data-start=\"449\" data-end=\"485\">Prepara\u00e7\u00e3o pr\u00e1tica na <strong data-start=\"471\" data-end=\"483\">airfryer<\/strong><\/li>\n<li data-start=\"488\" data-end=\"536\">Crocante por fora, frango suculento por dentro<\/li>\n<li data-start=\"539\" data-end=\"597\">Ideal para <strong data-start=\"550\" data-end=\"595\">snacks, entradas, festas e para partilhar<\/strong><\/li>\n<\/ul>\n","protected":false},"author":43538,"featured_media":250322,"comment_status":"closed","ping_status":"closed","template":"","meta":[],"pwb-brand":[],"product_brand":[],"product_cat":[8305,8413],"product_tag":[],"class_list":{"0":"post-250320","1":"product","2":"type-product","3":"status-publish","4":"has-post-thumbnail","6":"product_cat-produtos-congelados","7":"product_cat-salgado-congelado","9":"first","10":"instock","11":"taxable","12":"shipping-taxable","13":"purchasable","14":"product-type-simple"},"aioseo_notices":[],"brands":[],"_links":{"self":[{"href":"https:\/\/www.delicias-uk.com\/pt-pt\/wp-json\/wp\/v2\/product\/250320","targetHints":{"allow":["GET"]}}],"collection":[{"href":"https:\/\/www.delicias-uk.com\/pt-pt\/wp-json\/wp\/v2\/product"}],"about":[{"href":"https:\/\/www.delicias-uk.com\/pt-pt\/wp-json\/wp\/v2\/types\/product"}],"author":[{"embeddable":true,"href":"https:\/\/www.delicias-uk.com\/pt-pt\/wp-json\/wp\/v2\/users\/43538"}],"replies":[{"embeddable":true,"href":"https:\/\/www.delicias-uk.com\/pt-pt\/wp-json\/wp\/v2\/comments?post=250320"}],"wp:featuredmedia":[{"embeddable":true,"href":"https:\/\/www.delicias-uk.com\/pt-pt\/wp-json\/wp\/v2\/media\/250322"}],"wp:attachment":[{"href":"https:\/\/www.delicias-uk.com\/pt-pt\/wp-json\/wp\/v2\/media?parent=250320"}],"wp:term":[{"taxonomy":"pwb-brand","embeddable":true,"href":"https:\/\/www.delicias-uk.com\/pt-pt\/wp-json\/wp\/v2\/pwb-brand?post=250320"},{"taxonomy":"product_brand","embeddable":true,"href":"https:\/\/www.delicias-uk.com\/pt-pt\/wp-json\/wp\/v2\/product_brand?post=250320"},{"taxonomy":"product_cat","embeddable":true,"href":"https:\/\/www.delicias-uk.com\/pt-pt\/wp-json\/wp\/v2\/product_cat?post=250320"},{"taxonomy":"product_tag","embeddable":true,"href":"https:\/\/www.delicias-uk.com\/pt-pt\/wp-json\/wp\/v2\/product_tag?post=250320"}],"curies":[{"name":"wp","href":"https:\/\/api.w.org\/{rel}","templated":true}]}}