{"id":250289,"date":"2026-03-05T11:40:06","date_gmt":"2026-03-05T11:40:06","guid":{"rendered":"https:\/\/www.delicias-uk.com\/?post_type=product&#038;p=250289"},"modified":"2026-03-05T12:01:02","modified_gmt":"2026-03-05T12:01:02","slug":"queijo-sao-jorge-meia-cunha-dop-7-meses-200g","status":"publish","type":"product","link":"https:\/\/www.delicias-uk.com\/pt-pt\/produto\/queijo-sao-jorge-meia-cunha-dop-7-meses-200g\/","title":{"rendered":"Queijo S\u00e3o Jorge Meia Cunha DOP 7 Meses 200g"},"content":{"rendered":"<p data-start=\"1634\" data-end=\"2031\">Desfrute do sabor aut\u00eantico dos A\u00e7ores com o <strong data-start=\"1679\" data-end=\"1717\">Queijo S\u00e3o Jorge DOP em meia cunha<\/strong>, curado durante <strong data-start=\"1734\" data-end=\"1745\">7 meses<\/strong> para alcan\u00e7ar um perfil de sabor equilibrado e caracter\u00edstico. Produzido na <strong data-start=\"1822\" data-end=\"1843\">ilha de S\u00e3o Jorge<\/strong>, este queijo tradicional \u00e9 elaborado a partir de <strong data-start=\"1893\" data-end=\"1931\">leite de vaca de elevada qualidade<\/strong>, seguindo m\u00e9todos rigorosos protegidos pela certifica\u00e7\u00e3o <strong data-start=\"1989\" data-end=\"2030\">DOP (Denomina\u00e7\u00e3o de Origem Protegida)<\/strong>.<\/p>\n<p data-start=\"2033\" data-end=\"2366\">Durante o processo de matura\u00e7\u00e3o, o queijo desenvolve uma <strong data-start=\"2090\" data-end=\"2155\">textura firme e um sabor rico com notas ligeiramente picantes<\/strong>, caracter\u00edsticas t\u00edpicas do famoso queijo S\u00e3o Jorge. A cura de 7 meses proporciona um equil\u00edbrio ideal entre <strong data-start=\"2265\" data-end=\"2302\">suavidade e intensidade arom\u00e1tica<\/strong>, tornando-o perfeito para consumo di\u00e1rio ou ocasi\u00f5es especiais.<\/p>\n<p data-start=\"2368\" data-end=\"2527\">Esta pr\u00e1tica <strong data-start=\"2381\" data-end=\"2405\">meia cunha de queijo<\/strong> \u00e9 ideal para t\u00e1buas de queijos, petiscos ou para adicionar um toque aut\u00eantico da gastronomia portuguesa \u00e0s suas receitas.<\/p>\n<p data-start=\"2529\" data-end=\"2552\"><strong data-start=\"2529\" data-end=\"2552\">Detalhes do Produto<\/strong><\/p>\n<ul>\n<li data-start=\"2555\" data-end=\"2601\"><strong data-start=\"2555\" data-end=\"2567\">Produto:<\/strong> Queijo S\u00e3o Jorge Meia Cunha DOP<\/li>\n<li data-start=\"2604\" data-end=\"2653\"><strong data-start=\"2604\" data-end=\"2615\">Origem:<\/strong> Ilha de S\u00e3o Jorge, A\u00e7ores, Portugal<\/li>\n<li data-start=\"2656\" data-end=\"2713\"><strong data-start=\"2656\" data-end=\"2673\">Certifica\u00e7\u00e3o:<\/strong> DOP \u2013 Denomina\u00e7\u00e3o de Origem Protegida<\/li>\n<li data-start=\"2716\" data-end=\"2735\"><strong data-start=\"2716\" data-end=\"2725\">Cura:<\/strong> 7 meses<\/li>\n<li data-start=\"2738\" data-end=\"2754\"><strong data-start=\"2738\" data-end=\"2747\">Peso:<\/strong> 200g<\/li>\n<li data-start=\"2757\" data-end=\"2791\"><strong data-start=\"2757\" data-end=\"2775\">Tipo de leite:<\/strong> Leite de vaca<\/li>\n<li data-start=\"2794\" data-end=\"2814\"><strong data-start=\"2794\" data-end=\"2806\">Textura:<\/strong> Firme<\/li>\n<li data-start=\"2817\" data-end=\"2868\"><strong data-start=\"2817\" data-end=\"2827\">Sabor:<\/strong> Rico, arom\u00e1tico e ligeiramente picante<\/li>\n<\/ul>\n<p data-start=\"2870\" data-end=\"2894\"><strong data-start=\"2870\" data-end=\"2894\">Sugest\u00f5es de Consumo<\/strong><\/p>\n<ul>\n<li data-start=\"2897\" data-end=\"2942\">Ideal para <strong data-start=\"2908\" data-end=\"2940\">t\u00e1buas de queijos e entradas<\/strong><\/li>\n<li data-start=\"2945\" data-end=\"2987\">Delicioso com <strong data-start=\"2959\" data-end=\"2985\">p\u00e3o, tostas e enchidos<\/strong><\/li>\n<li data-start=\"2990\" data-end=\"3055\">Excelente acompanhado por <strong data-start=\"3016\" data-end=\"3055\">vinhos tintos ou vinhos portugueses<\/strong><\/li>\n<\/ul>\n<p data-start=\"3057\" data-end=\"3193\" data-is-last-node=\"\" data-is-only-node=\"\"><strong data-start=\"3057\" data-end=\"3072\">Conserva\u00e7\u00e3o<\/strong><br \/>\nConservar refrigerado. Ap\u00f3s abertura, manter bem embalado e consumir em poucos dias para preservar a frescura e o sabor.<\/p>\n","protected":false},"excerpt":{"rendered":"<ul>\n<li data-start=\"2555\" data-end=\"2601\"><strong data-start=\"2555\" data-end=\"2567\">Produto:<\/strong> Queijo S\u00e3o Jorge Meia Cunha DOP<\/li>\n<li data-start=\"2604\" data-end=\"2653\"><strong data-start=\"2604\" data-end=\"2615\">Origem:<\/strong> Ilha de S\u00e3o Jorge, A\u00e7ores, Portugal<\/li>\n<li data-start=\"2656\" data-end=\"2713\"><strong data-start=\"2656\" data-end=\"2673\">Certifica\u00e7\u00e3o:<\/strong> DOP \u2013 Denomina\u00e7\u00e3o de Origem Protegida<\/li>\n<li data-start=\"2716\" data-end=\"2735\"><strong data-start=\"2716\" data-end=\"2725\">Cura:<\/strong> 7 meses<\/li>\n<li data-start=\"2738\" data-end=\"2754\"><strong data-start=\"2738\" data-end=\"2747\">Peso:<\/strong> 200g<\/li>\n<li data-start=\"2757\" data-end=\"2791\"><strong data-start=\"2757\" data-end=\"2775\">Tipo de leite:<\/strong> Leite de vaca<\/li>\n<li data-start=\"2794\" data-end=\"2814\"><strong data-start=\"2794\" data-end=\"2806\">Textura:<\/strong> Firme<\/li>\n<li data-start=\"2817\" data-end=\"2868\"><strong data-start=\"2817\" data-end=\"2827\">Sabor:<\/strong> Rico, arom\u00e1tico e ligeiramente picante<\/li>\n<\/ul>\n","protected":false},"author":43538,"featured_media":250291,"comment_status":"open","ping_status":"closed","template":"","meta":[],"pwb-brand":[],"product_brand":[],"product_cat":[9322,9323,8289,8291,8377,8487,8675],"product_tag":[],"class_list":{"0":"post-250289","1":"product","2":"type-product","3":"status-publish","4":"has-post-thumbnail","6":"product_cat-salgados-de-natal","7":"product_cat-selecao-de-queijos","8":"product_cat-inicio","9":"product_cat-produtos-portugueses","10":"product_cat-lacticinios","11":"product_cat-queijos","12":"product_cat-vaca-pt-pt","14":"first","15":"instock","16":"taxable","17":"shipping-taxable","18":"purchasable","19":"product-type-simple"},"aioseo_notices":[],"brands":[],"_links":{"self":[{"href":"https:\/\/www.delicias-uk.com\/pt-pt\/wp-json\/wp\/v2\/product\/250289","targetHints":{"allow":["GET"]}}],"collection":[{"href":"https:\/\/www.delicias-uk.com\/pt-pt\/wp-json\/wp\/v2\/product"}],"about":[{"href":"https:\/\/www.delicias-uk.com\/pt-pt\/wp-json\/wp\/v2\/types\/product"}],"author":[{"embeddable":true,"href":"https:\/\/www.delicias-uk.com\/pt-pt\/wp-json\/wp\/v2\/users\/43538"}],"replies":[{"embeddable":true,"href":"https:\/\/www.delicias-uk.com\/pt-pt\/wp-json\/wp\/v2\/comments?post=250289"}],"wp:featuredmedia":[{"embeddable":true,"href":"https:\/\/www.delicias-uk.com\/pt-pt\/wp-json\/wp\/v2\/media\/250291"}],"wp:attachment":[{"href":"https:\/\/www.delicias-uk.com\/pt-pt\/wp-json\/wp\/v2\/media?parent=250289"}],"wp:term":[{"taxonomy":"pwb-brand","embeddable":true,"href":"https:\/\/www.delicias-uk.com\/pt-pt\/wp-json\/wp\/v2\/pwb-brand?post=250289"},{"taxonomy":"product_brand","embeddable":true,"href":"https:\/\/www.delicias-uk.com\/pt-pt\/wp-json\/wp\/v2\/product_brand?post=250289"},{"taxonomy":"product_cat","embeddable":true,"href":"https:\/\/www.delicias-uk.com\/pt-pt\/wp-json\/wp\/v2\/product_cat?post=250289"},{"taxonomy":"product_tag","embeddable":true,"href":"https:\/\/www.delicias-uk.com\/pt-pt\/wp-json\/wp\/v2\/product_tag?post=250289"}],"curies":[{"name":"wp","href":"https:\/\/api.w.org\/{rel}","templated":true}]}}