{"id":249874,"date":"2026-02-26T13:51:19","date_gmt":"2026-02-26T13:51:19","guid":{"rendered":"https:\/\/www.delicias-uk.com\/?post_type=product&#038;p=249874"},"modified":"2026-02-26T13:58:18","modified_gmt":"2026-02-26T13:58:18","slug":"amendoas-vieira-tipo-francesa-150g","status":"publish","type":"product","link":"https:\/\/www.delicias-uk.com\/pt-pt\/produto\/amendoas-vieira-tipo-francesa-150g\/","title":{"rendered":"Amendoas Vieira Tipo Francesa 150g"},"content":{"rendered":"<p data-start=\"197\" data-end=\"448\">Saborosas am\u00eandoas de a\u00e7\u00facar que se derretem na boca. As tradicionais am\u00eandoas tipo francesas da Vieira distinguem-se pelo seu sabor aut\u00eantico e textura delicada, combinando uma fina camada de a\u00e7\u00facar com miolo de am\u00eandoa nacional de elevada qualidade.<\/p>\n<p data-start=\"450\" data-end=\"627\">Um cl\u00e1ssico intemporal da confeitaria portuguesa, ideal para celebrar momentos especiais, partilhar em fam\u00edlia ou simplesmente desfrutar como um doce tradicional cheio de sabor.<\/p>\n<h3 data-start=\"629\" data-end=\"653\">Destaques do Produto<\/h3>\n<ul>\n<li data-start=\"656\" data-end=\"687\">Am\u00eandoa Tradicional de A\u00e7\u00facar<\/li>\n<li data-start=\"690\" data-end=\"716\">Textura suave e delicada<\/li>\n<li data-start=\"719\" data-end=\"750\">Com miolo de am\u00eandoa nacional<\/li>\n<li data-start=\"753\" data-end=\"765\">Sem gl\u00faten<\/li>\n<li data-start=\"768\" data-end=\"816\">Sem OGM (Organismos Geneticamente Modificados)<\/li>\n<li data-start=\"819\" data-end=\"845\">Sem corantes artificiais<\/li>\n<li data-start=\"848\" data-end=\"905\">Embalagem recicl\u00e1vel (separe corretamente os materiais)<\/li>\n<\/ul>\n<h3 data-start=\"907\" data-end=\"923\">Ingredientes<\/h3>\n<p data-start=\"924\" data-end=\"953\">Am\u00eandoas cobertas com a\u00e7\u00facar.<\/p>\n<p data-start=\"955\" data-end=\"1186\"><strong data-start=\"955\" data-end=\"972\">Ingredientes:<\/strong> A\u00e7\u00facar (71%), miolo de am\u00eandoa (24%), amido de arroz, agentes de revestimento (goma ar\u00e1bica, cera de carna\u00faba, goma laca e cera de abelhas (branca e amarela)), concentrado (rabanete e batata-doce) e aroma natural.<\/p>\n<p data-start=\"1188\" data-end=\"1303\">Pode conter vest\u00edgios de amendoins, soja, leite e produtos \u00e0 base de leite, outros frutos de casca rija e sulfitos.<\/p>\n<p data-start=\"1305\" data-end=\"1329\"><strong data-start=\"1305\" data-end=\"1322\">Peso l\u00edquido:<\/strong> 150g<\/p>\n","protected":false},"excerpt":{"rendered":"<ul>\n<li data-start=\"656\" data-end=\"687\">Am\u00eandoa Tradicional de A\u00e7\u00facar<\/li>\n<li data-start=\"690\" data-end=\"716\">Textura suave e delicada<\/li>\n<li data-start=\"719\" data-end=\"750\">Com miolo de am\u00eandoa nacional<\/li>\n<li data-start=\"753\" data-end=\"765\">Sem gl\u00faten<\/li>\n<li data-start=\"768\" data-end=\"816\">Sem OGM (Organismos Geneticamente Modificados)<\/li>\n<li data-start=\"819\" data-end=\"845\">Sem corantes artificiais<\/li>\n<li data-start=\"848\" data-end=\"905\">Embalagem recicl\u00e1vel (separe corretamente os materiais)<\/li>\n<\/ul>\n","protected":false},"author":43538,"featured_media":249876,"comment_status":"open","ping_status":"closed","template":"","meta":[],"pwb-brand":[],"product_brand":[],"product_cat":[9182,9188,8289,8365,8567,8591],"product_tag":[],"class_list":{"0":"post-249874","1":"product","2":"type-product","3":"status-publish","4":"has-post-thumbnail","6":"product_cat-natal","7":"product_cat-amendoas","8":"product_cat-inicio","9":"product_cat-confeitaria","10":"product_cat-chocolate-pt-pt","11":"product_cat-nozes-e-frutas-secas","13":"first","14":"outofstock","15":"taxable","16":"shipping-taxable","17":"purchasable","18":"product-type-simple"},"aioseo_notices":[],"brands":[],"_links":{"self":[{"href":"https:\/\/www.delicias-uk.com\/pt-pt\/wp-json\/wp\/v2\/product\/249874","targetHints":{"allow":["GET"]}}],"collection":[{"href":"https:\/\/www.delicias-uk.com\/pt-pt\/wp-json\/wp\/v2\/product"}],"about":[{"href":"https:\/\/www.delicias-uk.com\/pt-pt\/wp-json\/wp\/v2\/types\/product"}],"author":[{"embeddable":true,"href":"https:\/\/www.delicias-uk.com\/pt-pt\/wp-json\/wp\/v2\/users\/43538"}],"replies":[{"embeddable":true,"href":"https:\/\/www.delicias-uk.com\/pt-pt\/wp-json\/wp\/v2\/comments?post=249874"}],"wp:featuredmedia":[{"embeddable":true,"href":"https:\/\/www.delicias-uk.com\/pt-pt\/wp-json\/wp\/v2\/media\/249876"}],"wp:attachment":[{"href":"https:\/\/www.delicias-uk.com\/pt-pt\/wp-json\/wp\/v2\/media?parent=249874"}],"wp:term":[{"taxonomy":"pwb-brand","embeddable":true,"href":"https:\/\/www.delicias-uk.com\/pt-pt\/wp-json\/wp\/v2\/pwb-brand?post=249874"},{"taxonomy":"product_brand","embeddable":true,"href":"https:\/\/www.delicias-uk.com\/pt-pt\/wp-json\/wp\/v2\/product_brand?post=249874"},{"taxonomy":"product_cat","embeddable":true,"href":"https:\/\/www.delicias-uk.com\/pt-pt\/wp-json\/wp\/v2\/product_cat?post=249874"},{"taxonomy":"product_tag","embeddable":true,"href":"https:\/\/www.delicias-uk.com\/pt-pt\/wp-json\/wp\/v2\/product_tag?post=249874"}],"curies":[{"name":"wp","href":"https:\/\/api.w.org\/{rel}","templated":true}]}}