{"id":249719,"date":"2026-02-25T10:01:48","date_gmt":"2026-02-25T10:01:48","guid":{"rendered":"https:\/\/www.delicias-uk.com\/?post_type=product&#038;p=249719"},"modified":"2026-02-25T10:20:57","modified_gmt":"2026-02-25T10:20:57","slug":"quinta-da-pacheca-touriga-nacional-reserva-2024-75cl","status":"publish","type":"product","link":"https:\/\/www.delicias-uk.com\/pt-pt\/produto\/quinta-da-pacheca-touriga-nacional-reserva-2024-75cl\/","title":{"rendered":"Quinta da Pacheca Touriga Nacional Reserva 2024 75cl"},"content":{"rendered":"<p data-start=\"0\" data-end=\"146\"><strong data-start=\"0\" data-end=\"18\">NOTAS DE PROVA<\/strong><br data-start=\"18\" data-end=\"21\" \/>Vinho de cor rosada, com aromas de fruta fresca. Na boca apresenta boa estrutura, com acidez bem equilibrada e textura suave.<\/p>\n<p data-start=\"148\" data-end=\"290\"><strong data-start=\"148\" data-end=\"164\">Harmoniza\u00e7\u00e3o<\/strong><br data-start=\"164\" data-end=\"167\" \/>Este vinho pode ser apreciado sozinho ou acompanhado de pratos de massa, saladas, carnes brancas, peixe, marisco e queijos.<\/p>\n<p data-start=\"292\" data-end=\"529\"><strong data-start=\"292\" data-end=\"307\">Vinifica\u00e7\u00e3o<\/strong><br data-start=\"307\" data-end=\"310\" \/>Vinifica\u00e7\u00e3o em bica aberta. Ap\u00f3s prensagem direta das uvas em ambiente inerte, o mosto \u00e9 clarificado e, ap\u00f3s trasfega, inoculado com leveduras selecionadas. A fermenta\u00e7\u00e3o ocorre a temperatura controlada entre 15 e 17\u00baC.<\/p>\n<p data-start=\"531\" data-end=\"645\"><strong data-start=\"531\" data-end=\"553\">Est\u00e1gio em Barrica<\/strong><br data-start=\"553\" data-end=\"556\" \/>Estagiado em barricas de carvalho franc\u00eas de 500L durante 8 meses, com b\u00e2tonnage semanal.<\/p>\n<p data-start=\"647\" data-end=\"856\" data-is-last-node=\"\" data-is-only-node=\"\">\u2022 <strong data-start=\"649\" data-end=\"662\">Produtor:<\/strong> Quinta da Pacheca<br data-start=\"680\" data-end=\"683\" \/>\u2022 <strong data-start=\"685\" data-end=\"696\">Regi\u00e3o:<\/strong> Douro DOC<br data-start=\"706\" data-end=\"709\" data-is-only-node=\"\" \/>\u2022 <strong data-start=\"711\" data-end=\"720\">Pa\u00eds:<\/strong> Portugal<br data-start=\"729\" data-end=\"732\" \/>\u2022 <strong data-start=\"734\" data-end=\"754\">Estilo de Vinho:<\/strong> Vinho Ros\u00e9<br data-start=\"765\" data-end=\"768\" \/>\u2022 <strong data-start=\"770\" data-end=\"787\">Casta:<\/strong> Touriga Nacional<br data-start=\"804\" data-end=\"807\" \/>\u2022 <strong data-start=\"809\" data-end=\"821\">Garrafa:<\/strong> 75cl<br data-start=\"826\" data-end=\"829\" \/>\u2022 <strong data-start=\"831\" data-end=\"850\">Teor Alco\u00f3lico:<\/strong> 12,5%<\/p>\n","protected":false},"excerpt":{"rendered":"<p>\u2022 <strong data-start=\"649\" data-end=\"662\">Produtor:<\/strong> Quinta da Pacheca<br data-start=\"680\" data-end=\"683\" \/>\u2022 <strong data-start=\"685\" data-end=\"696\">Regi\u00e3o:<\/strong> Douro DOC<br data-start=\"706\" data-end=\"709\" data-is-only-node=\"\" \/>\u2022 <strong data-start=\"711\" data-end=\"720\">Pa\u00eds:<\/strong> Portugal<br data-start=\"729\" data-end=\"732\" \/>\u2022 <strong data-start=\"734\" data-end=\"754\">Estilo de Vinho:<\/strong> Vinho Ros\u00e9<br data-start=\"765\" data-end=\"768\" \/>\u2022 <strong data-start=\"770\" data-end=\"787\">Casta:<\/strong> Touriga Nacional<br data-start=\"804\" data-end=\"807\" \/>\u2022 <strong data-start=\"809\" data-end=\"821\">Garrafa:<\/strong> 75cl<br data-start=\"826\" data-end=\"829\" \/>\u2022 <strong data-start=\"831\" data-end=\"850\">Teor Alco\u00f3lico:<\/strong> 12,5%%<\/p>\n","protected":false},"author":43538,"featured_media":249723,"comment_status":"open","ping_status":"closed","template":"","meta":[],"pwb-brand":[],"product_brand":[],"product_cat":[9349,8289,8291,8431,8523,8917],"product_tag":[],"class_list":{"0":"post-249719","1":"product","2":"type-product","3":"status-publish","4":"has-post-thumbnail","6":"product_cat-vinho-rose-pt-pt-2","7":"product_cat-inicio","8":"product_cat-produtos-portugueses","9":"product_cat-vinhos-pt-pt","10":"product_cat-vinho-rose","11":"product_cat-douro-pt-pt-vinho-rose","13":"first","14":"instock","15":"taxable","16":"shipping-taxable","17":"purchasable","18":"product-type-simple"},"aioseo_notices":[],"brands":[],"_links":{"self":[{"href":"https:\/\/www.delicias-uk.com\/pt-pt\/wp-json\/wp\/v2\/product\/249719","targetHints":{"allow":["GET"]}}],"collection":[{"href":"https:\/\/www.delicias-uk.com\/pt-pt\/wp-json\/wp\/v2\/product"}],"about":[{"href":"https:\/\/www.delicias-uk.com\/pt-pt\/wp-json\/wp\/v2\/types\/product"}],"author":[{"embeddable":true,"href":"https:\/\/www.delicias-uk.com\/pt-pt\/wp-json\/wp\/v2\/users\/43538"}],"replies":[{"embeddable":true,"href":"https:\/\/www.delicias-uk.com\/pt-pt\/wp-json\/wp\/v2\/comments?post=249719"}],"wp:featuredmedia":[{"embeddable":true,"href":"https:\/\/www.delicias-uk.com\/pt-pt\/wp-json\/wp\/v2\/media\/249723"}],"wp:attachment":[{"href":"https:\/\/www.delicias-uk.com\/pt-pt\/wp-json\/wp\/v2\/media?parent=249719"}],"wp:term":[{"taxonomy":"pwb-brand","embeddable":true,"href":"https:\/\/www.delicias-uk.com\/pt-pt\/wp-json\/wp\/v2\/pwb-brand?post=249719"},{"taxonomy":"product_brand","embeddable":true,"href":"https:\/\/www.delicias-uk.com\/pt-pt\/wp-json\/wp\/v2\/product_brand?post=249719"},{"taxonomy":"product_cat","embeddable":true,"href":"https:\/\/www.delicias-uk.com\/pt-pt\/wp-json\/wp\/v2\/product_cat?post=249719"},{"taxonomy":"product_tag","embeddable":true,"href":"https:\/\/www.delicias-uk.com\/pt-pt\/wp-json\/wp\/v2\/product_tag?post=249719"}],"curies":[{"name":"wp","href":"https:\/\/api.w.org\/{rel}","templated":true}]}}