{"id":249365,"date":"2026-02-23T12:57:35","date_gmt":"2026-02-23T12:57:35","guid":{"rendered":"https:\/\/www.delicias-uk.com\/?post_type=product&#038;p=249365"},"modified":"2026-02-24T11:56:05","modified_gmt":"2026-02-24T11:56:05","slug":"pimenta-biquinho-vermelha-aroma-dminas-vidro-200g","status":"publish","type":"product","link":"https:\/\/www.delicias-uk.com\/pt-pt\/produto\/pimenta-biquinho-vermelha-aroma-dminas-vidro-200g\/","title":{"rendered":"Pimenta Biquinho Vermelha Aroma D\u2019Minas Vidro 200g"},"content":{"rendered":"<p data-start=\"55\" data-end=\"344\">A <strong data-start=\"57\" data-end=\"100\">Pimenta Biquinho Vermelha Aroma D\u2019Minas<\/strong> possui sabor suave e levemente adocicado, sem ard\u00eancia, sendo perfeita para quem aprecia pimenta pelo aroma e pelo toque especial que acrescenta \u00e0s receitas. Seu formato delicado e a cor vermelha vibrante deixam os pratos ainda mais atraentes.<\/p>\n<p data-start=\"346\" data-end=\"538\">Conservada em vidro, preserva melhor o frescor, a textura e o sabor natural. Ideal para servir como aperitivo, al\u00e9m de complementar saladas, carnes, peixes, queijos e decora\u00e7\u00f5es gastron\u00f4micas.<\/p>\n<p data-start=\"540\" data-end=\"568\"><strong data-start=\"540\" data-end=\"568\">Diferenciais do produto:<\/strong><\/p>\n<ul>\n<li data-start=\"571\" data-end=\"606\">Sabor suave e levemente adocicado<\/li>\n<li data-start=\"609\" data-end=\"623\">Sem ard\u00eancia<\/li>\n<li data-start=\"626\" data-end=\"669\">Ideal para aperitivos e diversas receitas<\/li>\n<li data-start=\"672\" data-end=\"716\">Embalagem em vidro para melhor conserva\u00e7\u00e3o<\/li>\n<li data-start=\"719\" data-end=\"744\">Qualidade Aroma D\u2019Minas<\/li>\n<\/ul>\n<p data-start=\"746\" data-end=\"765\"><strong data-start=\"746\" data-end=\"759\">Conte\u00fado:<\/strong> 200g<\/p>\n<p data-start=\"767\" data-end=\"830\" data-is-last-node=\"\" data-is-only-node=\"\">Um toque de cor, aroma e sabor para valorizar suas prepara\u00e7\u00f5es.<\/p>\n","protected":false},"excerpt":{"rendered":"<ul>\n<li data-start=\"571\" data-end=\"606\">Sabor suave e levemente adocicado<\/li>\n<li data-start=\"609\" data-end=\"623\">Sem ard\u00eancia<\/li>\n<li data-start=\"626\" data-end=\"669\">Ideal para aperitivos e diversas receitas<\/li>\n<li data-start=\"672\" data-end=\"716\">Embalagem em vidro para melhor conserva\u00e7\u00e3o<\/li>\n<li data-start=\"719\" data-end=\"744\">Qualidade Aroma D\u2019Minas<\/li>\n<\/ul>\n","protected":false},"author":43538,"featured_media":249367,"comment_status":"open","ping_status":"closed","template":"","meta":[],"pwb-brand":[],"product_brand":[],"product_cat":[8289,8293,8409,8477],"product_tag":[],"class_list":{"0":"post-249365","1":"product","2":"type-product","3":"status-publish","4":"has-post-thumbnail","6":"product_cat-inicio","7":"product_cat-produtos-brasileiros","8":"product_cat-temperos-molhos-e-legumes","9":"product_cat-pimentas-molhos","11":"first","12":"instock","13":"taxable","14":"shipping-taxable","15":"purchasable","16":"product-type-simple"},"aioseo_notices":[],"brands":[],"_links":{"self":[{"href":"https:\/\/www.delicias-uk.com\/pt-pt\/wp-json\/wp\/v2\/product\/249365","targetHints":{"allow":["GET"]}}],"collection":[{"href":"https:\/\/www.delicias-uk.com\/pt-pt\/wp-json\/wp\/v2\/product"}],"about":[{"href":"https:\/\/www.delicias-uk.com\/pt-pt\/wp-json\/wp\/v2\/types\/product"}],"author":[{"embeddable":true,"href":"https:\/\/www.delicias-uk.com\/pt-pt\/wp-json\/wp\/v2\/users\/43538"}],"replies":[{"embeddable":true,"href":"https:\/\/www.delicias-uk.com\/pt-pt\/wp-json\/wp\/v2\/comments?post=249365"}],"wp:featuredmedia":[{"embeddable":true,"href":"https:\/\/www.delicias-uk.com\/pt-pt\/wp-json\/wp\/v2\/media\/249367"}],"wp:attachment":[{"href":"https:\/\/www.delicias-uk.com\/pt-pt\/wp-json\/wp\/v2\/media?parent=249365"}],"wp:term":[{"taxonomy":"pwb-brand","embeddable":true,"href":"https:\/\/www.delicias-uk.com\/pt-pt\/wp-json\/wp\/v2\/pwb-brand?post=249365"},{"taxonomy":"product_brand","embeddable":true,"href":"https:\/\/www.delicias-uk.com\/pt-pt\/wp-json\/wp\/v2\/product_brand?post=249365"},{"taxonomy":"product_cat","embeddable":true,"href":"https:\/\/www.delicias-uk.com\/pt-pt\/wp-json\/wp\/v2\/product_cat?post=249365"},{"taxonomy":"product_tag","embeddable":true,"href":"https:\/\/www.delicias-uk.com\/pt-pt\/wp-json\/wp\/v2\/product_tag?post=249365"}],"curies":[{"name":"wp","href":"https:\/\/api.w.org\/{rel}","templated":true}]}}