{"id":249349,"date":"2026-02-23T12:48:40","date_gmt":"2026-02-23T12:48:40","guid":{"rendered":"https:\/\/www.delicias-uk.com\/?post_type=product&#038;p=249349"},"modified":"2026-02-24T11:56:05","modified_gmt":"2026-02-24T11:56:05","slug":"pimenta-biquinho-amarela-aroma-dminas-vidro-200g","status":"publish","type":"product","link":"https:\/\/www.delicias-uk.com\/pt-pt\/produto\/pimenta-biquinho-amarela-aroma-dminas-vidro-200g\/","title":{"rendered":"Pimenta Biquinho Amarela Aroma D\u2019Minas Vidro 200g"},"content":{"rendered":"<p data-start=\"54\" data-end=\"327\">A <strong data-start=\"56\" data-end=\"98\">Pimenta Biquinho Amarela Aroma D\u2019Minas<\/strong> \u00e9 conhecida pelo seu sabor suave e levemente adocicado, sem ard\u00eancia, ideal para quem aprecia pimenta apenas pelo aroma e pelo toque especial que ela d\u00e1 aos pratos. Seu formato delicado e cor vibrante valorizam qualquer receita.<\/p>\n<p data-start=\"329\" data-end=\"487\">Conservada em vidro, mant\u00e9m o frescor, a textura e o sabor natural, sendo perfeita para aperitivos, saladas, carnes, peixes, queijos e decora\u00e7\u00e3o gastron\u00f4mica.<\/p>\n<p data-start=\"489\" data-end=\"517\"><strong data-start=\"489\" data-end=\"517\">Diferenciais do produto:<\/strong><\/p>\n<ul>\n<li data-start=\"520\" data-end=\"555\">Sabor suave e levemente adocicado<\/li>\n<li data-start=\"558\" data-end=\"572\">Sem ard\u00eancia<\/li>\n<li data-start=\"575\" data-end=\"618\">Ideal para aperitivos e diversas receitas<\/li>\n<li data-start=\"621\" data-end=\"666\">Conservada em vidro para melhor preserva\u00e7\u00e3o<\/li>\n<li data-start=\"669\" data-end=\"694\">Qualidade Aroma D\u2019Minas<\/li>\n<\/ul>\n<p data-start=\"696\" data-end=\"715\"><strong data-start=\"696\" data-end=\"709\">Conte\u00fado:<\/strong> 200g<\/p>\n","protected":false},"excerpt":{"rendered":"<ul>\n<li data-start=\"520\" data-end=\"555\">Sabor suave e levemente adocicado<\/li>\n<li data-start=\"558\" data-end=\"572\">Sem ard\u00eancia<\/li>\n<li data-start=\"575\" data-end=\"618\">Ideal para aperitivos e diversas receitas<\/li>\n<li data-start=\"621\" data-end=\"666\">Conservada em vidro para melhor preserva\u00e7\u00e3o<\/li>\n<li data-start=\"669\" data-end=\"694\">Qualidade Aroma D\u2019Minas<\/li>\n<\/ul>\n","protected":false},"author":43538,"featured_media":249356,"comment_status":"open","ping_status":"closed","template":"","meta":[],"pwb-brand":[],"product_brand":[],"product_cat":[8289,8293,8409,8477],"product_tag":[],"class_list":{"0":"post-249349","1":"product","2":"type-product","3":"status-publish","4":"has-post-thumbnail","6":"product_cat-inicio","7":"product_cat-produtos-brasileiros","8":"product_cat-temperos-molhos-e-legumes","9":"product_cat-pimentas-molhos","11":"first","12":"instock","13":"taxable","14":"shipping-taxable","15":"purchasable","16":"product-type-simple"},"aioseo_notices":[],"brands":[],"_links":{"self":[{"href":"https:\/\/www.delicias-uk.com\/pt-pt\/wp-json\/wp\/v2\/product\/249349","targetHints":{"allow":["GET"]}}],"collection":[{"href":"https:\/\/www.delicias-uk.com\/pt-pt\/wp-json\/wp\/v2\/product"}],"about":[{"href":"https:\/\/www.delicias-uk.com\/pt-pt\/wp-json\/wp\/v2\/types\/product"}],"author":[{"embeddable":true,"href":"https:\/\/www.delicias-uk.com\/pt-pt\/wp-json\/wp\/v2\/users\/43538"}],"replies":[{"embeddable":true,"href":"https:\/\/www.delicias-uk.com\/pt-pt\/wp-json\/wp\/v2\/comments?post=249349"}],"wp:featuredmedia":[{"embeddable":true,"href":"https:\/\/www.delicias-uk.com\/pt-pt\/wp-json\/wp\/v2\/media\/249356"}],"wp:attachment":[{"href":"https:\/\/www.delicias-uk.com\/pt-pt\/wp-json\/wp\/v2\/media?parent=249349"}],"wp:term":[{"taxonomy":"pwb-brand","embeddable":true,"href":"https:\/\/www.delicias-uk.com\/pt-pt\/wp-json\/wp\/v2\/pwb-brand?post=249349"},{"taxonomy":"product_brand","embeddable":true,"href":"https:\/\/www.delicias-uk.com\/pt-pt\/wp-json\/wp\/v2\/product_brand?post=249349"},{"taxonomy":"product_cat","embeddable":true,"href":"https:\/\/www.delicias-uk.com\/pt-pt\/wp-json\/wp\/v2\/product_cat?post=249349"},{"taxonomy":"product_tag","embeddable":true,"href":"https:\/\/www.delicias-uk.com\/pt-pt\/wp-json\/wp\/v2\/product_tag?post=249349"}],"curies":[{"name":"wp","href":"https:\/\/api.w.org\/{rel}","templated":true}]}}