{"id":249344,"date":"2026-02-23T12:19:30","date_gmt":"2026-02-23T12:19:30","guid":{"rendered":"https:\/\/www.delicias-uk.com\/?post_type=product&#038;p=249344"},"modified":"2026-02-23T12:26:40","modified_gmt":"2026-02-23T12:26:40","slug":"nestum-mel-zero-acucar-250g","status":"publish","type":"product","link":"https:\/\/www.delicias-uk.com\/pt-pt\/produto\/nestum-mel-zero-acucar-250g\/","title":{"rendered":"Nestum Mel Zero A\u00e7\u00facar 250g"},"content":{"rendered":"<p data-start=\"33\" data-end=\"300\">O Nestum Mel Zero A\u00e7\u00facar \u00e9 uma deliciosa papa de cereais instant\u00e2nea, ideal para um pequeno-almo\u00e7o ou lanche equilibrado. Com o sabor suave e natural do mel, esta vers\u00e3o sem adi\u00e7\u00e3o de a\u00e7\u00facares \u00e9 perfeita para quem procura uma op\u00e7\u00e3o mais leve, sem comprometer o sabor.<\/p>\n<p data-start=\"302\" data-end=\"536\">F\u00e1cil e r\u00e1pida de preparar, basta adicionar leite quente ou frio e mexer para obter uma textura cremosa e reconfortante. Rico em cereais cuidadosamente selecionados, \u00e9 uma excelente fonte de energia para come\u00e7ar o dia da melhor forma.<\/p>\n<p data-start=\"538\" data-end=\"552\"><strong data-start=\"538\" data-end=\"552\">Destaques:<\/strong><\/p>\n<ul data-start=\"553\" data-end=\"692\">\n<li data-start=\"553\" data-end=\"568\">\n<p data-start=\"555\" data-end=\"568\">Sabor a mel<\/p>\n<\/li>\n<li data-start=\"569\" data-end=\"598\">\n<p data-start=\"571\" data-end=\"598\">Zero a\u00e7\u00facares adicionados<\/p>\n<\/li>\n<li data-start=\"599\" data-end=\"630\">\n<p data-start=\"601\" data-end=\"630\">Prepara\u00e7\u00e3o r\u00e1pida e pr\u00e1tica<\/p>\n<\/li>\n<li data-start=\"631\" data-end=\"670\">\n<p data-start=\"633\" data-end=\"670\">Ideal para pequeno-almo\u00e7o ou lanche<\/p>\n<\/li>\n<li data-start=\"671\" data-end=\"692\">\n<p data-start=\"673\" data-end=\"692\">Embalagem de 250g<\/p>\n<\/li>\n<\/ul>\n<p data-start=\"694\" data-end=\"799\" data-is-last-node=\"\" data-is-only-node=\"\">Perfeito para toda a fam\u00edlia, o Nestum Mel Zero A\u00e7\u00facar combina tradi\u00e7\u00e3o, sabor e equil\u00edbrio numa s\u00f3 ta\u00e7a.<\/p>\n","protected":false},"excerpt":{"rendered":"<ul>\n<li data-start=\"555\" data-end=\"568\">Sabor a mel<\/li>\n<li data-start=\"571\" data-end=\"598\">Zero a\u00e7\u00facares adicionados<\/li>\n<li data-start=\"601\" data-end=\"630\">Prepara\u00e7\u00e3o r\u00e1pida e pr\u00e1tica<\/li>\n<li data-start=\"633\" data-end=\"670\">Ideal para pequeno-almo\u00e7o ou lanche<\/li>\n<li data-start=\"673\" data-end=\"692\">Embalagem de 250g<\/li>\n<\/ul>\n","protected":false},"author":43538,"featured_media":249346,"comment_status":"open","ping_status":"closed","template":"","meta":[],"pwb-brand":[],"product_brand":[],"product_cat":[8289,8291,8395,8625],"product_tag":[],"class_list":{"0":"post-249344","1":"product","2":"type-product","3":"status-publish","4":"has-post-thumbnail","6":"product_cat-inicio","7":"product_cat-produtos-portugueses","8":"product_cat-mercearia","9":"product_cat-bebe-cereais","11":"first","12":"instock","13":"taxable","14":"shipping-taxable","15":"purchasable","16":"product-type-simple"},"aioseo_notices":[],"brands":[],"_links":{"self":[{"href":"https:\/\/www.delicias-uk.com\/pt-pt\/wp-json\/wp\/v2\/product\/249344","targetHints":{"allow":["GET"]}}],"collection":[{"href":"https:\/\/www.delicias-uk.com\/pt-pt\/wp-json\/wp\/v2\/product"}],"about":[{"href":"https:\/\/www.delicias-uk.com\/pt-pt\/wp-json\/wp\/v2\/types\/product"}],"author":[{"embeddable":true,"href":"https:\/\/www.delicias-uk.com\/pt-pt\/wp-json\/wp\/v2\/users\/43538"}],"replies":[{"embeddable":true,"href":"https:\/\/www.delicias-uk.com\/pt-pt\/wp-json\/wp\/v2\/comments?post=249344"}],"wp:featuredmedia":[{"embeddable":true,"href":"https:\/\/www.delicias-uk.com\/pt-pt\/wp-json\/wp\/v2\/media\/249346"}],"wp:attachment":[{"href":"https:\/\/www.delicias-uk.com\/pt-pt\/wp-json\/wp\/v2\/media?parent=249344"}],"wp:term":[{"taxonomy":"pwb-brand","embeddable":true,"href":"https:\/\/www.delicias-uk.com\/pt-pt\/wp-json\/wp\/v2\/pwb-brand?post=249344"},{"taxonomy":"product_brand","embeddable":true,"href":"https:\/\/www.delicias-uk.com\/pt-pt\/wp-json\/wp\/v2\/product_brand?post=249344"},{"taxonomy":"product_cat","embeddable":true,"href":"https:\/\/www.delicias-uk.com\/pt-pt\/wp-json\/wp\/v2\/product_cat?post=249344"},{"taxonomy":"product_tag","embeddable":true,"href":"https:\/\/www.delicias-uk.com\/pt-pt\/wp-json\/wp\/v2\/product_tag?post=249344"}],"curies":[{"name":"wp","href":"https:\/\/api.w.org\/{rel}","templated":true}]}}