{"id":249197,"date":"2026-02-19T17:23:31","date_gmt":"2026-02-19T17:23:31","guid":{"rendered":"https:\/\/www.delicias-uk.com\/?post_type=product&#038;p=249197"},"modified":"2026-03-05T12:48:35","modified_gmt":"2026-03-05T12:48:35","slug":"refeicao-para-bebe-legumes-com-peixe-190g","status":"publish","type":"product","link":"https:\/\/www.delicias-uk.com\/pt-pt\/produto\/refeicao-para-bebe-legumes-com-peixe-190g\/","title":{"rendered":"Refei\u00e7\u00e3o para Beb\u00e9 Legumes Com Peixe 190g"},"content":{"rendered":"<p data-start=\"105\" data-end=\"439\">A Nestl\u00e9 Baby Food Vegetables With Fish \u00e9 uma refei\u00e7\u00e3o completa, equilibrada e especialmente desenvolvida para beb\u00e9s a partir da idade recomendada. Preparada com legumes selecionados e peixe de qualidade, esta papinha oferece uma combina\u00e7\u00e3o nutritiva e saborosa, ideal para apoiar o crescimento e desenvolvimento saud\u00e1vel do seu beb\u00e9.<\/p>\n<p data-start=\"441\" data-end=\"674\">Com textura adequada para cada fase da introdu\u00e7\u00e3o alimentar, \u00e9 pr\u00e1tica e pronta a consumir, perfeita para refei\u00e7\u00f5es em casa ou fora. Sem adi\u00e7\u00e3o de conservantes* e cuidadosamente preparada segundo elevados padr\u00f5es de qualidade Nestl\u00e9.<\/p>\n<p data-start=\"676\" data-end=\"811\">\u2714 Com legumes selecionados<br data-start=\"702\" data-end=\"705\" \/>\u2714 Fonte natural de prote\u00ednas<br data-start=\"733\" data-end=\"736\" \/>\u2714 Textura adaptada para beb\u00e9s<br data-start=\"765\" data-end=\"768\" \/>\u2714 Pronta a consumir<br data-start=\"787\" data-end=\"790\" \/>\u2714 Embalagem de 190g<\/p>\n","protected":false},"excerpt":{"rendered":"<ul>\n<li>Com legumes selecionados<\/li>\n<li>Fonte natural de prote\u00ednas<\/li>\n<li>Textura adaptada para beb\u00e9s<\/li>\n<li>Pronta a consumir<\/li>\n<li>Embalagem de 190g<\/li>\n<\/ul>\n","protected":false},"author":43538,"featured_media":250311,"comment_status":"open","ping_status":"closed","template":"","meta":[],"pwb-brand":[],"product_brand":[],"product_cat":[8289,8291,8395,8625],"product_tag":[],"class_list":{"0":"post-249197","1":"product","2":"type-product","3":"status-publish","4":"has-post-thumbnail","6":"product_cat-inicio","7":"product_cat-produtos-portugueses","8":"product_cat-mercearia","9":"product_cat-bebe-cereais","11":"first","12":"instock","13":"taxable","14":"shipping-taxable","15":"purchasable","16":"product-type-simple"},"aioseo_notices":[],"brands":[],"_links":{"self":[{"href":"https:\/\/www.delicias-uk.com\/pt-pt\/wp-json\/wp\/v2\/product\/249197","targetHints":{"allow":["GET"]}}],"collection":[{"href":"https:\/\/www.delicias-uk.com\/pt-pt\/wp-json\/wp\/v2\/product"}],"about":[{"href":"https:\/\/www.delicias-uk.com\/pt-pt\/wp-json\/wp\/v2\/types\/product"}],"author":[{"embeddable":true,"href":"https:\/\/www.delicias-uk.com\/pt-pt\/wp-json\/wp\/v2\/users\/43538"}],"replies":[{"embeddable":true,"href":"https:\/\/www.delicias-uk.com\/pt-pt\/wp-json\/wp\/v2\/comments?post=249197"}],"wp:featuredmedia":[{"embeddable":true,"href":"https:\/\/www.delicias-uk.com\/pt-pt\/wp-json\/wp\/v2\/media\/250311"}],"wp:attachment":[{"href":"https:\/\/www.delicias-uk.com\/pt-pt\/wp-json\/wp\/v2\/media?parent=249197"}],"wp:term":[{"taxonomy":"pwb-brand","embeddable":true,"href":"https:\/\/www.delicias-uk.com\/pt-pt\/wp-json\/wp\/v2\/pwb-brand?post=249197"},{"taxonomy":"product_brand","embeddable":true,"href":"https:\/\/www.delicias-uk.com\/pt-pt\/wp-json\/wp\/v2\/product_brand?post=249197"},{"taxonomy":"product_cat","embeddable":true,"href":"https:\/\/www.delicias-uk.com\/pt-pt\/wp-json\/wp\/v2\/product_cat?post=249197"},{"taxonomy":"product_tag","embeddable":true,"href":"https:\/\/www.delicias-uk.com\/pt-pt\/wp-json\/wp\/v2\/product_tag?post=249197"}],"curies":[{"name":"wp","href":"https:\/\/api.w.org\/{rel}","templated":true}]}}