{"id":249033,"date":"2026-02-17T16:26:49","date_gmt":"2026-02-17T16:26:49","guid":{"rendered":"https:\/\/www.delicias-uk.com\/?post_type=product&#038;p=249033"},"modified":"2026-03-01T07:30:48","modified_gmt":"2026-03-01T07:30:48","slug":"cerelac-nestle-40-menos-acucares-450g-x-2","status":"publish","type":"product","link":"https:\/\/www.delicias-uk.com\/pt-pt\/produto\/cerelac-nestle-40-menos-acucares-450g-x-2\/","title":{"rendered":"Cerelac Nestl\u00e9 40% menos a\u00e7\u00facares 450g x 2"},"content":{"rendered":"<p data-start=\"42\" data-end=\"350\">A CERELAC Farinha L\u00e1ctea -40% A\u00e7\u00facares \u00e9 uma papa infantil inspirada na receita cl\u00e1ssica de Farinha L\u00e1ctea, agora com menos a\u00e7\u00facares, mais cereais e o sabor delicioso de sempre. Especialmente desenvolvida para beb\u00e9s a partir dos 6 meses, \u00e9 uma excelente base para uma alimenta\u00e7\u00e3o diversificada e equilibrada.<\/p>\n<p data-start=\"352\" data-end=\"522\">De f\u00e1cil prepara\u00e7\u00e3o com \u00e1gua, apresenta uma textura suave que facilita a transi\u00e7\u00e3o para a alimenta\u00e7\u00e3o \u00e0 colher, ajudando o beb\u00e9 a descobrir novos sabores e consist\u00eancias.<\/p>\n<p data-start=\"524\" data-end=\"712\">Produzida em Portugal (origem do trigo: UE), \u00e9 elaborada com cereais especialmente selecionados e cultivados para a alimenta\u00e7\u00e3o infantil, garantindo qualidade e seguran\u00e7a em cada refei\u00e7\u00e3o.<\/p>\n<h3 data-start=\"714\" data-end=\"729\">Benef\u00edcios:<\/h3>\n<ul>\n<li data-start=\"732\" data-end=\"786\">Papa infantil com cereais nutricionalmente completos<\/li>\n<li data-start=\"789\" data-end=\"840\">Enriquecida com Ferro, Zinco, Vitaminas A, B1 e C<\/li>\n<li data-start=\"843\" data-end=\"934\">Cereais hidrolisados enzimaticamente, para um sabor suave e prepara\u00e7\u00e3o r\u00e1pida, sem grumos<\/li>\n<li data-start=\"937\" data-end=\"1062\">Mais de 70% dos valores de refer\u00eancia di\u00e1rios* de Ferro, que contribui para o desenvolvimento cognitivo normal das crian\u00e7as<\/li>\n<li data-start=\"1065\" data-end=\"1150\">32% do valor de refer\u00eancia di\u00e1rio* de Iodo, que contribui para o crescimento normal<\/li>\n<li data-start=\"1153\" data-end=\"1239\">40% menos a\u00e7\u00facares comparativamente com a receita anterior de CERELAC Farinha L\u00e1ctea<\/li>\n<li data-start=\"1242\" data-end=\"1322\">Sabor \u00fanico e inconfund\u00edvel, uma das papas preferidas das fam\u00edlias portuguesas<\/li>\n<\/ul>\n<p data-start=\"1324\" data-end=\"1415\" data-is-last-node=\"\" data-is-only-node=\"\">Uma op\u00e7\u00e3o pr\u00e1tica, nutritiva e saborosa para acompanhar o crescimento saud\u00e1vel do seu beb\u00e9.<\/p>\n","protected":false},"excerpt":{"rendered":"<ul>\n<li data-start=\"732\" data-end=\"786\">Papa infantil com cereais nutricionalmente completos<\/li>\n<li data-start=\"789\" data-end=\"840\">Enriquecida com Ferro, Zinco, Vitaminas A, B1 e C<\/li>\n<li data-start=\"843\" data-end=\"934\">Cereais hidrolisados enzimaticamente, para um sabor suave e prepara\u00e7\u00e3o r\u00e1pida, sem grumos<\/li>\n<li data-start=\"937\" data-end=\"1062\">Mais de 70% dos valores de refer\u00eancia di\u00e1rios* de Ferro, que contribui para o desenvolvimento cognitivo normal das crian\u00e7as<\/li>\n<li data-start=\"1065\" data-end=\"1150\">32% do valor de refer\u00eancia di\u00e1rio* de Iodo, que contribui para o crescimento normal<\/li>\n<li data-start=\"1153\" data-end=\"1239\">40% menos a\u00e7\u00facares comparativamente com a receita anterior de CERELAC Farinha L\u00e1ctea<\/li>\n<li data-start=\"1242\" data-end=\"1322\">Sabor \u00fanico e inconfund\u00edvel, uma das papas preferidas das fam\u00edlias portuguesas<\/li>\n<\/ul>\n","protected":false},"author":43538,"featured_media":249035,"comment_status":"open","ping_status":"closed","template":"","meta":[],"pwb-brand":[],"product_brand":[],"product_cat":[8289,8291,8395,8625],"product_tag":[],"class_list":{"0":"post-249033","1":"product","2":"type-product","3":"status-publish","4":"has-post-thumbnail","6":"product_cat-inicio","7":"product_cat-produtos-portugueses","8":"product_cat-mercearia","9":"product_cat-bebe-cereais","11":"first","12":"instock","13":"taxable","14":"shipping-taxable","15":"purchasable","16":"product-type-simple"},"aioseo_notices":[],"brands":[],"_links":{"self":[{"href":"https:\/\/www.delicias-uk.com\/pt-pt\/wp-json\/wp\/v2\/product\/249033","targetHints":{"allow":["GET"]}}],"collection":[{"href":"https:\/\/www.delicias-uk.com\/pt-pt\/wp-json\/wp\/v2\/product"}],"about":[{"href":"https:\/\/www.delicias-uk.com\/pt-pt\/wp-json\/wp\/v2\/types\/product"}],"author":[{"embeddable":true,"href":"https:\/\/www.delicias-uk.com\/pt-pt\/wp-json\/wp\/v2\/users\/43538"}],"replies":[{"embeddable":true,"href":"https:\/\/www.delicias-uk.com\/pt-pt\/wp-json\/wp\/v2\/comments?post=249033"}],"wp:featuredmedia":[{"embeddable":true,"href":"https:\/\/www.delicias-uk.com\/pt-pt\/wp-json\/wp\/v2\/media\/249035"}],"wp:attachment":[{"href":"https:\/\/www.delicias-uk.com\/pt-pt\/wp-json\/wp\/v2\/media?parent=249033"}],"wp:term":[{"taxonomy":"pwb-brand","embeddable":true,"href":"https:\/\/www.delicias-uk.com\/pt-pt\/wp-json\/wp\/v2\/pwb-brand?post=249033"},{"taxonomy":"product_brand","embeddable":true,"href":"https:\/\/www.delicias-uk.com\/pt-pt\/wp-json\/wp\/v2\/product_brand?post=249033"},{"taxonomy":"product_cat","embeddable":true,"href":"https:\/\/www.delicias-uk.com\/pt-pt\/wp-json\/wp\/v2\/product_cat?post=249033"},{"taxonomy":"product_tag","embeddable":true,"href":"https:\/\/www.delicias-uk.com\/pt-pt\/wp-json\/wp\/v2\/product_tag?post=249033"}],"curies":[{"name":"wp","href":"https:\/\/api.w.org\/{rel}","templated":true}]}}