{"id":248449,"date":"2026-02-04T12:00:54","date_gmt":"2026-02-04T12:00:54","guid":{"rendered":"https:\/\/www.delicias-uk.com\/?post_type=product&#038;p=248449"},"modified":"2026-02-17T15:20:10","modified_gmt":"2026-02-17T15:20:10","slug":"goiabada-val-250g","status":"publish","type":"product","link":"https:\/\/www.delicias-uk.com\/pt-pt\/produto\/goiabada-val-250g\/","title":{"rendered":"Goiabada VAL 250g"},"content":{"rendered":"<p data-start=\"251\" data-end=\"310\"><strong data-start=\"251\" data-end=\"310\">Goiabada\u00a0<\/strong><\/p>\n<p data-start=\"450\" data-end=\"696\">O delicioso sabor da Goiabada Val vai surpreender quem procura um doce brasileiro aut\u00eantico. Produzida com goiabas fresquinhas selecionadas, cada pedacinho preserva o sabor natural e intenso da fruta, garantindo uma experi\u00eancia doce e marcante.<\/p>\n<p data-start=\"698\" data-end=\"974\">Vers\u00e1til e pr\u00e1tica, a Goiabada Val \u00e9 perfeita para qualquer momento do dia: sozinha, em sobremesas, ou combinada com queijos, p\u00e3es e outros doces e salgados. Com uma receita exclusiva e tradi\u00e7\u00e3o reconhecida, este produto \u00e9 ideal para quem valoriza qualidade e sabor genu\u00edno.<\/p>\n<p data-start=\"976\" data-end=\"1003\"><strong data-start=\"976\" data-end=\"1001\">Descubra:<\/strong><\/p>\n<ul>\n<li data-start=\"1006\" data-end=\"1048\">Feita com goiabas frescas e selecionada<\/li>\n<li data-start=\"1107\" data-end=\"1126\">N\u00e3o cont\u00e9m gl\u00faten<\/li>\n<li data-start=\"1164\" data-end=\"1213\">Ideal para consumo di\u00e1rio ou ocasi\u00f5es especiais<\/li>\n<li data-start=\"1216\" data-end=\"1262\">Produto brasileiro dispon\u00edvel no Reino Unido<\/li>\n<\/ul>\n","protected":false},"excerpt":{"rendered":"<ul>\n<li><strong>Peso l\u00edquido<\/strong>: 250g<\/li>\n<li><strong>Sabor:<\/strong> Goiabada<\/li>\n<\/ul>\n","protected":false},"author":43539,"featured_media":248458,"comment_status":"open","ping_status":"closed","template":"","meta":[],"pwb-brand":[],"product_brand":[],"product_cat":[8289,8293,8401,8599],"product_tag":[],"class_list":{"0":"post-248449","1":"product","2":"type-product","3":"status-publish","4":"has-post-thumbnail","6":"product_cat-inicio","7":"product_cat-produtos-brasileiros","8":"product_cat-mercearia-pt-pt","9":"product_cat-geleias","11":"first","12":"instock","13":"taxable","14":"shipping-taxable","15":"purchasable","16":"product-type-simple"},"aioseo_notices":[],"brands":[],"_links":{"self":[{"href":"https:\/\/www.delicias-uk.com\/pt-pt\/wp-json\/wp\/v2\/product\/248449","targetHints":{"allow":["GET"]}}],"collection":[{"href":"https:\/\/www.delicias-uk.com\/pt-pt\/wp-json\/wp\/v2\/product"}],"about":[{"href":"https:\/\/www.delicias-uk.com\/pt-pt\/wp-json\/wp\/v2\/types\/product"}],"author":[{"embeddable":true,"href":"https:\/\/www.delicias-uk.com\/pt-pt\/wp-json\/wp\/v2\/users\/43539"}],"replies":[{"embeddable":true,"href":"https:\/\/www.delicias-uk.com\/pt-pt\/wp-json\/wp\/v2\/comments?post=248449"}],"wp:featuredmedia":[{"embeddable":true,"href":"https:\/\/www.delicias-uk.com\/pt-pt\/wp-json\/wp\/v2\/media\/248458"}],"wp:attachment":[{"href":"https:\/\/www.delicias-uk.com\/pt-pt\/wp-json\/wp\/v2\/media?parent=248449"}],"wp:term":[{"taxonomy":"pwb-brand","embeddable":true,"href":"https:\/\/www.delicias-uk.com\/pt-pt\/wp-json\/wp\/v2\/pwb-brand?post=248449"},{"taxonomy":"product_brand","embeddable":true,"href":"https:\/\/www.delicias-uk.com\/pt-pt\/wp-json\/wp\/v2\/product_brand?post=248449"},{"taxonomy":"product_cat","embeddable":true,"href":"https:\/\/www.delicias-uk.com\/pt-pt\/wp-json\/wp\/v2\/product_cat?post=248449"},{"taxonomy":"product_tag","embeddable":true,"href":"https:\/\/www.delicias-uk.com\/pt-pt\/wp-json\/wp\/v2\/product_tag?post=248449"}],"curies":[{"name":"wp","href":"https:\/\/api.w.org\/{rel}","templated":true}]}}