{"id":248444,"date":"2026-02-04T11:33:26","date_gmt":"2026-02-04T11:33:26","guid":{"rendered":"https:\/\/www.delicias-uk.com\/?post_type=product&#038;p=248444"},"modified":"2026-02-24T11:55:43","modified_gmt":"2026-02-24T11:55:43","slug":"goiabada-cascao-va-250g","status":"publish","type":"product","link":"https:\/\/www.delicias-uk.com\/pt-pt\/produto\/goiabada-cascao-va-250g\/","title":{"rendered":"Goiabada Casc\u00e3o VAL 250g"},"content":{"rendered":"<p data-start=\"251\" data-end=\"310\"><strong data-start=\"251\" data-end=\"310\">Goiabada Casc\u00e3o (Doce de Goiaba Tradicional Brasileiro)<\/strong><\/p>\n<p data-start=\"312\" data-end=\"692\">A Goiabada Casc\u00e3o Val \u00e9 um doce de goiaba tradicional brasileiro produzido h\u00e1 mais de 40 anos, preservando a receita original e o sabor aut\u00eantico apreciado em todo o Brasil. Produzida com goiabas frescas cultivadas nas pr\u00f3prias fazendas da marca, segue elevados padr\u00f5es de qualidade agr\u00edcola e de produ\u00e7\u00e3o, refletindo a experi\u00eancia de um fabricante l\u00edder e consolidado no mercado.<\/p>\n<p data-start=\"694\" data-end=\"1059\">Vers\u00e1til e saborosa, a Goiabada Casc\u00e3o Val pode ser consumida como sobremesa, acompanhada com queijo \u2014 formando a tradicional combina\u00e7\u00e3o brasileira \u201cRomeu e Julieta\u201d \u2014 ou utilizada como ingrediente em bolos, pastelaria e outras receitas. Conhecida pela sua textura rica e do\u00e7ura natural, \u00e9 ideal para qualquer ocasi\u00e3o, desde o consumo di\u00e1rio at\u00e9 momentos especiais.<\/p>\n<p data-start=\"1061\" data-end=\"1074\"><strong data-start=\"1061\" data-end=\"1074\">Descubra:<\/strong><\/p>\n<ul>\n<li data-start=\"1078\" data-end=\"1139\">Produzida com goiabas frescas e cuidadosamente selecionadas<\/li>\n<li data-start=\"1142\" data-end=\"1167\">Naturalmente sem gl\u00faten<\/li>\n<li data-start=\"1170\" data-end=\"1226\">Ideal para sobremesas, combina\u00e7\u00e3o com queijos e snacks<\/li>\n<li data-start=\"1229\" data-end=\"1287\">Produto brasileiro tradicional dispon\u00edvel no Reino Unido<\/li>\n<li data-start=\"1290\" data-end=\"1353\">Perfeita para quem procura sabores aut\u00eanticos do Brasil no UK<\/li>\n<\/ul>\n","protected":false},"excerpt":{"rendered":"<ul>\n<li><strong>Peso l\u00edquido<\/strong>: 250g<\/li>\n<li><strong>Sabor:<\/strong> Goiabada Casc\u00e3o<\/li>\n<\/ul>\n","protected":false},"author":43539,"featured_media":248447,"comment_status":"open","ping_status":"closed","template":"","meta":[],"pwb-brand":[],"product_brand":[],"product_cat":[8289,8293,8401,8599],"product_tag":[],"class_list":{"0":"post-248444","1":"product","2":"type-product","3":"status-publish","4":"has-post-thumbnail","6":"product_cat-inicio","7":"product_cat-produtos-brasileiros","8":"product_cat-mercearia-pt-pt","9":"product_cat-geleias","11":"first","12":"instock","13":"taxable","14":"shipping-taxable","15":"purchasable","16":"product-type-simple"},"aioseo_notices":[],"brands":[],"_links":{"self":[{"href":"https:\/\/www.delicias-uk.com\/pt-pt\/wp-json\/wp\/v2\/product\/248444","targetHints":{"allow":["GET"]}}],"collection":[{"href":"https:\/\/www.delicias-uk.com\/pt-pt\/wp-json\/wp\/v2\/product"}],"about":[{"href":"https:\/\/www.delicias-uk.com\/pt-pt\/wp-json\/wp\/v2\/types\/product"}],"author":[{"embeddable":true,"href":"https:\/\/www.delicias-uk.com\/pt-pt\/wp-json\/wp\/v2\/users\/43539"}],"replies":[{"embeddable":true,"href":"https:\/\/www.delicias-uk.com\/pt-pt\/wp-json\/wp\/v2\/comments?post=248444"}],"wp:featuredmedia":[{"embeddable":true,"href":"https:\/\/www.delicias-uk.com\/pt-pt\/wp-json\/wp\/v2\/media\/248447"}],"wp:attachment":[{"href":"https:\/\/www.delicias-uk.com\/pt-pt\/wp-json\/wp\/v2\/media?parent=248444"}],"wp:term":[{"taxonomy":"pwb-brand","embeddable":true,"href":"https:\/\/www.delicias-uk.com\/pt-pt\/wp-json\/wp\/v2\/pwb-brand?post=248444"},{"taxonomy":"product_brand","embeddable":true,"href":"https:\/\/www.delicias-uk.com\/pt-pt\/wp-json\/wp\/v2\/product_brand?post=248444"},{"taxonomy":"product_cat","embeddable":true,"href":"https:\/\/www.delicias-uk.com\/pt-pt\/wp-json\/wp\/v2\/product_cat?post=248444"},{"taxonomy":"product_tag","embeddable":true,"href":"https:\/\/www.delicias-uk.com\/pt-pt\/wp-json\/wp\/v2\/product_tag?post=248444"}],"curies":[{"name":"wp","href":"https:\/\/api.w.org\/{rel}","templated":true}]}}