{"id":248425,"date":"2026-02-04T10:30:01","date_gmt":"2026-02-04T10:30:01","guid":{"rendered":"https:\/\/www.delicias-uk.com\/?post_type=product&#038;p=248425"},"modified":"2026-04-29T17:36:22","modified_gmt":"2026-04-29T16:36:22","slug":"pacoca-tradicional-dadinho-quadrada-display-box-40x20g","status":"publish","type":"product","link":"https:\/\/www.delicias-uk.com\/pt-pt\/produto\/pacoca-tradicional-dadinho-quadrada-display-box-40x20g\/","title":{"rendered":"Pa\u00e7oca Tradicional Dadinho Quadrada Display Box 20g x 40"},"content":{"rendered":"<p><strong>PA\u00c7OCA (DOCE DE AMENDOIM BRASILEIRO)<\/strong><\/p>\n<p>Pa\u00e7oca de amendoim conhecida como Pa\u00e7oquinha \u00e9 uma guloseima tradicional brasileira feita de amendoim, a\u00e7\u00facar e sal, popular no Brasil.<\/p>\n","protected":false},"excerpt":{"rendered":"<ul style=\"list-style-type: disc;\">\n<li>Peso l\u00edquido 800g<\/li>\n<li>Produto Brasileiro<\/li>\n<\/ul>\n","protected":false},"author":43539,"featured_media":248428,"comment_status":"open","ping_status":"closed","template":"","meta":[],"pwb-brand":[],"product_brand":[],"product_cat":[8289,8293,8597],"product_tag":[],"class_list":{"0":"post-248425","1":"product","2":"type-product","3":"status-publish","4":"has-post-thumbnail","6":"product_cat-inicio","7":"product_cat-produtos-brasileiros","8":"product_cat-doces-tradicionais-amendoim","10":"first","11":"instock","12":"taxable","13":"shipping-taxable","14":"purchasable","15":"product-type-simple"},"aioseo_notices":[],"brands":[],"_links":{"self":[{"href":"https:\/\/www.delicias-uk.com\/pt-pt\/wp-json\/wp\/v2\/product\/248425","targetHints":{"allow":["GET"]}}],"collection":[{"href":"https:\/\/www.delicias-uk.com\/pt-pt\/wp-json\/wp\/v2\/product"}],"about":[{"href":"https:\/\/www.delicias-uk.com\/pt-pt\/wp-json\/wp\/v2\/types\/product"}],"author":[{"embeddable":true,"href":"https:\/\/www.delicias-uk.com\/pt-pt\/wp-json\/wp\/v2\/users\/43539"}],"replies":[{"embeddable":true,"href":"https:\/\/www.delicias-uk.com\/pt-pt\/wp-json\/wp\/v2\/comments?post=248425"}],"wp:featuredmedia":[{"embeddable":true,"href":"https:\/\/www.delicias-uk.com\/pt-pt\/wp-json\/wp\/v2\/media\/248428"}],"wp:attachment":[{"href":"https:\/\/www.delicias-uk.com\/pt-pt\/wp-json\/wp\/v2\/media?parent=248425"}],"wp:term":[{"taxonomy":"pwb-brand","embeddable":true,"href":"https:\/\/www.delicias-uk.com\/pt-pt\/wp-json\/wp\/v2\/pwb-brand?post=248425"},{"taxonomy":"product_brand","embeddable":true,"href":"https:\/\/www.delicias-uk.com\/pt-pt\/wp-json\/wp\/v2\/product_brand?post=248425"},{"taxonomy":"product_cat","embeddable":true,"href":"https:\/\/www.delicias-uk.com\/pt-pt\/wp-json\/wp\/v2\/product_cat?post=248425"},{"taxonomy":"product_tag","embeddable":true,"href":"https:\/\/www.delicias-uk.com\/pt-pt\/wp-json\/wp\/v2\/product_tag?post=248425"}],"curies":[{"name":"wp","href":"https:\/\/api.w.org\/{rel}","templated":true}]}}