{"id":247617,"date":"2026-01-23T11:57:11","date_gmt":"2026-01-23T11:57:11","guid":{"rendered":"https:\/\/www.delicias-uk.com\/?post_type=product&#038;p=247617"},"modified":"2026-01-23T12:01:23","modified_gmt":"2026-01-23T12:01:23","slug":"queijo-tipo-catupiry-ipanema-2-2kg","status":"publish","type":"product","link":"https:\/\/www.delicias-uk.com\/pt-pt\/produto\/queijo-tipo-catupiry-ipanema-2-2kg\/","title":{"rendered":"Queijo Tipo Catupiry Ipanema 2.2Kg"},"content":{"rendered":"<p>O queijo Catupiry \u00e9 um queijo macio e suave que \u00e9 frequentemente comparado \u00e0 ricota ou ao mascarpone, mas com uma consist\u00eancia \u00fanica que \u00e9 mais f\u00e1cil de espalhar e aveludada.<\/p>\n<p>Usos:<\/p>\n<p><strong>Pratos salgados:<\/strong> O catupiry \u00e9 comumente usado em tortas, doces e recheios salgados. \u00c9 um ingrediente-chave em pratos brasileiros como empad\u00e3o (um tipo de torta salgada), frango com Catupiry (frango com queijo Catupiry) e esfiha (uma massa folhada inspirada no Oriente M\u00e9dio).<\/p>\n<p><strong>Cobertura de pizza:<\/strong> Tamb\u00e9m \u00e9 usado como cobertura de pizza, frequentemente misturado com outros ingredientes como espinafre ou camar\u00e3o.<\/p>\n<p><strong>Sandu\u00edches e canap\u00e9s:<\/strong> Sua textura cremosa o torna perfeito para espalhar em p\u00e3es, biscoitos ou servir como molho.<\/p>\n<p><strong>Sobremesas:<\/strong> Em alguns casos, o catupiry \u00e9 usado em sobremesas, combinado com frutas ou incorporado em bolos e doces para um recheio rico e cremoso.<\/p>\n<p><strong>Caracter\u00edsticas:<\/strong><\/p>\n<p><strong>Textura:<\/strong> Suave, espalh\u00e1vel e cremoso.<\/p>\n<p><strong>Sabor:<\/strong> Suave, levemente picante e sutilmente salgado.<\/p>\n<p><strong>Consist\u00eancia:<\/strong> \u00c9 mais consistente do que o cream cheese tradicional, o que o torna ideal para cozinhar e assar.<\/p>\n<p>No geral, o Catupiry \u00e9 amado por sua versatilidade, tornando-o ideal em pratos doces e salgados e como uma adi\u00e7\u00e3o \u00fanica a uma variedade de cria\u00e7\u00f5es culin\u00e1rias.<\/p>\n","protected":false},"excerpt":{"rendered":"<ul style=\"list-style-type: disc;\">\n<li>Peso l\u00edquido 2.2Kg<\/li>\n<li>Usado em diversos pratos<\/li>\n<\/ul>\n","protected":false},"author":43538,"featured_media":247619,"comment_status":"open","ping_status":"closed","template":"","meta":[],"pwb-brand":[],"product_brand":[],"product_cat":[8289,8293,8393],"product_tag":[],"class_list":{"0":"post-247617","1":"product","2":"type-product","3":"status-publish","4":"has-post-thumbnail","6":"product_cat-inicio","7":"product_cat-produtos-brasileiros","8":"product_cat-queijo","10":"first","11":"outofstock","12":"taxable","13":"shipping-taxable","14":"purchasable","15":"product-type-simple"},"aioseo_notices":[],"brands":[],"_links":{"self":[{"href":"https:\/\/www.delicias-uk.com\/pt-pt\/wp-json\/wp\/v2\/product\/247617","targetHints":{"allow":["GET"]}}],"collection":[{"href":"https:\/\/www.delicias-uk.com\/pt-pt\/wp-json\/wp\/v2\/product"}],"about":[{"href":"https:\/\/www.delicias-uk.com\/pt-pt\/wp-json\/wp\/v2\/types\/product"}],"author":[{"embeddable":true,"href":"https:\/\/www.delicias-uk.com\/pt-pt\/wp-json\/wp\/v2\/users\/43538"}],"replies":[{"embeddable":true,"href":"https:\/\/www.delicias-uk.com\/pt-pt\/wp-json\/wp\/v2\/comments?post=247617"}],"wp:featuredmedia":[{"embeddable":true,"href":"https:\/\/www.delicias-uk.com\/pt-pt\/wp-json\/wp\/v2\/media\/247619"}],"wp:attachment":[{"href":"https:\/\/www.delicias-uk.com\/pt-pt\/wp-json\/wp\/v2\/media?parent=247617"}],"wp:term":[{"taxonomy":"pwb-brand","embeddable":true,"href":"https:\/\/www.delicias-uk.com\/pt-pt\/wp-json\/wp\/v2\/pwb-brand?post=247617"},{"taxonomy":"product_brand","embeddable":true,"href":"https:\/\/www.delicias-uk.com\/pt-pt\/wp-json\/wp\/v2\/product_brand?post=247617"},{"taxonomy":"product_cat","embeddable":true,"href":"https:\/\/www.delicias-uk.com\/pt-pt\/wp-json\/wp\/v2\/product_cat?post=247617"},{"taxonomy":"product_tag","embeddable":true,"href":"https:\/\/www.delicias-uk.com\/pt-pt\/wp-json\/wp\/v2\/product_tag?post=247617"}],"curies":[{"name":"wp","href":"https:\/\/api.w.org\/{rel}","templated":true}]}}