{"id":247091,"date":"2026-01-16T16:26:17","date_gmt":"2026-01-16T16:26:17","guid":{"rendered":"https:\/\/www.delicias-uk.com\/?post_type=product&#038;p=247091"},"modified":"2026-04-17T10:41:43","modified_gmt":"2026-04-17T09:41:43","slug":"copo-americano-nadir-1-unidade","status":"publish","type":"product","link":"https:\/\/www.delicias-uk.com\/pt-pt\/produto\/copo-americano-nadir-1-unidade\/","title":{"rendered":"Copo Americano Nadir 1 unidade"},"content":{"rendered":"<p data-start=\"73\" data-end=\"429\">Cl\u00e1ssico e vers\u00e1til, o Copo Americano Nadir \u00e9 um \u00edcone do dia a dia brasileiro. Fabricado em vidro resistente e de alta qualidade, \u00e9 ideal para servir \u00e1gua, sumos, refrigerantes, cerveja ou caf\u00e9. O seu design tradicional garante estabilidade, durabilidade e praticidade, sendo perfeito tanto para uso dom\u00e9stico como profissional.<\/p>\n<p data-start=\"431\" data-end=\"445\"><strong data-start=\"431\" data-end=\"445\">Destaques:<\/strong><\/p>\n<ul>\n<li data-start=\"448\" data-end=\"476\">Vidro resistente e dur\u00e1vel<\/li>\n<li data-start=\"479\" data-end=\"508\">Design cl\u00e1ssico e funcional<\/li>\n<li data-start=\"511\" data-end=\"548\">Ideal para bebidas quentes ou frias<\/li>\n<li data-start=\"551\" data-end=\"581\">F\u00e1cil de limpar e reutilizar<\/li>\n<li data-start=\"584\" data-end=\"608\">Produto original Nadir<\/li>\n<\/ul>\n","protected":false},"excerpt":{"rendered":"<ul>\n<li data-start=\"448\" data-end=\"476\">Vidro resistente e dur\u00e1vel<\/li>\n<li data-start=\"479\" data-end=\"508\">Design cl\u00e1ssico e funcional<\/li>\n<li data-start=\"511\" data-end=\"548\">Ideal para bebidas quentes ou frias<\/li>\n<li data-start=\"551\" data-end=\"581\">F\u00e1cil de limpar e reutilizar<\/li>\n<li data-start=\"584\" data-end=\"608\">Produto original Nadir<\/li>\n<\/ul>\n","protected":false},"author":43538,"featured_media":247089,"comment_status":"closed","ping_status":"closed","template":"","meta":[],"pwb-brand":[],"product_brand":[],"product_cat":[8293,8425],"product_tag":[],"class_list":{"0":"post-247091","1":"product","2":"type-product","3":"status-publish","4":"has-post-thumbnail","6":"product_cat-produtos-brasileiros","7":"product_cat-utensilios-de-cozinha","9":"first","10":"instock","11":"taxable","12":"shipping-taxable","13":"purchasable","14":"product-type-simple"},"aioseo_notices":[],"brands":[],"_links":{"self":[{"href":"https:\/\/www.delicias-uk.com\/pt-pt\/wp-json\/wp\/v2\/product\/247091","targetHints":{"allow":["GET"]}}],"collection":[{"href":"https:\/\/www.delicias-uk.com\/pt-pt\/wp-json\/wp\/v2\/product"}],"about":[{"href":"https:\/\/www.delicias-uk.com\/pt-pt\/wp-json\/wp\/v2\/types\/product"}],"author":[{"embeddable":true,"href":"https:\/\/www.delicias-uk.com\/pt-pt\/wp-json\/wp\/v2\/users\/43538"}],"replies":[{"embeddable":true,"href":"https:\/\/www.delicias-uk.com\/pt-pt\/wp-json\/wp\/v2\/comments?post=247091"}],"wp:featuredmedia":[{"embeddable":true,"href":"https:\/\/www.delicias-uk.com\/pt-pt\/wp-json\/wp\/v2\/media\/247089"}],"wp:attachment":[{"href":"https:\/\/www.delicias-uk.com\/pt-pt\/wp-json\/wp\/v2\/media?parent=247091"}],"wp:term":[{"taxonomy":"pwb-brand","embeddable":true,"href":"https:\/\/www.delicias-uk.com\/pt-pt\/wp-json\/wp\/v2\/pwb-brand?post=247091"},{"taxonomy":"product_brand","embeddable":true,"href":"https:\/\/www.delicias-uk.com\/pt-pt\/wp-json\/wp\/v2\/product_brand?post=247091"},{"taxonomy":"product_cat","embeddable":true,"href":"https:\/\/www.delicias-uk.com\/pt-pt\/wp-json\/wp\/v2\/product_cat?post=247091"},{"taxonomy":"product_tag","embeddable":true,"href":"https:\/\/www.delicias-uk.com\/pt-pt\/wp-json\/wp\/v2\/product_tag?post=247091"}],"curies":[{"name":"wp","href":"https:\/\/api.w.org\/{rel}","templated":true}]}}