{"id":247014,"date":"2026-01-15T11:36:13","date_gmt":"2026-01-15T11:36:13","guid":{"rendered":"https:\/\/www.delicias-uk.com\/?post_type=product&#038;p=247014"},"modified":"2026-04-10T16:14:41","modified_gmt":"2026-04-10T15:14:41","slug":"pao-cozido-tipo-chapata-com-chourico-e-queijo-flor-do-vouga-300g-1-unidade-copy","status":"publish","type":"product","link":"https:\/\/www.delicias-uk.com\/pt-pt\/produto\/pao-cozido-tipo-chapata-com-chourico-e-queijo-flor-do-vouga-300g-1-unidade-copy\/","title":{"rendered":"P\u00e3o Cozido Tipo Chapata com Chouri\u00e7o e Queijo Flor do Vouga 300g x 6"},"content":{"rendered":"<h3 data-start=\"105\" data-end=\"152\">Delicioso\u00a0<strong data-start=\"164\" data-end=\"190\">p\u00e3o cozido tradicional<\/strong>, preparado com\u00a0<strong data-start=\"206\" data-end=\"249\">chouri\u00e7o selecionado e queijo derretido<\/strong>, que garantem um sabor rico.<\/h3>\n<p data-start=\"154\" data-end=\"454\">Com textura macia por dentro e sabor intenso, \u00e9 perfeito para partilhar em fam\u00edlia ou servir como snack, entrada ou acompanhamento de refei\u00e7\u00f5es.<\/p>\n<p data-start=\"456\" data-end=\"471\"><strong data-start=\"456\" data-end=\"471\">Ideal para:<\/strong><\/p>\n<ul>\n<li data-start=\"474\" data-end=\"494\">Lanches e petiscos<\/li>\n<li data-start=\"497\" data-end=\"537\">Acompanhar sopas e pratos tradicionais<\/li>\n<li data-start=\"540\" data-end=\"603\">Aquecer ligeiramente no forno ou air fryer para real\u00e7ar o sabor<\/li>\n<\/ul>\n<p data-start=\"605\" data-end=\"672\"><strong data-start=\"608\" data-end=\"617\">Peso:<\/strong> 300g x 6<\/p>\n","protected":false},"excerpt":{"rendered":"<ul>\n<li data-start=\"474\" data-end=\"494\">Lanches e petiscos<\/li>\n<li data-start=\"497\" data-end=\"537\">Acompanhar sopas e pratos tradicionais<\/li>\n<li data-start=\"540\" data-end=\"603\">Aquecer ligeiramente no forno ou air fryer para real\u00e7ar o sabor<\/li>\n<\/ul>\n","protected":false},"author":43538,"featured_media":246537,"comment_status":"closed","ping_status":"closed","template":"","meta":[],"pwb-brand":[],"product_brand":[],"product_cat":[8289,8291,8305,8413],"product_tag":[],"class_list":{"0":"post-247014","1":"product","2":"type-product","3":"status-publish","4":"has-post-thumbnail","6":"product_cat-inicio","7":"product_cat-produtos-portugueses","8":"product_cat-produtos-congelados","9":"product_cat-salgado-congelado","11":"first","12":"instock","13":"taxable","14":"shipping-taxable","15":"purchasable","16":"product-type-simple"},"aioseo_notices":[],"brands":[],"_links":{"self":[{"href":"https:\/\/www.delicias-uk.com\/pt-pt\/wp-json\/wp\/v2\/product\/247014","targetHints":{"allow":["GET"]}}],"collection":[{"href":"https:\/\/www.delicias-uk.com\/pt-pt\/wp-json\/wp\/v2\/product"}],"about":[{"href":"https:\/\/www.delicias-uk.com\/pt-pt\/wp-json\/wp\/v2\/types\/product"}],"author":[{"embeddable":true,"href":"https:\/\/www.delicias-uk.com\/pt-pt\/wp-json\/wp\/v2\/users\/43538"}],"replies":[{"embeddable":true,"href":"https:\/\/www.delicias-uk.com\/pt-pt\/wp-json\/wp\/v2\/comments?post=247014"}],"wp:featuredmedia":[{"embeddable":true,"href":"https:\/\/www.delicias-uk.com\/pt-pt\/wp-json\/wp\/v2\/media\/246537"}],"wp:attachment":[{"href":"https:\/\/www.delicias-uk.com\/pt-pt\/wp-json\/wp\/v2\/media?parent=247014"}],"wp:term":[{"taxonomy":"pwb-brand","embeddable":true,"href":"https:\/\/www.delicias-uk.com\/pt-pt\/wp-json\/wp\/v2\/pwb-brand?post=247014"},{"taxonomy":"product_brand","embeddable":true,"href":"https:\/\/www.delicias-uk.com\/pt-pt\/wp-json\/wp\/v2\/product_brand?post=247014"},{"taxonomy":"product_cat","embeddable":true,"href":"https:\/\/www.delicias-uk.com\/pt-pt\/wp-json\/wp\/v2\/product_cat?post=247014"},{"taxonomy":"product_tag","embeddable":true,"href":"https:\/\/www.delicias-uk.com\/pt-pt\/wp-json\/wp\/v2\/product_tag?post=247014"}],"curies":[{"name":"wp","href":"https:\/\/api.w.org\/{rel}","templated":true}]}}