{"id":246903,"date":"2026-01-13T14:57:51","date_gmt":"2026-01-13T14:57:51","guid":{"rendered":"https:\/\/www.delicias-uk.com\/?post_type=product&#038;p=246903"},"modified":"2026-04-15T16:39:46","modified_gmt":"2026-04-15T15:39:46","slug":"246903","status":"publish","type":"product","link":"https:\/\/www.delicias-uk.com\/pt-pt\/produto\/246903\/","title":{"rendered":"Queijo Castel\u00f5es Amanteigado (480+\/-)"},"content":{"rendered":"<p data-start=\"71\" data-end=\"359\">Queijo de pasta macia e textura intensamente amanteigada, elaborado a partir de leite de vaca de elevada qualidade. Destaca-se pelo seu sabor delicado, suave e cremoso, com uma untuosidade elegante que o torna especialmente agrad\u00e1vel ao paladar.<\/p>\n<p data-start=\"361\" data-end=\"495\">Perfeito para t\u00e1buas de queijos premium, momentos de degusta\u00e7\u00e3o ou para ser apreciado simplesmente com p\u00e3o artesanal e um bom vinho.<\/p>\n<p data-start=\"497\" data-end=\"591\">Peso aproximado: <strong data-start=\"514\" data-end=\"522\">480g<\/strong> (produto vendido por unidade, sujeito a varia\u00e7\u00f5es naturais de peso).<\/p>\n","protected":false},"excerpt":{"rendered":"<ul>\n<li data-start=\"89\" data-end=\"134\">Queijo de pasta macia e textura amanteigada<\/li>\n<li data-start=\"137\" data-end=\"187\">Produzido com leite de vaca de elevada qualidade<\/li>\n<li data-start=\"190\" data-end=\"223\">Sabor suave, delicado e cremoso<\/li>\n<li data-start=\"226\" data-end=\"264\">Ideal para t\u00e1buas de queijos premium<\/li>\n<li data-start=\"267\" data-end=\"321\">Perfeito para acompanhar p\u00e3o artesanal e bons vinhos<\/li>\n<li data-start=\"324\" data-end=\"373\">Peso aproximado: \u00b1480g (varia\u00e7\u00e3o natural de peso)<\/li>\n<\/ul>\n","protected":false},"author":43538,"featured_media":246902,"comment_status":"closed","ping_status":"closed","template":"","meta":[],"pwb-brand":[],"product_brand":[],"product_cat":[8289,8291,8377,8487,8675],"product_tag":[],"class_list":{"0":"post-246903","1":"product","2":"type-product","3":"status-publish","4":"has-post-thumbnail","6":"product_cat-inicio","7":"product_cat-produtos-portugueses","8":"product_cat-lacticinios","9":"product_cat-queijos","10":"product_cat-vaca-pt-pt","12":"first","13":"instock","14":"taxable","15":"shipping-taxable","16":"purchasable","17":"product-type-simple"},"aioseo_notices":[],"brands":[],"_links":{"self":[{"href":"https:\/\/www.delicias-uk.com\/pt-pt\/wp-json\/wp\/v2\/product\/246903","targetHints":{"allow":["GET"]}}],"collection":[{"href":"https:\/\/www.delicias-uk.com\/pt-pt\/wp-json\/wp\/v2\/product"}],"about":[{"href":"https:\/\/www.delicias-uk.com\/pt-pt\/wp-json\/wp\/v2\/types\/product"}],"author":[{"embeddable":true,"href":"https:\/\/www.delicias-uk.com\/pt-pt\/wp-json\/wp\/v2\/users\/43538"}],"replies":[{"embeddable":true,"href":"https:\/\/www.delicias-uk.com\/pt-pt\/wp-json\/wp\/v2\/comments?post=246903"}],"wp:featuredmedia":[{"embeddable":true,"href":"https:\/\/www.delicias-uk.com\/pt-pt\/wp-json\/wp\/v2\/media\/246902"}],"wp:attachment":[{"href":"https:\/\/www.delicias-uk.com\/pt-pt\/wp-json\/wp\/v2\/media?parent=246903"}],"wp:term":[{"taxonomy":"pwb-brand","embeddable":true,"href":"https:\/\/www.delicias-uk.com\/pt-pt\/wp-json\/wp\/v2\/pwb-brand?post=246903"},{"taxonomy":"product_brand","embeddable":true,"href":"https:\/\/www.delicias-uk.com\/pt-pt\/wp-json\/wp\/v2\/product_brand?post=246903"},{"taxonomy":"product_cat","embeddable":true,"href":"https:\/\/www.delicias-uk.com\/pt-pt\/wp-json\/wp\/v2\/product_cat?post=246903"},{"taxonomy":"product_tag","embeddable":true,"href":"https:\/\/www.delicias-uk.com\/pt-pt\/wp-json\/wp\/v2\/product_tag?post=246903"}],"curies":[{"name":"wp","href":"https:\/\/api.w.org\/{rel}","templated":true}]}}