{"id":246648,"date":"2026-01-09T14:41:19","date_gmt":"2026-01-09T14:41:19","guid":{"rendered":"https:\/\/www.delicias-uk.com\/?post_type=product&#038;p=246648"},"modified":"2026-01-13T11:36:14","modified_gmt":"2026-01-13T11:36:14","slug":"presunto-alto-rendimento-penafria-12-meses-500g","status":"publish","type":"product","link":"https:\/\/www.delicias-uk.com\/pt-pt\/produto\/presunto-alto-rendimento-penafria-12-meses-500g\/","title":{"rendered":"Presunto Alto Rendimento Penafria 12 Meses 500g"},"content":{"rendered":"<p data-start=\"182\" data-end=\"480\">Presunto <strong data-start=\"191\" data-end=\"224\">curado por no m\u00ednimo 12 meses<\/strong>, cuidadosamente selecionado para garantir <strong data-start=\"267\" data-end=\"323\">alto rendimento, sabor intenso e textura equilibrada<\/strong>. Produzido segundo m\u00e9todos tradicionais, apresenta aroma caracter\u00edstico, ideal tanto para consumo di\u00e1rio como para momentos especiais.<\/p>\n<p data-start=\"482\" data-end=\"588\">Perfeito para t\u00e1buas de frios, sandu\u00edches, petiscos ou para complementar refei\u00e7\u00f5es com um toque aut\u00eantico.<\/p>\n<p data-start=\"590\" data-end=\"621\"><strong data-start=\"590\" data-end=\"621\">Caracter\u00edsticas principais:<\/strong><\/p>\n<ul>\n<li data-start=\"624\" data-end=\"657\">Curado por <strong data-start=\"635\" data-end=\"655\">12 meses ou mais<\/strong><\/li>\n<li data-start=\"660\" data-end=\"703\">Alto rendimento e excelente fatiabilidade<\/li>\n<li data-start=\"706\" data-end=\"741\">Sabor equilibrado e textura firme<\/li>\n<li data-start=\"744\" data-end=\"789\">Ideal para consumo di\u00e1rio ou para partilhar<\/li>\n<\/ul>\n<p data-start=\"791\" data-end=\"810\"><strong data-start=\"794\" data-end=\"803\">Peso:<\/strong> 500g<\/p>\n","protected":false},"excerpt":{"rendered":"<ul>\n<li data-start=\"624\" data-end=\"657\">Curado por <strong data-start=\"635\" data-end=\"655\">12 meses ou mais<\/strong><\/li>\n<li data-start=\"660\" data-end=\"703\">Alto rendimento e excelente fatiabilidade<\/li>\n<li data-start=\"706\" data-end=\"741\">Sabor equilibrado e textura firme<\/li>\n<li data-start=\"744\" data-end=\"789\">Ideal para consumo di\u00e1rio ou para partilhar<\/li>\n<\/ul>\n","protected":false},"author":43538,"featured_media":246647,"comment_status":"closed","ping_status":"closed","template":"","meta":[],"pwb-brand":[],"product_brand":[],"product_cat":[8289,8291,8337,8665],"product_tag":[],"class_list":{"0":"post-246648","1":"product","2":"type-product","3":"status-publish","4":"has-post-thumbnail","6":"product_cat-inicio","7":"product_cat-produtos-portugueses","8":"product_cat-charcutaria","9":"product_cat-presunto-curado","11":"first","12":"instock","13":"taxable","14":"shipping-taxable","15":"purchasable","16":"product-type-simple"},"aioseo_notices":[],"brands":[],"_links":{"self":[{"href":"https:\/\/www.delicias-uk.com\/pt-pt\/wp-json\/wp\/v2\/product\/246648","targetHints":{"allow":["GET"]}}],"collection":[{"href":"https:\/\/www.delicias-uk.com\/pt-pt\/wp-json\/wp\/v2\/product"}],"about":[{"href":"https:\/\/www.delicias-uk.com\/pt-pt\/wp-json\/wp\/v2\/types\/product"}],"author":[{"embeddable":true,"href":"https:\/\/www.delicias-uk.com\/pt-pt\/wp-json\/wp\/v2\/users\/43538"}],"replies":[{"embeddable":true,"href":"https:\/\/www.delicias-uk.com\/pt-pt\/wp-json\/wp\/v2\/comments?post=246648"}],"wp:featuredmedia":[{"embeddable":true,"href":"https:\/\/www.delicias-uk.com\/pt-pt\/wp-json\/wp\/v2\/media\/246647"}],"wp:attachment":[{"href":"https:\/\/www.delicias-uk.com\/pt-pt\/wp-json\/wp\/v2\/media?parent=246648"}],"wp:term":[{"taxonomy":"pwb-brand","embeddable":true,"href":"https:\/\/www.delicias-uk.com\/pt-pt\/wp-json\/wp\/v2\/pwb-brand?post=246648"},{"taxonomy":"product_brand","embeddable":true,"href":"https:\/\/www.delicias-uk.com\/pt-pt\/wp-json\/wp\/v2\/product_brand?post=246648"},{"taxonomy":"product_cat","embeddable":true,"href":"https:\/\/www.delicias-uk.com\/pt-pt\/wp-json\/wp\/v2\/product_cat?post=246648"},{"taxonomy":"product_tag","embeddable":true,"href":"https:\/\/www.delicias-uk.com\/pt-pt\/wp-json\/wp\/v2\/product_tag?post=246648"}],"curies":[{"name":"wp","href":"https:\/\/api.w.org\/{rel}","templated":true}]}}