{"id":246638,"date":"2026-01-09T12:56:45","date_gmt":"2026-01-09T12:56:45","guid":{"rendered":"https:\/\/www.delicias-uk.com\/?post_type=product&#038;p=246638"},"modified":"2026-03-06T14:45:55","modified_gmt":"2026-03-06T14:45:55","slug":"pure-de-multifrutos-nestle-90g-copy","status":"publish","type":"product","link":"https:\/\/www.delicias-uk.com\/pt-pt\/produto\/pure-de-multifrutos-nestle-90g-copy\/","title":{"rendered":"Pur\u00ea de Multifrutos Nestl\u00e9 90g x 7"},"content":{"rendered":"<p>100% fruta. Ingredientes especificamente adaptados para beb\u00e9s a partir dos 6 meses. Formato pr\u00e1tico \u201cpronto a levar\u201d. Elaborado com uma deliciosa combina\u00e7\u00e3o de frutas como ma\u00e7\u00e3, banana, alperce e p\u00eassego.<\/p>\n","protected":false},"excerpt":{"rendered":"<ul>\n<li>100% fruta.<\/li>\n<li>Ingredientes especificamente adaptados para beb\u00e9s a partir dos 6 meses.<\/li>\n<li>Formato pr\u00e1tico \u201cpronto a levar\u201d.<\/li>\n<\/ul>\n","protected":false},"author":43538,"featured_media":246636,"comment_status":"open","ping_status":"closed","template":"","meta":[],"pwb-brand":[],"product_brand":[],"product_cat":[8289,8291,8395,8625],"product_tag":[],"class_list":{"0":"post-246638","1":"product","2":"type-product","3":"status-publish","4":"has-post-thumbnail","6":"product_cat-inicio","7":"product_cat-produtos-portugueses","8":"product_cat-mercearia","9":"product_cat-bebe-cereais","11":"first","12":"instock","13":"taxable","14":"shipping-taxable","15":"purchasable","16":"product-type-simple"},"aioseo_notices":[],"brands":[],"_links":{"self":[{"href":"https:\/\/www.delicias-uk.com\/pt-pt\/wp-json\/wp\/v2\/product\/246638","targetHints":{"allow":["GET"]}}],"collection":[{"href":"https:\/\/www.delicias-uk.com\/pt-pt\/wp-json\/wp\/v2\/product"}],"about":[{"href":"https:\/\/www.delicias-uk.com\/pt-pt\/wp-json\/wp\/v2\/types\/product"}],"author":[{"embeddable":true,"href":"https:\/\/www.delicias-uk.com\/pt-pt\/wp-json\/wp\/v2\/users\/43538"}],"replies":[{"embeddable":true,"href":"https:\/\/www.delicias-uk.com\/pt-pt\/wp-json\/wp\/v2\/comments?post=246638"}],"wp:featuredmedia":[{"embeddable":true,"href":"https:\/\/www.delicias-uk.com\/pt-pt\/wp-json\/wp\/v2\/media\/246636"}],"wp:attachment":[{"href":"https:\/\/www.delicias-uk.com\/pt-pt\/wp-json\/wp\/v2\/media?parent=246638"}],"wp:term":[{"taxonomy":"pwb-brand","embeddable":true,"href":"https:\/\/www.delicias-uk.com\/pt-pt\/wp-json\/wp\/v2\/pwb-brand?post=246638"},{"taxonomy":"product_brand","embeddable":true,"href":"https:\/\/www.delicias-uk.com\/pt-pt\/wp-json\/wp\/v2\/product_brand?post=246638"},{"taxonomy":"product_cat","embeddable":true,"href":"https:\/\/www.delicias-uk.com\/pt-pt\/wp-json\/wp\/v2\/product_cat?post=246638"},{"taxonomy":"product_tag","embeddable":true,"href":"https:\/\/www.delicias-uk.com\/pt-pt\/wp-json\/wp\/v2\/product_tag?post=246638"}],"curies":[{"name":"wp","href":"https:\/\/api.w.org\/{rel}","templated":true}]}}