{"id":246250,"date":"2026-01-02T16:20:33","date_gmt":"2026-01-02T16:20:33","guid":{"rendered":"https:\/\/www.delicias-uk.com\/?post_type=product&#038;p=246250"},"modified":"2026-02-24T11:53:23","modified_gmt":"2026-02-24T11:53:23","slug":"xarope-de-guarana-g-nutre-900ml","status":"publish","type":"product","link":"https:\/\/www.delicias-uk.com\/pt-pt\/produto\/xarope-de-guarana-g-nutre-900ml\/","title":{"rendered":"Xarope de Guaran\u00e1 G-Nutre 900ml"},"content":{"rendered":"<p data-start=\"40\" data-end=\"353\">O <strong data-start=\"42\" data-end=\"71\">Xarope de Guaran\u00e1 G-Nutre<\/strong> \u00e9 ideal para o preparo de bebidas refrescantes, oferecendo o sabor caracter\u00edstico e marcante do guaran\u00e1. Vers\u00e1til e pr\u00e1tico, pode ser utilizado no preparo de refrescos, coquet\u00e9is, drinks, raspadinhas e outras receitas, ajustando a intensidade do sabor conforme a dilui\u00e7\u00e3o desejada.<\/p>\n<p data-start=\"355\" data-end=\"509\">A embalagem <strong data-start=\"367\" data-end=\"382\">PET de 90cl<\/strong> garante facilidade de manuseio, armazenamento e \u00f3timo rendimento, sendo indicada tanto para uso dom\u00e9stico quanto profissional.<\/p>\n<p data-start=\"511\" data-end=\"539\"><strong data-start=\"511\" data-end=\"539\">Diferenciais do produto:<\/strong><\/p>\n<ul>\n<li data-start=\"542\" data-end=\"572\">Sabor tradicional de guaran\u00e1<\/li>\n<li data-start=\"575\" data-end=\"623\">Ideal para bebidas, drinks e receitas diversas<\/li>\n<li data-start=\"626\" data-end=\"642\">F\u00e1cil dilui\u00e7\u00e3o<\/li>\n<li data-start=\"645\" data-end=\"680\">Embalagem PET pr\u00e1tica e econ\u00f4mica<\/li>\n<li data-start=\"683\" data-end=\"705\">Excelente rendimento<\/li>\n<\/ul>\n<p data-start=\"707\" data-end=\"727\"><strong data-start=\"707\" data-end=\"720\">Conte\u00fado:<\/strong> 90cl<\/p>\n<p data-start=\"729\" data-end=\"820\" data-is-last-node=\"\" data-is-only-node=\"\">Perfeito para quem busca praticidade e o sabor cl\u00e1ssico do guaran\u00e1 em diversas prepara\u00e7\u00f5es.<\/p>\n","protected":false},"excerpt":{"rendered":"<ul>\n<li data-start=\"542\" data-end=\"572\">Sabor tradicional de guaran\u00e1<\/li>\n<li data-start=\"575\" data-end=\"623\">Ideal para bebidas, drinks e receitas diversas<\/li>\n<li data-start=\"626\" data-end=\"642\">F\u00e1cil dilui\u00e7\u00e3o<\/li>\n<li data-start=\"645\" data-end=\"680\">Embalagem PET pr\u00e1tica e econ\u00f4mica<\/li>\n<li data-start=\"683\" data-end=\"705\">Excelente rendimento<\/li>\n<\/ul>\n","protected":false},"author":43538,"featured_media":246252,"comment_status":"open","ping_status":"closed","template":"","meta":[],"pwb-brand":[],"product_brand":[],"product_cat":[8289,8293,8415,8637],"product_tag":[],"class_list":{"0":"post-246250","1":"product","2":"type-product","3":"status-publish","4":"has-post-thumbnail","6":"product_cat-inicio","7":"product_cat-produtos-brasileiros","8":"product_cat-bebidas","9":"product_cat-xaropes","11":"first","12":"instock","13":"taxable","14":"shipping-taxable","15":"purchasable","16":"product-type-simple"},"aioseo_notices":[],"brands":[],"_links":{"self":[{"href":"https:\/\/www.delicias-uk.com\/pt-pt\/wp-json\/wp\/v2\/product\/246250","targetHints":{"allow":["GET"]}}],"collection":[{"href":"https:\/\/www.delicias-uk.com\/pt-pt\/wp-json\/wp\/v2\/product"}],"about":[{"href":"https:\/\/www.delicias-uk.com\/pt-pt\/wp-json\/wp\/v2\/types\/product"}],"author":[{"embeddable":true,"href":"https:\/\/www.delicias-uk.com\/pt-pt\/wp-json\/wp\/v2\/users\/43538"}],"replies":[{"embeddable":true,"href":"https:\/\/www.delicias-uk.com\/pt-pt\/wp-json\/wp\/v2\/comments?post=246250"}],"wp:featuredmedia":[{"embeddable":true,"href":"https:\/\/www.delicias-uk.com\/pt-pt\/wp-json\/wp\/v2\/media\/246252"}],"wp:attachment":[{"href":"https:\/\/www.delicias-uk.com\/pt-pt\/wp-json\/wp\/v2\/media?parent=246250"}],"wp:term":[{"taxonomy":"pwb-brand","embeddable":true,"href":"https:\/\/www.delicias-uk.com\/pt-pt\/wp-json\/wp\/v2\/pwb-brand?post=246250"},{"taxonomy":"product_brand","embeddable":true,"href":"https:\/\/www.delicias-uk.com\/pt-pt\/wp-json\/wp\/v2\/product_brand?post=246250"},{"taxonomy":"product_cat","embeddable":true,"href":"https:\/\/www.delicias-uk.com\/pt-pt\/wp-json\/wp\/v2\/product_cat?post=246250"},{"taxonomy":"product_tag","embeddable":true,"href":"https:\/\/www.delicias-uk.com\/pt-pt\/wp-json\/wp\/v2\/product_tag?post=246250"}],"curies":[{"name":"wp","href":"https:\/\/api.w.org\/{rel}","templated":true}]}}