{"id":246246,"date":"2026-01-02T16:01:38","date_gmt":"2026-01-02T16:01:38","guid":{"rendered":"https:\/\/www.delicias-uk.com\/?post_type=product&#038;p=246246"},"modified":"2026-02-24T11:56:12","modified_gmt":"2026-02-24T11:56:12","slug":"pimenta-malagueta-vermelha-aroma-dminas-vidro-90g","status":"publish","type":"product","link":"https:\/\/www.delicias-uk.com\/pt-pt\/produto\/pimenta-malagueta-vermelha-aroma-dminas-vidro-90g\/","title":{"rendered":"Pimenta Malagueta Vermelha Aroma D\u2019Minas Vidro 90g"},"content":{"rendered":"<p data-start=\"56\" data-end=\"319\">A <strong data-start=\"58\" data-end=\"102\">Pimenta Malagueta Vermelha Aroma D\u2019Minas<\/strong> \u00e9 intensa e marcante, conhecida por sua ard\u00eancia caracter\u00edstica e sabor aut\u00eantico, ideal para quem aprecia pratos bem picantes. Muito utilizada na culin\u00e1ria brasileira, real\u00e7a receitas com um toque forte e arom\u00e1tico.<\/p>\n<p data-start=\"321\" data-end=\"508\">Conservada em vidro, mant\u00e9m o frescor, a textura e a pot\u00eancia do sabor por mais tempo. Perfeita para temperar carnes, feij\u00e3o, molhos, caldos, petiscos e diversas prepara\u00e7\u00f5es do dia a dia.<\/p>\n<p data-start=\"510\" data-end=\"538\"><strong data-start=\"510\" data-end=\"538\">Diferenciais do produto:<\/strong><\/p>\n<ul>\n<li data-start=\"541\" data-end=\"586\">Pimenta de ard\u00eancia elevada e sabor intenso<\/li>\n<li data-start=\"589\" data-end=\"626\">Tradicional da culin\u00e1ria brasileira<\/li>\n<li data-start=\"629\" data-end=\"666\">Ideal para molhos e pratos picantes<\/li>\n<li data-start=\"669\" data-end=\"714\">Conservada em vidro para melhor preserva\u00e7\u00e3o<\/li>\n<li data-start=\"717\" data-end=\"742\">Qualidade Aroma D\u2019Minas<\/li>\n<\/ul>\n<p data-start=\"744\" data-end=\"763\"><strong data-start=\"744\" data-end=\"757\">Conte\u00fado:<\/strong> 90g<\/p>\n<p data-start=\"765\" data-end=\"823\" data-is-last-node=\"\" data-is-only-node=\"\">Para quem gosta de intensidade e personalidade na cozinha.<\/p>\n","protected":false},"excerpt":{"rendered":"<ul>\n<li data-start=\"541\" data-end=\"586\">Pimenta de ard\u00eancia elevada e sabor intenso<\/li>\n<li data-start=\"589\" data-end=\"626\">Tradicional da culin\u00e1ria brasileira<\/li>\n<li data-start=\"629\" data-end=\"666\">Ideal para molhos e pratos picantes<\/li>\n<li data-start=\"669\" data-end=\"714\">Conservada em vidro para melhor preserva\u00e7\u00e3o<\/li>\n<li data-start=\"717\" data-end=\"742\">Qualidade Aroma D\u2019Minas<\/li>\n<\/ul>\n","protected":false},"author":43538,"featured_media":246236,"comment_status":"open","ping_status":"closed","template":"","meta":[],"pwb-brand":[],"product_brand":[],"product_cat":[8289,8293,8409,8477],"product_tag":[],"class_list":{"0":"post-246246","1":"product","2":"type-product","3":"status-publish","4":"has-post-thumbnail","6":"product_cat-inicio","7":"product_cat-produtos-brasileiros","8":"product_cat-temperos-molhos-e-legumes","9":"product_cat-pimentas-molhos","11":"first","12":"instock","13":"taxable","14":"shipping-taxable","15":"purchasable","16":"product-type-simple"},"aioseo_notices":[],"brands":[],"_links":{"self":[{"href":"https:\/\/www.delicias-uk.com\/pt-pt\/wp-json\/wp\/v2\/product\/246246","targetHints":{"allow":["GET"]}}],"collection":[{"href":"https:\/\/www.delicias-uk.com\/pt-pt\/wp-json\/wp\/v2\/product"}],"about":[{"href":"https:\/\/www.delicias-uk.com\/pt-pt\/wp-json\/wp\/v2\/types\/product"}],"author":[{"embeddable":true,"href":"https:\/\/www.delicias-uk.com\/pt-pt\/wp-json\/wp\/v2\/users\/43538"}],"replies":[{"embeddable":true,"href":"https:\/\/www.delicias-uk.com\/pt-pt\/wp-json\/wp\/v2\/comments?post=246246"}],"wp:featuredmedia":[{"embeddable":true,"href":"https:\/\/www.delicias-uk.com\/pt-pt\/wp-json\/wp\/v2\/media\/246236"}],"wp:attachment":[{"href":"https:\/\/www.delicias-uk.com\/pt-pt\/wp-json\/wp\/v2\/media?parent=246246"}],"wp:term":[{"taxonomy":"pwb-brand","embeddable":true,"href":"https:\/\/www.delicias-uk.com\/pt-pt\/wp-json\/wp\/v2\/pwb-brand?post=246246"},{"taxonomy":"product_brand","embeddable":true,"href":"https:\/\/www.delicias-uk.com\/pt-pt\/wp-json\/wp\/v2\/product_brand?post=246246"},{"taxonomy":"product_cat","embeddable":true,"href":"https:\/\/www.delicias-uk.com\/pt-pt\/wp-json\/wp\/v2\/product_cat?post=246246"},{"taxonomy":"product_tag","embeddable":true,"href":"https:\/\/www.delicias-uk.com\/pt-pt\/wp-json\/wp\/v2\/product_tag?post=246246"}],"curies":[{"name":"wp","href":"https:\/\/api.w.org\/{rel}","templated":true}]}}