{"id":246227,"date":"2026-01-02T15:04:31","date_gmt":"2026-01-02T15:04:31","guid":{"rendered":"https:\/\/www.delicias-uk.com\/?post_type=product&#038;p=246227"},"modified":"2026-01-02T15:04:33","modified_gmt":"2026-01-02T15:04:33","slug":"sangria-tinta-pipalete-bag-in-box-5l","status":"publish","type":"product","link":"https:\/\/www.delicias-uk.com\/pt-pt\/produto\/sangria-tinta-pipalete-bag-in-box-5l\/","title":{"rendered":"Sangria Tinta Pipalete Bag in Box 5L"},"content":{"rendered":"<p data-start=\"42\" data-end=\"262\">A <strong data-start=\"44\" data-end=\"70\">Sangria Tinta Pipalete<\/strong> \u00e9 uma bebida refrescante e arom\u00e1tica, elaborada a partir de vinho tinto, com notas frutadas e sabor equilibrado, perfeita para momentos descontra\u00eddos e para compartilhar com amigos e fam\u00edlia.<\/p>\n<p data-start=\"264\" data-end=\"486\">A embalagem <strong data-start=\"276\" data-end=\"302\">Bag in Box de 5 litros<\/strong> garante praticidade, excelente rendimento e melhor conserva\u00e7\u00e3o ap\u00f3s aberta, mantendo o sabor e a qualidade por mais tempo. Ideal para servir bem gelada em festas, encontros e eventos.<\/p>\n<p data-start=\"488\" data-end=\"516\"><strong data-start=\"488\" data-end=\"516\">Diferenciais do produto:<\/strong><\/p>\n<ul>\n<li data-start=\"519\" data-end=\"567\">Sangria tinta com perfil frutado e refrescante<\/li>\n<li data-start=\"570\" data-end=\"601\">Sabor equilibrado e agrad\u00e1vel<\/li>\n<li data-start=\"604\" data-end=\"651\">Ideal para festas, eventos e consumo coletivo<\/li>\n<li data-start=\"654\" data-end=\"696\">Embalagem Bag in Box pr\u00e1tica e econ\u00f4mica<\/li>\n<li data-start=\"699\" data-end=\"737\">Conserva melhor a bebida ap\u00f3s aberta<\/li>\n<\/ul>\n<p data-start=\"739\" data-end=\"763\"><strong data-start=\"739\" data-end=\"752\">Conte\u00fado:<\/strong> 5 litros<\/p>\n<p data-start=\"765\" data-end=\"840\" data-is-last-node=\"\" data-is-only-node=\"\">Perfeita para quem busca praticidade, frescor e sabor em grande quantidade.<\/p>\n","protected":false},"excerpt":{"rendered":"<ul>\n<li data-start=\"519\" data-end=\"567\">Sangria tinta com perfil frutado e refrescante<\/li>\n<li data-start=\"570\" data-end=\"601\">Sabor equilibrado e agrad\u00e1vel<\/li>\n<li data-start=\"604\" data-end=\"651\">Ideal para festas, eventos e consumo coletivo<\/li>\n<li data-start=\"654\" data-end=\"696\">Embalagem Bag in Box pr\u00e1tica e econ\u00f4mica<\/li>\n<li data-start=\"699\" data-end=\"737\">Conserva melhor a bebida ap\u00f3s aberta<\/li>\n<\/ul>\n","protected":false},"author":43538,"featured_media":246229,"comment_status":"closed","ping_status":"closed","template":"","meta":[],"pwb-brand":[],"product_brand":[],"product_cat":[8431,8893],"product_tag":[],"class_list":{"0":"post-246227","1":"product","2":"type-product","3":"status-publish","4":"has-post-thumbnail","6":"product_cat-vinhos-pt-pt","7":"product_cat-setubal-peninsula-pt-pt-vinho-branco","9":"first","10":"instock","11":"taxable","12":"shipping-taxable","13":"purchasable","14":"product-type-simple"},"aioseo_notices":[],"brands":[],"_links":{"self":[{"href":"https:\/\/www.delicias-uk.com\/pt-pt\/wp-json\/wp\/v2\/product\/246227","targetHints":{"allow":["GET"]}}],"collection":[{"href":"https:\/\/www.delicias-uk.com\/pt-pt\/wp-json\/wp\/v2\/product"}],"about":[{"href":"https:\/\/www.delicias-uk.com\/pt-pt\/wp-json\/wp\/v2\/types\/product"}],"author":[{"embeddable":true,"href":"https:\/\/www.delicias-uk.com\/pt-pt\/wp-json\/wp\/v2\/users\/43538"}],"replies":[{"embeddable":true,"href":"https:\/\/www.delicias-uk.com\/pt-pt\/wp-json\/wp\/v2\/comments?post=246227"}],"wp:featuredmedia":[{"embeddable":true,"href":"https:\/\/www.delicias-uk.com\/pt-pt\/wp-json\/wp\/v2\/media\/246229"}],"wp:attachment":[{"href":"https:\/\/www.delicias-uk.com\/pt-pt\/wp-json\/wp\/v2\/media?parent=246227"}],"wp:term":[{"taxonomy":"pwb-brand","embeddable":true,"href":"https:\/\/www.delicias-uk.com\/pt-pt\/wp-json\/wp\/v2\/pwb-brand?post=246227"},{"taxonomy":"product_brand","embeddable":true,"href":"https:\/\/www.delicias-uk.com\/pt-pt\/wp-json\/wp\/v2\/product_brand?post=246227"},{"taxonomy":"product_cat","embeddable":true,"href":"https:\/\/www.delicias-uk.com\/pt-pt\/wp-json\/wp\/v2\/product_cat?post=246227"},{"taxonomy":"product_tag","embeddable":true,"href":"https:\/\/www.delicias-uk.com\/pt-pt\/wp-json\/wp\/v2\/product_tag?post=246227"}],"curies":[{"name":"wp","href":"https:\/\/api.w.org\/{rel}","templated":true}]}}