{"id":246217,"date":"2026-01-02T14:34:07","date_gmt":"2026-01-02T14:34:07","guid":{"rendered":"https:\/\/www.delicias-uk.com\/?post_type=product&#038;p=246217"},"modified":"2026-02-09T14:25:39","modified_gmt":"2026-02-09T14:25:39","slug":"salgadinho-yokitos-conchas-de-presunto-153g","status":"publish","type":"product","link":"https:\/\/www.delicias-uk.com\/pt-pt\/produto\/salgadinho-yokitos-conchas-de-presunto-153g\/","title":{"rendered":"Salgadinho Yokitos Conchas de Presunto 153g"},"content":{"rendered":"<p>Uma op\u00e7\u00e3o deliciosa para o lanche da tarde, o salgadinho concha sabor presunto Yokitos \u00e9 assado, enriquecido com ferro e \u00e1cido f\u00f3lico.<\/p>\n","protected":false},"excerpt":{"rendered":"<ul>\n<li>Yokitos Conchas sabor presunto<\/li>\n<li>Embalagem de 153g<\/li>\n<li>Assado<\/li>\n<\/ul>\n","protected":false},"author":43538,"featured_media":246219,"comment_status":"open","ping_status":"closed","template":"","meta":[],"pwb-brand":[],"product_brand":[],"product_cat":[8289,8293,8401,8635],"product_tag":[],"class_list":{"0":"post-246217","1":"product","2":"type-product","3":"status-publish","4":"has-post-thumbnail","6":"product_cat-inicio","7":"product_cat-produtos-brasileiros","8":"product_cat-mercearia-pt-pt","9":"product_cat-snacks-pt-pt","11":"first","12":"outofstock","13":"taxable","14":"shipping-taxable","15":"purchasable","16":"product-type-simple"},"aioseo_notices":[],"brands":[],"_links":{"self":[{"href":"https:\/\/www.delicias-uk.com\/pt-pt\/wp-json\/wp\/v2\/product\/246217","targetHints":{"allow":["GET"]}}],"collection":[{"href":"https:\/\/www.delicias-uk.com\/pt-pt\/wp-json\/wp\/v2\/product"}],"about":[{"href":"https:\/\/www.delicias-uk.com\/pt-pt\/wp-json\/wp\/v2\/types\/product"}],"author":[{"embeddable":true,"href":"https:\/\/www.delicias-uk.com\/pt-pt\/wp-json\/wp\/v2\/users\/43538"}],"replies":[{"embeddable":true,"href":"https:\/\/www.delicias-uk.com\/pt-pt\/wp-json\/wp\/v2\/comments?post=246217"}],"wp:featuredmedia":[{"embeddable":true,"href":"https:\/\/www.delicias-uk.com\/pt-pt\/wp-json\/wp\/v2\/media\/246219"}],"wp:attachment":[{"href":"https:\/\/www.delicias-uk.com\/pt-pt\/wp-json\/wp\/v2\/media?parent=246217"}],"wp:term":[{"taxonomy":"pwb-brand","embeddable":true,"href":"https:\/\/www.delicias-uk.com\/pt-pt\/wp-json\/wp\/v2\/pwb-brand?post=246217"},{"taxonomy":"product_brand","embeddable":true,"href":"https:\/\/www.delicias-uk.com\/pt-pt\/wp-json\/wp\/v2\/product_brand?post=246217"},{"taxonomy":"product_cat","embeddable":true,"href":"https:\/\/www.delicias-uk.com\/pt-pt\/wp-json\/wp\/v2\/product_cat?post=246217"},{"taxonomy":"product_tag","embeddable":true,"href":"https:\/\/www.delicias-uk.com\/pt-pt\/wp-json\/wp\/v2\/product_tag?post=246217"}],"curies":[{"name":"wp","href":"https:\/\/api.w.org\/{rel}","templated":true}]}}