{"id":246200,"date":"2026-01-02T12:51:08","date_gmt":"2026-01-02T12:51:08","guid":{"rendered":"https:\/\/www.delicias-uk.com\/?post_type=product&#038;p=246200"},"modified":"2026-03-19T12:09:36","modified_gmt":"2026-03-19T12:09:36","slug":"guarana-jesus-lata-350ml","status":"publish","type":"product","link":"https:\/\/www.delicias-uk.com\/pt-pt\/produto\/guarana-jesus-lata-350ml\/","title":{"rendered":"Guaran\u00e1 Jesus Lata 350ml"},"content":{"rendered":"<p data-start=\"30\" data-end=\"257\">O <strong data-start=\"32\" data-end=\"49\">Guaran\u00e1 Jesus<\/strong> \u00e9 um refrigerante brasileiro ic\u00f4nico, conhecido por sua cor rosa inconfund\u00edvel e sabor doce e arom\u00e1tico. Origin\u00e1rio do Maranh\u00e3o, oferece uma experi\u00eancia \u00fanica e marcante, diferente dos guaran\u00e1s tradicionais.<\/p>\n<p data-start=\"259\" data-end=\"406\">Levemente gaseificado e refrescante, \u00e9 ideal para ser consumido bem gelado em qualquer momento do dia, sozinho ou acompanhando refei\u00e7\u00f5es e lanches.<\/p>\n<p data-start=\"408\" data-end=\"436\"><strong data-start=\"408\" data-end=\"436\">Diferenciais do produto:<\/strong><\/p>\n<ul>\n<li data-start=\"439\" data-end=\"487\">Refrigerante de guaran\u00e1 tradicional brasileiro<\/li>\n<li data-start=\"490\" data-end=\"514\">Sabor doce e arom\u00e1tico<\/li>\n<li data-start=\"517\" data-end=\"542\">Cor rosa caracter\u00edstica<\/li>\n<li data-start=\"545\" data-end=\"575\">Refrescante e f\u00e1cil de beber<\/li>\n<li data-start=\"578\" data-end=\"606\">Ideal para consumir gelado<\/li>\n<\/ul>\n<p data-start=\"608\" data-end=\"629\"><strong data-start=\"608\" data-end=\"621\">Conte\u00fado:<\/strong> 350ml<\/p>\n<p data-start=\"631\" data-end=\"705\" data-is-last-node=\"\" data-is-only-node=\"\">Um cl\u00e1ssico brasileiro aut\u00eantico, com personalidade e sabor incompar\u00e1veis.<\/p>\n","protected":false},"excerpt":{"rendered":"<ul>\n<li data-start=\"439\" data-end=\"487\">Refrigerante de guaran\u00e1 tradicional brasileiro<\/li>\n<li data-start=\"490\" data-end=\"514\">Sabor doce e arom\u00e1tico<\/li>\n<li data-start=\"517\" data-end=\"542\">Cor rosa caracter\u00edstica<\/li>\n<li data-start=\"545\" data-end=\"575\">Refrescante e f\u00e1cil de beber<\/li>\n<li data-start=\"578\" data-end=\"606\">Ideal para consumir gelado<\/li>\n<\/ul>\n","protected":false},"author":43538,"featured_media":246194,"comment_status":"closed","ping_status":"closed","template":"","meta":[],"pwb-brand":[],"product_brand":[],"product_cat":[8293,8415,8621,8499,8347],"product_tag":[],"class_list":{"0":"post-246200","1":"product","2":"type-product","3":"status-publish","4":"has-post-thumbnail","6":"product_cat-produtos-brasileiros","7":"product_cat-bebidas","8":"product_cat-refrigerantes-pt-pt","9":"product_cat-sem-glutem","10":"product_cat-vegetariano","12":"first","13":"outofstock","14":"taxable","15":"shipping-taxable","16":"purchasable","17":"product-type-simple"},"aioseo_notices":[],"brands":[],"_links":{"self":[{"href":"https:\/\/www.delicias-uk.com\/pt-pt\/wp-json\/wp\/v2\/product\/246200","targetHints":{"allow":["GET"]}}],"collection":[{"href":"https:\/\/www.delicias-uk.com\/pt-pt\/wp-json\/wp\/v2\/product"}],"about":[{"href":"https:\/\/www.delicias-uk.com\/pt-pt\/wp-json\/wp\/v2\/types\/product"}],"author":[{"embeddable":true,"href":"https:\/\/www.delicias-uk.com\/pt-pt\/wp-json\/wp\/v2\/users\/43538"}],"replies":[{"embeddable":true,"href":"https:\/\/www.delicias-uk.com\/pt-pt\/wp-json\/wp\/v2\/comments?post=246200"}],"wp:featuredmedia":[{"embeddable":true,"href":"https:\/\/www.delicias-uk.com\/pt-pt\/wp-json\/wp\/v2\/media\/246194"}],"wp:attachment":[{"href":"https:\/\/www.delicias-uk.com\/pt-pt\/wp-json\/wp\/v2\/media?parent=246200"}],"wp:term":[{"taxonomy":"pwb-brand","embeddable":true,"href":"https:\/\/www.delicias-uk.com\/pt-pt\/wp-json\/wp\/v2\/pwb-brand?post=246200"},{"taxonomy":"product_brand","embeddable":true,"href":"https:\/\/www.delicias-uk.com\/pt-pt\/wp-json\/wp\/v2\/product_brand?post=246200"},{"taxonomy":"product_cat","embeddable":true,"href":"https:\/\/www.delicias-uk.com\/pt-pt\/wp-json\/wp\/v2\/product_cat?post=246200"},{"taxonomy":"product_tag","embeddable":true,"href":"https:\/\/www.delicias-uk.com\/pt-pt\/wp-json\/wp\/v2\/product_tag?post=246200"}],"curies":[{"name":"wp","href":"https:\/\/api.w.org\/{rel}","templated":true}]}}