{"id":246184,"date":"2026-01-02T12:27:10","date_gmt":"2026-01-02T12:27:10","guid":{"rendered":"https:\/\/www.delicias-uk.com\/?post_type=product&#038;p=246184"},"modified":"2026-01-02T12:59:22","modified_gmt":"2026-01-02T12:59:22","slug":"achocolatado-em-po-nescau-200g","status":"publish","type":"product","link":"https:\/\/www.delicias-uk.com\/pt-pt\/produto\/achocolatado-em-po-nescau-200g\/","title":{"rendered":"Achocolatado em P\u00f3 Nescau 200g"},"content":{"rendered":"<p data-start=\"36\" data-end=\"299\">O <strong data-start=\"38\" data-end=\"67\">Achocolatado em P\u00f3 Nescau<\/strong> \u00e9 a escolha perfeita para quem busca sabor intenso de chocolate e energia para o dia a dia. Com sua f\u00f3rmula tradicional e inconfund\u00edvel, dissolve facilmente no leite, proporcionando uma bebida cremosa e deliciosa, quente ou gelada.<\/p>\n<p data-start=\"301\" data-end=\"452\">Enriquecido com vitaminas e minerais, Nescau \u00e9 ideal para acompanhar o caf\u00e9 da manh\u00e3 ou o lanche, ajudando a come\u00e7ar o dia com mais disposi\u00e7\u00e3o e sabor.<\/p>\n<p data-start=\"454\" data-end=\"482\"><strong data-start=\"454\" data-end=\"482\">Diferenciais do produto:<\/strong><\/p>\n<ul>\n<li data-start=\"485\" data-end=\"524\">Sabor cl\u00e1ssico e intenso de chocolate<\/li>\n<li data-start=\"527\" data-end=\"545\">F\u00e1cil dissolu\u00e7\u00e3o<\/li>\n<li data-start=\"548\" data-end=\"579\">Fonte de vitaminas e minerais<\/li>\n<li data-start=\"582\" data-end=\"619\">Ideal para bebidas quentes ou frias<\/li>\n<li data-start=\"622\" data-end=\"652\">Perfeito para toda a fam\u00edlia<\/li>\n<\/ul>\n<p data-start=\"654\" data-end=\"674\"><strong data-start=\"654\" data-end=\"667\">Conte\u00fado:<\/strong> 200g<\/p>\n","protected":false},"excerpt":{"rendered":"<ul style=\"list-style-type: disc;\">\n<li>Peso l\u00edquido 200g<\/li>\n<li data-start=\"485\" data-end=\"524\">Sabor cl\u00e1ssico e intenso de chocolate<\/li>\n<li data-start=\"527\" data-end=\"545\">F\u00e1cil dissolu\u00e7\u00e3o<\/li>\n<li data-start=\"548\" data-end=\"579\">Fonte de vitaminas e minerais<\/li>\n<li data-start=\"582\" data-end=\"619\">Ideal para bebidas quentes ou frias<\/li>\n<li data-start=\"622\" data-end=\"652\">Perfeito para toda a fam\u00edlia<\/li>\n<\/ul>\n","protected":false},"author":43538,"featured_media":246207,"comment_status":"open","ping_status":"closed","template":"","meta":[],"pwb-brand":[],"product_brand":[],"product_cat":[8289,8293,8499],"product_tag":[],"class_list":{"0":"post-246184","1":"product","2":"type-product","3":"status-publish","4":"has-post-thumbnail","6":"product_cat-inicio","7":"product_cat-produtos-brasileiros","8":"product_cat-sem-glutem","10":"first","11":"instock","12":"taxable","13":"shipping-taxable","14":"purchasable","15":"product-type-simple"},"aioseo_notices":[],"brands":[],"_links":{"self":[{"href":"https:\/\/www.delicias-uk.com\/pt-pt\/wp-json\/wp\/v2\/product\/246184","targetHints":{"allow":["GET"]}}],"collection":[{"href":"https:\/\/www.delicias-uk.com\/pt-pt\/wp-json\/wp\/v2\/product"}],"about":[{"href":"https:\/\/www.delicias-uk.com\/pt-pt\/wp-json\/wp\/v2\/types\/product"}],"author":[{"embeddable":true,"href":"https:\/\/www.delicias-uk.com\/pt-pt\/wp-json\/wp\/v2\/users\/43538"}],"replies":[{"embeddable":true,"href":"https:\/\/www.delicias-uk.com\/pt-pt\/wp-json\/wp\/v2\/comments?post=246184"}],"wp:featuredmedia":[{"embeddable":true,"href":"https:\/\/www.delicias-uk.com\/pt-pt\/wp-json\/wp\/v2\/media\/246207"}],"wp:attachment":[{"href":"https:\/\/www.delicias-uk.com\/pt-pt\/wp-json\/wp\/v2\/media?parent=246184"}],"wp:term":[{"taxonomy":"pwb-brand","embeddable":true,"href":"https:\/\/www.delicias-uk.com\/pt-pt\/wp-json\/wp\/v2\/pwb-brand?post=246184"},{"taxonomy":"product_brand","embeddable":true,"href":"https:\/\/www.delicias-uk.com\/pt-pt\/wp-json\/wp\/v2\/product_brand?post=246184"},{"taxonomy":"product_cat","embeddable":true,"href":"https:\/\/www.delicias-uk.com\/pt-pt\/wp-json\/wp\/v2\/product_cat?post=246184"},{"taxonomy":"product_tag","embeddable":true,"href":"https:\/\/www.delicias-uk.com\/pt-pt\/wp-json\/wp\/v2\/product_tag?post=246184"}],"curies":[{"name":"wp","href":"https:\/\/api.w.org\/{rel}","templated":true}]}}