{"id":245831,"date":"2025-12-23T12:39:26","date_gmt":"2025-12-23T12:39:26","guid":{"rendered":"https:\/\/www.delicias-uk.com\/?post_type=product&#038;p=245831"},"modified":"2025-12-23T12:43:25","modified_gmt":"2025-12-23T12:43:25","slug":"salsichas-hotdog-nobre-com-sweet-chilli-430g","status":"publish","type":"product","link":"https:\/\/www.delicias-uk.com\/pt-pt\/produto\/salsichas-hotdog-nobre-com-sweet-chilli-430g\/","title":{"rendered":"Salsichas Hotdog Nobre com Sweet Chilli 430g"},"content":{"rendered":"<p data-start=\"92\" data-end=\"383\">As <strong data-start=\"95\" data-end=\"138\">Salsichas Hotdog Nobre com Sweet Chilli<\/strong> combinam o sabor cl\u00e1ssico das salsichas com um molho sweet chilli, que equilibra na perfei\u00e7\u00e3o a <strong data-start=\"235\" data-end=\"277\">do\u00e7ura e um toque ligeiramente picante<\/strong>. Uma op\u00e7\u00e3o pr\u00e1tica e saborosa, ideal para quem gosta de um twist mais intenso nas refei\u00e7\u00f5es do dia a dia.<\/p>\n<p data-start=\"385\" data-end=\"577\">Prontas a consumir e apresentadas em <strong data-start=\"422\" data-end=\"449\">embalagem de vidro (VD)<\/strong>, s\u00e3o perfeitas para cachorros-quentes, sandu\u00edches ou refei\u00e7\u00f5es r\u00e1pidas, garantindo sempre a qualidade e confian\u00e7a da <strong data-start=\"567\" data-end=\"576\">Nobre<\/strong>.<\/p>\n<p data-start=\"579\" data-end=\"599\"><strong data-start=\"579\" data-end=\"599\">Caracter\u00edsticas:<\/strong><\/p>\n<ul>\n<li data-start=\"602\" data-end=\"643\">Salsichas hotdog com molho sweet chilli<\/li>\n<li data-start=\"646\" data-end=\"676\">Sabor doce com toque picante<\/li>\n<li data-start=\"679\" data-end=\"699\">Prontas a consumir<\/li>\n<li data-start=\"702\" data-end=\"742\">Ideais para cachorros-quentes e snacks<\/li>\n<li data-start=\"745\" data-end=\"768\">Embalagem em vidro (VD)<\/li>\n<\/ul>\n<p data-start=\"770\" data-end=\"860\" data-is-last-node=\"\" data-is-only-node=\"\">Uma escolha pr\u00e1tica e cheia de sabor para tornar os teus hotdogs ainda mais irresist\u00edveis.<\/p>\n","protected":false},"excerpt":{"rendered":"<ul>\n<li data-start=\"602\" data-end=\"643\">Salsichas hotdog com molho sweet chilli<\/li>\n<li data-start=\"646\" data-end=\"676\">Sabor doce com toque picante<\/li>\n<li data-start=\"679\" data-end=\"699\">Prontas a consumir<\/li>\n<li data-start=\"702\" data-end=\"742\">Ideais para cachorros-quentes e snacks<\/li>\n<li data-start=\"745\" data-end=\"768\">Embalagem em vidro (VD)<\/li>\n<\/ul>\n","protected":false},"author":43538,"featured_media":245833,"comment_status":"closed","ping_status":"closed","template":"","meta":[],"pwb-brand":[],"product_brand":[],"product_cat":[8291,8337,8663],"product_tag":[],"class_list":{"0":"post-245831","1":"product","2":"type-product","3":"status-publish","4":"has-post-thumbnail","6":"product_cat-produtos-portugueses","7":"product_cat-charcutaria","8":"product_cat-chourico-e-salsicha","10":"first","11":"instock","12":"taxable","13":"shipping-taxable","14":"purchasable","15":"product-type-simple"},"aioseo_notices":[],"brands":[],"_links":{"self":[{"href":"https:\/\/www.delicias-uk.com\/pt-pt\/wp-json\/wp\/v2\/product\/245831","targetHints":{"allow":["GET"]}}],"collection":[{"href":"https:\/\/www.delicias-uk.com\/pt-pt\/wp-json\/wp\/v2\/product"}],"about":[{"href":"https:\/\/www.delicias-uk.com\/pt-pt\/wp-json\/wp\/v2\/types\/product"}],"author":[{"embeddable":true,"href":"https:\/\/www.delicias-uk.com\/pt-pt\/wp-json\/wp\/v2\/users\/43538"}],"replies":[{"embeddable":true,"href":"https:\/\/www.delicias-uk.com\/pt-pt\/wp-json\/wp\/v2\/comments?post=245831"}],"wp:featuredmedia":[{"embeddable":true,"href":"https:\/\/www.delicias-uk.com\/pt-pt\/wp-json\/wp\/v2\/media\/245833"}],"wp:attachment":[{"href":"https:\/\/www.delicias-uk.com\/pt-pt\/wp-json\/wp\/v2\/media?parent=245831"}],"wp:term":[{"taxonomy":"pwb-brand","embeddable":true,"href":"https:\/\/www.delicias-uk.com\/pt-pt\/wp-json\/wp\/v2\/pwb-brand?post=245831"},{"taxonomy":"product_brand","embeddable":true,"href":"https:\/\/www.delicias-uk.com\/pt-pt\/wp-json\/wp\/v2\/product_brand?post=245831"},{"taxonomy":"product_cat","embeddable":true,"href":"https:\/\/www.delicias-uk.com\/pt-pt\/wp-json\/wp\/v2\/product_cat?post=245831"},{"taxonomy":"product_tag","embeddable":true,"href":"https:\/\/www.delicias-uk.com\/pt-pt\/wp-json\/wp\/v2\/product_tag?post=245831"}],"curies":[{"name":"wp","href":"https:\/\/api.w.org\/{rel}","templated":true}]}}